{"id":11949,"date":"2025-02-27T17:57:37","date_gmt":"2025-02-27T17:57:37","guid":{"rendered":"https:\/\/www.laxmiusedmachine.com\/?post_type=product&#038;p=11949"},"modified":"2025-06-20T10:27:41","modified_gmt":"2025-06-20T10:27:41","slug":"gear-hobbing-hurth-wf280","status":"publish","type":"product","link":"https:\/\/www.laxmiusedmachine.com\/fr\/prodotto\/gear-hobbing-hurth-wf280\/","title":{"rendered":"TAILLEUR D&#039;ENGRENAGES, HURTH \u2013 WF280"},"content":{"rendered":"<div id=\"fws_69dea7551ad17\"  data-column-margin=\"default\" data-midnight=\"dark\"  class=\"wpb_row vc_row-fluid vc_row\"  style=\"padding-top: 0px; padding-bottom: 0px; \"><div class=\"row-bg-wrap\" data-bg-animation=\"none\" data-bg-animation-delay=\"\" data-bg-overlay=\"false\"><div class=\"inner-wrap row-bg-layer\" ><div class=\"row-bg viewport-desktop\"  style=\"\"><\/div><\/div><\/div><div class=\"row_col_wrap_12 col span_12 dark left\">\n\t<div  class=\"vc_col-sm-4 wpb_column column_container vc_column_container col no-extra-padding inherit_tablet inherit_phone\"  data-padding-pos=\"all\" data-has-bg-color=\"false\" data-bg-color=\"\" data-bg-opacity=\"1\" data-animation=\"\" data-delay=\"0\" >\n\t\t<div class=\"vc_column-inner\" >\n\t\t\t<div class=\"wpb_wrapper\">\n\t\t\t\t\n\t\t\t<\/div> \n\t\t<\/div>\n\t<\/div> \n\n\t<div  class=\"vc_col-sm-4 wpb_column column_container vc_column_container col no-extra-padding inherit_tablet inherit_phone\"  data-padding-pos=\"all\" data-has-bg-color=\"false\" data-bg-color=\"\" data-bg-opacity=\"1\" data-animation=\"\" data-delay=\"0\" >\n\t\t<div class=\"vc_column-inner\" >\n\t\t\t<div class=\"wpb_wrapper\">\n\t\t\t\t<div class=\"nectar-fancy-ul\" data-list-icon=\"linecon-icon-settings\" data-animation=\"false\" data-animation-delay=\"0\" data-color=\"accent-color\" data-spacing=\"default\" data-alignment=\"left\"> \n<p style=\"text-align: center;\"><strong>TARAGE D&#039;ENGRENAGES, <\/strong><strong>Blessure \u2013 WF 280<\/strong><\/p>\n<ul>\n<li style=\"text-align: center;\">Diam\u00e8tre maximal de la pi\u00e8ce : 300 mm<\/li>\n<li style=\"text-align: center;\">Max. module : 6<\/li>\n<li style=\"text-align: center;\">Largeur maximale de la face de la fraise pour engrenages droits : 250 mm<\/li>\n<li style=\"text-align: center;\">Nombre minimal de dents : 6<\/li>\n<li style=\"text-align: center;\">Angle d&#039;h\u00e9lice : +50\u00b0 \/- 45\u00b0<\/li>\n<li style=\"text-align: center;\">Zone de travail<\/li>\n<li style=\"text-align: center;\">Distance min.\/max. entre la fraise et la table : 25 \/ 260 mm<\/li>\n<li style=\"text-align: center;\">Distance min.\/max. table pi\u00e8ce \u2013 axe de coupe : 200\/450 mm<\/li>\n<li style=\"text-align: center;\">Course maximale du chariot de la plaque de cuisson : 250 mm<\/li>\n<li style=\"text-align: center;\">Distance min.\/max. entre la table et le support : 350\/650 mm<\/li>\n<li style=\"text-align: center;\">Course maximale du plateau : 300 mm<\/li>\n<li style=\"text-align: center;\">Diam\u00e8tre de l&#039;al\u00e9sage de la table (\u00d8 x profondeur) : 100 x 315 mm<\/li>\n<li style=\"text-align: center;\">Course maximale du coulisseau de d\u00e9placement (course Z) : 170 mm<\/li>\n<li style=\"text-align: center;\">Espace requis : environ 4,8 x 3,0 x 2,5 m<\/li>\n<li style=\"text-align: center;\">Poids de la machine : environ 13 000 kg<\/li>\n<\/ul>\n<p style=\"text-align: center;\"><strong>Autres informations:<\/strong><br \/>\nLa machine est compl\u00e8te, avec toutes ses pi\u00e8ces et accessoires.<\/p>\n <\/div>\n\t\t\t<\/div> \n\t\t<\/div>\n\t<\/div> \n\n\t<div  class=\"vc_col-sm-4 wpb_column column_container vc_column_container col no-extra-padding inherit_tablet inherit_phone\"  data-padding-pos=\"all\" data-has-bg-color=\"false\" data-bg-color=\"\" data-bg-opacity=\"1\" data-animation=\"\" data-delay=\"0\" >\n\t\t<div class=\"vc_column-inner\" >\n\t\t\t<div class=\"wpb_wrapper\">\n\t\t\t\t\n\t\t\t<\/div> \n\t\t<\/div>\n\t<\/div> \n<\/div><\/div>","protected":false},"excerpt":{"rendered":"<p>Voici notre <strong>TARAGE D&#039;ENGRENAGES,<\/strong><\/p>\n<p>Il est en excellent \u00e9tat, pour toute information compl\u00e9mentaire, nous sommes \u00e0 votre disposition !<\/p>","protected":false},"featured_media":11960,"comment_status":"closed","ping_status":"closed","template":"","meta":[],"product_brand":[],"product_cat":[18],"product_tag":[232,1318],"class_list":{"0":"post-11949","1":"product","2":"type-product","3":"status-publish","4":"has-post-thumbnail","6":"product_cat-gear-hobbing-machines","7":"product_tag-gear-hobbing","8":"product_tag-hurth-wf-280","9":"pa_luogo-italia","11":"first","12":"instock","13":"shipping-taxable","14":"product-type-simple"},"_links":{"self":[{"href":"https:\/\/www.laxmiusedmachine.com\/fr\/wp-json\/wp\/v2\/product\/11949","targetHints":{"allow":["GET"]}}],"collection":[{"href":"https:\/\/www.laxmiusedmachine.com\/fr\/wp-json\/wp\/v2\/product"}],"about":[{"href":"https:\/\/www.laxmiusedmachine.com\/fr\/wp-json\/wp\/v2\/types\/product"}],"replies":[{"embeddable":true,"href":"https:\/\/www.laxmiusedmachine.com\/fr\/wp-json\/wp\/v2\/comments?post=11949"}],"wp:featuredmedia":[{"embeddable":true,"href":"https:\/\/www.laxmiusedmachine.com\/fr\/wp-json\/wp\/v2\/media\/11960"}],"wp:attachment":[{"href":"https:\/\/www.laxmiusedmachine.com\/fr\/wp-json\/wp\/v2\/media?parent=11949"}],"wp:term":[{"taxonomy":"product_brand","embeddable":true,"href":"https:\/\/www.laxmiusedmachine.com\/fr\/wp-json\/wp\/v2\/product_brand?post=11949"},{"taxonomy":"product_cat","embeddable":true,"href":"https:\/\/www.laxmiusedmachine.com\/fr\/wp-json\/wp\/v2\/product_cat?post=11949"},{"taxonomy":"product_tag","embeddable":true,"href":"https:\/\/www.laxmiusedmachine.com\/fr\/wp-json\/wp\/v2\/product_tag?post=11949"}],"curies":[{"name":"wp","href":"https:\/\/api.w.org\/{rel}","templated":true}]}}