{"id":11599,"date":"2024-10-28T11:38:07","date_gmt":"2024-10-28T11:38:07","guid":{"rendered":"https:\/\/www.laxmiusedmachine.com\/?post_type=product&#038;p=11599"},"modified":"2025-01-23T08:58:43","modified_gmt":"2025-01-23T08:58:43","slug":"3-axis-cnc-vertical-turning-center-doosan-v740-m","status":"publish","type":"product","link":"https:\/\/www.laxmiusedmachine.com\/fr\/prodotto\/3-axis-cnc-vertical-turning-center-doosan-v740-m\/","title":{"rendered":"CENTRE DE TOURNAGE VERTICAL CNC 3 AXES, DOOSAN \u2013 V740 M"},"content":{"rendered":"<div id=\"fws_69eb8a4ef1480\"  data-column-margin=\"default\" data-midnight=\"dark\"  class=\"wpb_row vc_row-fluid vc_row\"  style=\"padding-top: 0px; padding-bottom: 0px; \"><div class=\"row-bg-wrap\" data-bg-animation=\"none\" data-bg-animation-delay=\"\" data-bg-overlay=\"false\"><div class=\"inner-wrap row-bg-layer\" ><div class=\"row-bg viewport-desktop\"  style=\"\"><\/div><\/div><\/div><div class=\"row_col_wrap_12 col span_12 dark left\">\n\t<div  class=\"vc_col-sm-4 wpb_column column_container vc_column_container col no-extra-padding inherit_tablet inherit_phone\"  data-padding-pos=\"all\" data-has-bg-color=\"false\" data-bg-color=\"\" data-bg-opacity=\"1\" data-animation=\"\" data-delay=\"0\" >\n\t\t<div class=\"vc_column-inner\" >\n\t\t\t<div class=\"wpb_wrapper\">\n\t\t\t\t\n\t\t\t<\/div> \n\t\t<\/div>\n\t<\/div> \n\n\t<div  class=\"vc_col-sm-4 wpb_column column_container vc_column_container col no-extra-padding inherit_tablet inherit_phone\"  data-padding-pos=\"all\" data-has-bg-color=\"false\" data-bg-color=\"\" data-bg-opacity=\"1\" data-animation=\"\" data-delay=\"0\" >\n\t\t<div class=\"vc_column-inner\" >\n\t\t\t<div class=\"wpb_wrapper\">\n\t\t\t\t<div class=\"nectar-fancy-ul\" data-list-icon=\"linecon-icon-settings\" data-animation=\"false\" data-animation-delay=\"0\" data-color=\"accent-color\" data-spacing=\"default\" data-alignment=\"left\"> \n<p style=\"text-align: center;\"><strong>Tour vertical CNC 3 axes<\/strong><\/p>\n<p style=\"text-align: center;\"><em><strong>AVEC DES OUTILS EN DIRECT !!<\/strong><\/em><\/p>\n<ul>\n<li style=\"text-align: center;\"><strong>Fabricant: <\/strong>DOOSAN<\/li>\n<li style=\"text-align: center;\"><strong>Mod\u00e8le : V740 M<\/strong><\/li>\n<li style=\"text-align: center;\"><strong>CNC\u00a0: <\/strong>GE Fanuc S\u00e9rie 21i TB<\/li>\n<li style=\"text-align: center;\"><strong>Ann\u00e9e de fabrication : 2006<\/strong><\/li>\n<li style=\"text-align: center;\"><strong>Max. Diam\u00e8tre de braquage\u00a0:<\/strong> 740 mm<\/li>\n<li style=\"text-align: center;\"><strong>Diam\u00e8tre de rotation maximal :<\/strong> 800 millim\u00e8tres<\/li>\n<li style=\"text-align: center;\"><strong>Broche :<\/strong> 2000 tr\/min \u2013 30-37 kW \u2013 ASA 11<\/li>\n<li style=\"text-align: center;\"><strong>Axe X<\/strong> : 380 mm<\/li>\n<li style=\"text-align: center;\"><strong>axe z<\/strong> : 760 mm<\/li>\n<li style=\"text-align: center;\"><strong>Mouvement rapide XZ<\/strong> : 20 m\/min<\/li>\n<\/ul>\n<p style=\"text-align: center;\"><strong>Autres informations:<br \/>\n<\/strong>La machine est en excellent \u00e9tat et est compl\u00e8te en toutes ses pi\u00e8ces et accessoires.<\/p>\n <\/div>\n\t\t\t<\/div> \n\t\t<\/div>\n\t<\/div> \n\n\t<div  class=\"vc_col-sm-4 wpb_column column_container vc_column_container col no-extra-padding inherit_tablet inherit_phone\"  data-padding-pos=\"all\" data-has-bg-color=\"false\" data-bg-color=\"\" data-bg-opacity=\"1\" data-animation=\"\" data-delay=\"0\" >\n\t\t<div class=\"vc_column-inner\" >\n\t\t\t<div class=\"wpb_wrapper\">\n\t\t\t\t\n\t\t\t<\/div> \n\t\t<\/div>\n\t<\/div> \n<\/div><\/div>","protected":false},"excerpt":{"rendered":"<p>Voici notre <b>CENTRE DE TOURNAGE VERTICAL CNC,\u00a0<\/b><\/p>\n<p>Il est en excellent \u00e9tat, pour tout renseignement compl\u00e9mentaire nous sommes \u00e0 votre disposition.<\/p>","protected":false},"featured_media":11600,"comment_status":"closed","ping_status":"closed","template":"","meta":[],"product_brand":[],"product_cat":[24],"product_tag":[1298,1299,156],"class_list":{"0":"post-11599","1":"product","2":"type-product","3":"status-publish","4":"has-post-thumbnail","6":"product_cat-cnc-lathe-machines","7":"product_tag-cnc-vertical-turning-center","8":"product_tag-doosan-v740-m","9":"product_tag-tornio-cnc","10":"pa_luogo-italia","12":"first","13":"instock","14":"shipping-taxable","15":"product-type-simple"},"_links":{"self":[{"href":"https:\/\/www.laxmiusedmachine.com\/fr\/wp-json\/wp\/v2\/product\/11599","targetHints":{"allow":["GET"]}}],"collection":[{"href":"https:\/\/www.laxmiusedmachine.com\/fr\/wp-json\/wp\/v2\/product"}],"about":[{"href":"https:\/\/www.laxmiusedmachine.com\/fr\/wp-json\/wp\/v2\/types\/product"}],"replies":[{"embeddable":true,"href":"https:\/\/www.laxmiusedmachine.com\/fr\/wp-json\/wp\/v2\/comments?post=11599"}],"wp:featuredmedia":[{"embeddable":true,"href":"https:\/\/www.laxmiusedmachine.com\/fr\/wp-json\/wp\/v2\/media\/11600"}],"wp:attachment":[{"href":"https:\/\/www.laxmiusedmachine.com\/fr\/wp-json\/wp\/v2\/media?parent=11599"}],"wp:term":[{"taxonomy":"product_brand","embeddable":true,"href":"https:\/\/www.laxmiusedmachine.com\/fr\/wp-json\/wp\/v2\/product_brand?post=11599"},{"taxonomy":"product_cat","embeddable":true,"href":"https:\/\/www.laxmiusedmachine.com\/fr\/wp-json\/wp\/v2\/product_cat?post=11599"},{"taxonomy":"product_tag","embeddable":true,"href":"https:\/\/www.laxmiusedmachine.com\/fr\/wp-json\/wp\/v2\/product_tag?post=11599"}],"curies":[{"name":"wp","href":"https:\/\/api.w.org\/{rel}","templated":true}]}}