{"id":11050,"date":"2024-04-27T05:46:19","date_gmt":"2024-04-27T05:46:19","guid":{"rendered":"https:\/\/www.laxmiusedmachine.com\/?post_type=product&#038;p=11050"},"modified":"2026-02-11T12:50:33","modified_gmt":"2026-02-11T12:50:33","slug":"automatic-gear-grinder-reishauer-rz-300e-2","status":"publish","type":"product","link":"https:\/\/www.laxmiusedmachine.com\/fr\/prodotto\/automatic-gear-grinder-reishauer-rz-300e-2\/","title":{"rendered":"RECTIFIEUSE D&#039;ENGRENAGES AUTOMATIQUE, REISHAUER \u2013 RZ 300E"},"content":{"rendered":"<div id=\"fws_69e1989da5df3\"  data-column-margin=\"default\" data-midnight=\"dark\"  class=\"wpb_row vc_row-fluid vc_row\"  style=\"padding-top: 0px; padding-bottom: 0px; \"><div class=\"row-bg-wrap\" data-bg-animation=\"none\" data-bg-animation-delay=\"\" data-bg-overlay=\"false\"><div class=\"inner-wrap row-bg-layer\" ><div class=\"row-bg viewport-desktop\"  style=\"\"><\/div><\/div><\/div><div class=\"row_col_wrap_12 col span_12 dark left\">\n\t<div  class=\"vc_col-sm-4 wpb_column column_container vc_column_container col no-extra-padding inherit_tablet inherit_phone\"  data-padding-pos=\"all\" data-has-bg-color=\"false\" data-bg-color=\"\" data-bg-opacity=\"1\" data-animation=\"\" data-delay=\"0\" >\n\t\t<div class=\"vc_column-inner\" >\n\t\t\t<div class=\"wpb_wrapper\">\n\t\t\t\t\n\t\t\t<\/div> \n\t\t<\/div>\n\t<\/div> \n\n\t<div  class=\"vc_col-sm-4 wpb_column column_container vc_column_container col no-extra-padding inherit_tablet inherit_phone\"  data-padding-pos=\"all\" data-has-bg-color=\"false\" data-bg-color=\"\" data-bg-opacity=\"1\" data-animation=\"\" data-delay=\"0\" >\n\t\t<div class=\"vc_column-inner\" >\n\t\t\t<div class=\"wpb_wrapper\">\n\t\t\t\t<div class=\"nectar-fancy-ul\" data-list-icon=\"linecon-icon-settings\" data-animation=\"false\" data-animation-delay=\"0\" data-color=\"accent-color\" data-spacing=\"default\" data-alignment=\"left\"> \n<p style=\"text-align: center;\"><span style=\"color: #008000;\"><em><strong>MEULEUSE D&#039;ENGRENAGES AUTOMATIQUE DE HAUTE PR\u00c9CISION<\/strong><\/em><\/span><\/p>\n<ul>\n<li style=\"text-align: center;\"><span style=\"color: #008000;\">Marque : REISHAUER<\/span><\/li>\n<li style=\"text-align: center;\"><span style=\"color: #008000;\">Mod\u00e8le : RZ 300E<\/span><\/li>\n<li style=\"text-align: center;\"><em><strong>ANN\u00c9E : 1989 (mod\u00e8le r\u00e9cent)<\/strong><\/em><\/li>\n<li style=\"text-align: center;\"><em><strong>avec NOUVEAU SYST\u00c8ME DE REFROIDISSEMENT + NOUVELLE UNIT\u00c9 DE FILTRATION D&#039;HUILE<\/strong><\/em><\/li>\n<li style=\"text-align: center;\">Diam\u00e8tre max. : 300 mm<\/li>\n<li style=\"text-align: center;\">Module\u00a0: 05-5<\/li>\n<li style=\"text-align: center;\">Longueur de serrage maximale : 420 mm<\/li>\n<li style=\"text-align: center;\">Poids maximum de la pi\u00e8ce : 60 kg<\/li>\n<li style=\"text-align: center;\">Nombre minimum de dents : 7<\/li>\n<li style=\"text-align: center;\">Nombre maximum de dents : 256<\/li>\n<li style=\"text-align: center;\">Dimensions des meules :<\/li>\n<li style=\"text-align: center;\">Diam\u00e8tre min. : 270 mm<\/li>\n<li style=\"text-align: center;\">Diam\u00e8tre maximal : 350 mm<\/li>\n<\/ul>\n <\/div>\n\t\t\t<\/div> \n\t\t<\/div>\n\t<\/div> \n\n\t<div  class=\"vc_col-sm-4 wpb_column column_container vc_column_container col no-extra-padding inherit_tablet inherit_phone\"  data-padding-pos=\"all\" data-has-bg-color=\"false\" data-bg-color=\"\" data-bg-opacity=\"1\" data-animation=\"\" data-delay=\"0\" >\n\t\t<div class=\"vc_column-inner\" >\n\t\t\t<div class=\"wpb_wrapper\">\n\t\t\t\t\n\t\t\t<\/div> \n\t\t<\/div>\n\t<\/div> \n<\/div><\/div>","protected":false},"excerpt":{"rendered":"<p>Voici notre <strong>RE\u00c7OIRES D&#039;ENGRENAGES AUTOMATIQUES,<\/strong><\/p>\n<p>Il est en excellent \u00e9tat de fonctionnement, pour tout renseignement nous sommes \u00e0 votre disposition.<\/p>","protected":false},"featured_media":11061,"comment_status":"closed","ping_status":"closed","template":"","meta":[],"product_brand":[],"product_cat":[26],"product_tag":[227,165,239,1208],"class_list":{"0":"post-11050","1":"product","2":"type-product","3":"status-publish","4":"has-post-thumbnail","6":"product_cat-gear-grinding-machines","7":"product_tag-gear","8":"product_tag-gear-grinder","9":"product_tag-reishauer","10":"product_tag-rz300e","11":"pa_luogo-italia","13":"first","14":"instock","15":"shipping-taxable","16":"product-type-simple"},"_links":{"self":[{"href":"https:\/\/www.laxmiusedmachine.com\/fr\/wp-json\/wp\/v2\/product\/11050","targetHints":{"allow":["GET"]}}],"collection":[{"href":"https:\/\/www.laxmiusedmachine.com\/fr\/wp-json\/wp\/v2\/product"}],"about":[{"href":"https:\/\/www.laxmiusedmachine.com\/fr\/wp-json\/wp\/v2\/types\/product"}],"replies":[{"embeddable":true,"href":"https:\/\/www.laxmiusedmachine.com\/fr\/wp-json\/wp\/v2\/comments?post=11050"}],"wp:featuredmedia":[{"embeddable":true,"href":"https:\/\/www.laxmiusedmachine.com\/fr\/wp-json\/wp\/v2\/media\/11061"}],"wp:attachment":[{"href":"https:\/\/www.laxmiusedmachine.com\/fr\/wp-json\/wp\/v2\/media?parent=11050"}],"wp:term":[{"taxonomy":"product_brand","embeddable":true,"href":"https:\/\/www.laxmiusedmachine.com\/fr\/wp-json\/wp\/v2\/product_brand?post=11050"},{"taxonomy":"product_cat","embeddable":true,"href":"https:\/\/www.laxmiusedmachine.com\/fr\/wp-json\/wp\/v2\/product_cat?post=11050"},{"taxonomy":"product_tag","embeddable":true,"href":"https:\/\/www.laxmiusedmachine.com\/fr\/wp-json\/wp\/v2\/product_tag?post=11050"}],"curies":[{"name":"wp","href":"https:\/\/api.w.org\/{rel}","templated":true}]}}