{"id":10983,"date":"2024-03-29T16:05:49","date_gmt":"2024-03-29T16:05:49","guid":{"rendered":"https:\/\/www.laxmiusedmachine.com\/?post_type=product&#038;p=10983"},"modified":"2025-02-05T09:41:09","modified_gmt":"2025-02-05T09:41:09","slug":"cnc-swiss-type-lathe-traub-tnl-26-2","status":"publish","type":"product","link":"https:\/\/www.laxmiusedmachine.com\/fr\/prodotto\/cnc-swiss-type-lathe-traub-tnl-26-2\/","title":{"rendered":"Tour CNC de type suisse, TRAUB \u2013 TNL 26"},"content":{"rendered":"<div id=\"fws_69f41feaee128\"  data-column-margin=\"default\" data-midnight=\"dark\"  class=\"wpb_row vc_row-fluid vc_row\"  style=\"padding-top: 0px; padding-bottom: 0px; \"><div class=\"row-bg-wrap\" data-bg-animation=\"none\" data-bg-animation-delay=\"\" data-bg-overlay=\"false\"><div class=\"inner-wrap row-bg-layer\" ><div class=\"row-bg viewport-desktop\"  style=\"\"><\/div><\/div><\/div><div class=\"row_col_wrap_12 col span_12 dark left\">\n\t<div  class=\"vc_col-sm-4 wpb_column column_container vc_column_container col no-extra-padding inherit_tablet inherit_phone\"  data-padding-pos=\"all\" data-has-bg-color=\"false\" data-bg-color=\"\" data-bg-opacity=\"1\" data-animation=\"\" data-delay=\"0\" >\n\t\t<div class=\"vc_column-inner\" >\n\t\t\t<div class=\"wpb_wrapper\">\n\t\t\t\t\n\t\t\t<\/div> \n\t\t<\/div>\n\t<\/div> \n\n\t<div  class=\"vc_col-sm-4 wpb_column column_container vc_column_container col no-extra-padding inherit_tablet inherit_phone\"  data-padding-pos=\"all\" data-has-bg-color=\"false\" data-bg-color=\"\" data-bg-opacity=\"1\" data-animation=\"\" data-delay=\"0\" >\n\t\t<div class=\"vc_column-inner\" >\n\t\t\t<div class=\"wpb_wrapper\">\n\t\t\t\t<div class=\"nectar-fancy-ul\" data-list-icon=\"linecon-icon-settings\" data-animation=\"false\" data-animation-delay=\"0\" data-color=\"accent-color\" data-spacing=\"default\" data-alignment=\"left\"> \n<p style=\"text-align: center;\"><strong>TOUR CNC DE TYPE SUISSE<\/strong><\/p>\n<ul>\n<li><i class=\"icon-default-style linecon-icon-settings accent-color\"><\/i><strong>Fabricant:<\/strong>\u00a0Traub<\/li>\n<li><i class=\"icon-default-style linecon-icon-settings accent-color\"><\/i><strong>Mod\u00e8le:<\/strong>\u00a0TNL 26<\/li>\n<li><i class=\"icon-default-style linecon-icon-settings accent-color\"><\/i><strong>CNC\u00a0:<\/strong>\u00a0Traub TX 8i<\/li>\n<li><i class=\"icon-default-style linecon-icon-settings accent-color\"><\/i><strong>Ann\u00e9e de naissance :<\/strong> 2005<\/li>\n<li><\/li>\n<li>Nombre d&#039;axes : 13<\/li>\n<li>\u2013 Nombre de broches : 2<br \/>\nBROCHE PRINCIPALE<\/li>\n<li>Diam\u00e8tre maximal de la barre : 26 [mm]<\/li>\n<li>Longueur d&#039;usinage maximale : 225 [mm]<\/li>\n<li>D\u00e9placement : 250 [mm]<\/li>\n<li>Vitesses de broche : 8000 [tr\/min]<\/li>\n<li>Puissance de la broche : 11 [kW]<\/li>\n<li>Pr\u00e9cision d&#039;indexage de l&#039;axe C : 0,001 [\u00b0] CONTRE-BROCHE<\/li>\n<li>Diam\u00e8tre maximal de la barre : 26 [mm]<\/li>\n<li>Course Z : 250 [mm]<\/li>\n<li>Course X : 370 [mm]<\/li>\n<li>Vitesses de broche : 8000 [tr\/min]<\/li>\n<li>Puissance de la broche : 11 [kW]<\/li>\n<li>Pr\u00e9cision d&#039;indexation de l&#039;axe C : 0,001 [\u00b0]<\/li>\n<li>Nombre de tourelles : 2<br \/>\nTOURELLE SUP\u00c9RIEURE<\/li>\n<li>Nombre de postes : 12<\/li>\n<li>Nombre de positions motoris\u00e9es : 12<\/li>\n<li>Course X : 50 [mm]<\/li>\n<li>Course Z : 100 [mm]<\/li>\n<li>Course Y : +\/-20 [mm]<\/li>\n<li>Vitesse des outils en direct : 6000 [tr\/min]<\/li>\n<li>Puissance des outils motoris\u00e9s : 4,3 kW (tourelle inf\u00e9rieure)<\/li>\n<li>Nombre de postes : 12<\/li>\n<li>Nombre de positions motoris\u00e9es<\/li>\n<li>Course X\/Z : 50 [mm]<\/li>\n<li>Course Y : +\/-20 [mm]<\/li>\n<li>Vitesse des outils en direct : 6000 [tr\/min]<\/li>\n<li>Puissance des outils motoris\u00e9s : 4,3 [kW] ACCESSOIRE D&#039;EXTR\u00c9MIT\u00c9<\/li>\n<li>Nombre de positions : 5<\/li>\n<li>Nombre de positions motoris\u00e9es : 4<\/li>\n<li>Vitesse des outils en direct : 6000 [tr\/min]<\/li>\n<li>Course X\/Z : 370\/250 [mm] FONCTIONNEMENT SECONDAIRE<\/li>\n<li>Nombre de positions : 5<\/li>\n<li>Nombre de positions motoris\u00e9es : 4<\/li>\n<li>Vitesse des outils en direct : 6000 [tr\/min]<\/li>\n<li>Course X : 73 [mm]<\/li>\n<li>Course Y : +\/-50 [mm] ALIMENTATION<\/li>\n<li>Tension d&#039;alimentation : 400 [V]<\/li>\n<li>Puissance totale install\u00e9e : 33 kW POIDS ET DIMENSIONS<\/li>\n<li>Surface au sol de la machine : 3706\/1292 [mm]<\/li>\n<li>Hauteur de la machine : 1630 [mm]<\/li>\n<li>Poids de la machine : 4000 [kg]<\/li>\n<li class=\"title\">\u00c9quipement<\/li>\n<li>\u2013 CNC : TRAUB TX8i<\/li>\n<li>douille de guidage rotative<\/li>\n<li>R\u00e9cup\u00e9rateur de pi\u00e8ces<\/li>\n<li>Bande de convoyage de pi\u00e8ces<\/li>\n<li>\u00c9jection de la pi\u00e8ce<\/li>\n<li>Convoyeur \u00e0 copeaux<\/li>\n<li>R\u00e9servoir de liquide de refroidissement avec pompe haute pression<\/li>\n<li><\/li>\n<li><i class=\"icon-default-style linecon-icon-settings accent-color\"><\/i><strong>Nombre de positions :<\/strong>\u00a024 (12 x 2)<\/li>\n<li style=\"text-align: center;\"><strong>Autres informations:<\/strong><br \/>\nLa machine est en excellent \u00e9tat et est compl\u00e8te en toutes ses pi\u00e8ces et accessoires.<\/li>\n<\/ul>\n <\/div>\n\t\t\t<\/div> \n\t\t<\/div>\n\t<\/div> \n\n\t<div  class=\"vc_col-sm-4 wpb_column column_container vc_column_container col no-extra-padding inherit_tablet inherit_phone\"  data-padding-pos=\"all\" data-has-bg-color=\"false\" data-bg-color=\"\" data-bg-opacity=\"1\" data-animation=\"\" data-delay=\"0\" >\n\t\t<div class=\"vc_column-inner\" >\n\t\t\t<div class=\"wpb_wrapper\">\n\t\t\t\t\n\t\t\t<\/div> \n\t\t<\/div>\n\t<\/div> \n<\/div><\/div>","protected":false},"excerpt":{"rendered":"<p>Voici notre\u00a0<strong>TOUR CNC DE TYPE SUISSE,<\/strong><\/p>\n<p>Il est en excellent \u00e9tat, pour toute information compl\u00e9mentaire, nous sommes \u00e0 votre disposition !<\/p>","protected":false},"featured_media":10992,"comment_status":"closed","ping_status":"closed","template":"","meta":[],"product_brand":[],"product_cat":[24],"product_tag":[1265,1267,1268,1266],"class_list":{"0":"post-10983","1":"product","2":"type-product","3":"status-publish","4":"has-post-thumbnail","6":"product_cat-cnc-lathe-machines","7":"product_tag-cnc-swiss-type-lathe","8":"product_tag-tnl-26","9":"product_tag-tnl26","10":"product_tag-traub","11":"pa_luogo-italia","13":"first","14":"instock","15":"shipping-taxable","16":"product-type-simple"},"_links":{"self":[{"href":"https:\/\/www.laxmiusedmachine.com\/fr\/wp-json\/wp\/v2\/product\/10983","targetHints":{"allow":["GET"]}}],"collection":[{"href":"https:\/\/www.laxmiusedmachine.com\/fr\/wp-json\/wp\/v2\/product"}],"about":[{"href":"https:\/\/www.laxmiusedmachine.com\/fr\/wp-json\/wp\/v2\/types\/product"}],"replies":[{"embeddable":true,"href":"https:\/\/www.laxmiusedmachine.com\/fr\/wp-json\/wp\/v2\/comments?post=10983"}],"wp:featuredmedia":[{"embeddable":true,"href":"https:\/\/www.laxmiusedmachine.com\/fr\/wp-json\/wp\/v2\/media\/10992"}],"wp:attachment":[{"href":"https:\/\/www.laxmiusedmachine.com\/fr\/wp-json\/wp\/v2\/media?parent=10983"}],"wp:term":[{"taxonomy":"product_brand","embeddable":true,"href":"https:\/\/www.laxmiusedmachine.com\/fr\/wp-json\/wp\/v2\/product_brand?post=10983"},{"taxonomy":"product_cat","embeddable":true,"href":"https:\/\/www.laxmiusedmachine.com\/fr\/wp-json\/wp\/v2\/product_cat?post=10983"},{"taxonomy":"product_tag","embeddable":true,"href":"https:\/\/www.laxmiusedmachine.com\/fr\/wp-json\/wp\/v2\/product_tag?post=10983"}],"curies":[{"name":"wp","href":"https:\/\/api.w.org\/{rel}","templated":true}]}}