{"id":10772,"date":"2024-03-21T14:10:18","date_gmt":"2024-03-21T14:10:18","guid":{"rendered":"https:\/\/www.laxmiusedmachine.com\/?post_type=product&#038;p=10772"},"modified":"2024-03-21T14:10:18","modified_gmt":"2024-03-21T14:10:18","slug":"oil-and-coolant-mist-collector-lns-fox-ws1000","status":"publish","type":"product","link":"https:\/\/www.laxmiusedmachine.com\/fr\/prodotto\/oil-and-coolant-mist-collector-lns-fox-ws1000\/","title":{"rendered":"COLLECTEUR DE BRUMES D&#039;HUILE ET DE LIQUIDE DE REFROIDISSEMENT, LNS \u2013 FOX WS1000"},"content":{"rendered":"<div id=\"fws_69dee3be994f6\"  data-column-margin=\"default\" data-midnight=\"dark\"  class=\"wpb_row vc_row-fluid vc_row\"  style=\"padding-top: 0px; padding-bottom: 0px; \"><div class=\"row-bg-wrap\" data-bg-animation=\"none\" data-bg-animation-delay=\"\" data-bg-overlay=\"false\"><div class=\"inner-wrap row-bg-layer\" ><div class=\"row-bg viewport-desktop\"  style=\"\"><\/div><\/div><\/div><div class=\"row_col_wrap_12 col span_12 dark left\">\n\t<div  class=\"vc_col-sm-4 wpb_column column_container vc_column_container col no-extra-padding inherit_tablet inherit_phone\"  data-padding-pos=\"all\" data-has-bg-color=\"false\" data-bg-color=\"\" data-bg-opacity=\"1\" data-animation=\"\" data-delay=\"0\" >\n\t\t<div class=\"vc_column-inner\" >\n\t\t\t<div class=\"wpb_wrapper\">\n\t\t\t\t\n\t\t\t<\/div> \n\t\t<\/div>\n\t<\/div> \n\n\t<div  class=\"vc_col-sm-4 wpb_column column_container vc_column_container col no-extra-padding inherit_tablet inherit_phone\"  data-padding-pos=\"all\" data-has-bg-color=\"false\" data-bg-color=\"\" data-bg-opacity=\"1\" data-animation=\"\" data-delay=\"0\" >\n\t\t<div class=\"vc_column-inner\" >\n\t\t\t<div class=\"wpb_wrapper\">\n\t\t\t\t<div class=\"nectar-fancy-ul\" data-list-icon=\"linecon-icon-settings\" data-animation=\"false\" data-animation-delay=\"0\" data-color=\"accent-color\" data-spacing=\"default\" data-alignment=\"left\"> \n<p style=\"text-align: center;\"><strong>COLLECTEUR DE BRUMES D&#039;HUILE ET DE LIQUIDE DE REFROIDISSEMENT<\/strong><\/p>\n<ul style=\"text-align: center;\">\n<li><strong>Fabricant:<\/strong> LNS (Italie)<\/li>\n<li><strong>Mod\u00e8le:<\/strong> FOX WS1000<\/li>\n<li><strong>Ann\u00e9e de naissance :<\/strong> 2012<\/li>\n<li><strong>Efficacit\u00e9 de filtration :<\/strong> Jusqu&#039;\u00e0 99,95 % MPPS (EN 1822)<\/li>\n<li><strong>D\u00e9bit d&#039;air nominal :<\/strong> 950 m<sup>3<\/sup>\/h<\/li>\n<li><strong>Pression statique :<\/strong> 950 Pa<\/li>\n<li><strong>Puissance du moteur :<\/strong> 0,75 kW<\/li>\n<li><strong>tension:<\/strong> 50 Hz<\/li>\n<li><strong>Masse:<\/strong> 55 kg<\/li>\n<\/ul>\n<p style=\"text-align: center;\"><strong>Autres informations:<\/strong><br \/>\nLa machine est en excellent \u00e9tat et est compl\u00e8te en toutes ses pi\u00e8ces et accessoires.<\/p>\n <\/div>\n\t\t\t<\/div> \n\t\t<\/div>\n\t<\/div> \n\n\t<div  class=\"vc_col-sm-4 wpb_column column_container vc_column_container col no-extra-padding inherit_tablet inherit_phone\"  data-padding-pos=\"all\" data-has-bg-color=\"false\" data-bg-color=\"\" data-bg-opacity=\"1\" data-animation=\"\" data-delay=\"0\" >\n\t\t<div class=\"vc_column-inner\" >\n\t\t\t<div class=\"wpb_wrapper\">\n\t\t\t\t\n\t\t\t<\/div> \n\t\t<\/div>\n\t<\/div> \n<\/div><\/div>","protected":false},"excerpt":{"rendered":"<p>Voici notre\u00a0<strong>COLLECTEUR DE BRUMES D&#039;HUILE ET DE LIQUIDE DE REFROIDISSEMENT<\/strong><b>,<\/b><\/p>\n<p>Il est en excellent \u00e9tat, pour toute information compl\u00e9mentaire, nous sommes \u00e0 votre disposition !<\/p>","protected":false},"featured_media":10773,"comment_status":"closed","ping_status":"closed","template":"","meta":[],"product_brand":[],"product_cat":[578],"product_tag":[1247,1246,1245,1248,1249],"class_list":{"0":"post-10772","1":"product","2":"type-product","3":"status-publish","4":"has-post-thumbnail","6":"product_cat-various-machinery","7":"product_tag-fox","8":"product_tag-lns","9":"product_tag-oil-and-coolant-mist-collector","10":"product_tag-ws-1000","11":"product_tag-ws1000","12":"pa_luogo-italia","14":"first","15":"instock","16":"shipping-taxable","17":"product-type-simple"},"_links":{"self":[{"href":"https:\/\/www.laxmiusedmachine.com\/fr\/wp-json\/wp\/v2\/product\/10772","targetHints":{"allow":["GET"]}}],"collection":[{"href":"https:\/\/www.laxmiusedmachine.com\/fr\/wp-json\/wp\/v2\/product"}],"about":[{"href":"https:\/\/www.laxmiusedmachine.com\/fr\/wp-json\/wp\/v2\/types\/product"}],"replies":[{"embeddable":true,"href":"https:\/\/www.laxmiusedmachine.com\/fr\/wp-json\/wp\/v2\/comments?post=10772"}],"wp:featuredmedia":[{"embeddable":true,"href":"https:\/\/www.laxmiusedmachine.com\/fr\/wp-json\/wp\/v2\/media\/10773"}],"wp:attachment":[{"href":"https:\/\/www.laxmiusedmachine.com\/fr\/wp-json\/wp\/v2\/media?parent=10772"}],"wp:term":[{"taxonomy":"product_brand","embeddable":true,"href":"https:\/\/www.laxmiusedmachine.com\/fr\/wp-json\/wp\/v2\/product_brand?post=10772"},{"taxonomy":"product_cat","embeddable":true,"href":"https:\/\/www.laxmiusedmachine.com\/fr\/wp-json\/wp\/v2\/product_cat?post=10772"},{"taxonomy":"product_tag","embeddable":true,"href":"https:\/\/www.laxmiusedmachine.com\/fr\/wp-json\/wp\/v2\/product_tag?post=10772"}],"curies":[{"name":"wp","href":"https:\/\/api.w.org\/{rel}","templated":true}]}}