{"id":10666,"date":"2024-03-15T10:58:38","date_gmt":"2024-03-15T10:58:38","guid":{"rendered":"https:\/\/www.laxmiusedmachine.com\/?post_type=product&#038;p=10666"},"modified":"2025-01-20T09:42:59","modified_gmt":"2025-01-20T09:42:59","slug":"hypoid-lapper-gleason-516","status":"publish","type":"product","link":"https:\/\/www.laxmiusedmachine.com\/fr\/prodotto\/hypoid-lapper-gleason-516\/","title":{"rendered":"ROCHEUR HYPO\u00cfDE, GLEASON \u2013 516"},"content":{"rendered":"<div id=\"fws_69fbc424166f6\"  data-column-margin=\"default\" data-midnight=\"dark\"  class=\"wpb_row vc_row-fluid vc_row\"  style=\"padding-top: 0px; padding-bottom: 0px; \"><div class=\"row-bg-wrap\" data-bg-animation=\"none\" data-bg-animation-delay=\"\" data-bg-overlay=\"false\"><div class=\"inner-wrap row-bg-layer\" ><div class=\"row-bg viewport-desktop\"  style=\"\"><\/div><\/div><\/div><div class=\"row_col_wrap_12 col span_12 dark left\">\n\t<div  class=\"vc_col-sm-4 wpb_column column_container vc_column_container col no-extra-padding inherit_tablet inherit_phone\"  data-padding-pos=\"all\" data-has-bg-color=\"false\" data-bg-color=\"\" data-bg-opacity=\"1\" data-animation=\"\" data-delay=\"0\" >\n\t\t<div class=\"vc_column-inner\" >\n\t\t\t<div class=\"wpb_wrapper\">\n\t\t\t\t\n\t\t\t<\/div> \n\t\t<\/div>\n\t<\/div> \n\n\t<div  class=\"vc_col-sm-4 wpb_column column_container vc_column_container col no-extra-padding inherit_tablet inherit_phone\"  data-padding-pos=\"all\" data-has-bg-color=\"false\" data-bg-color=\"\" data-bg-opacity=\"1\" data-animation=\"\" data-delay=\"0\" >\n\t\t<div class=\"vc_column-inner\" >\n\t\t\t<div class=\"wpb_wrapper\">\n\t\t\t\t<div class=\"nectar-fancy-ul\" data-list-icon=\"linecon-icon-settings\" data-animation=\"false\" data-animation-delay=\"0\" data-color=\"accent-color\" data-spacing=\"default\" data-alignment=\"left\"> \n<p style=\"text-align: center;\"><strong>LAPEUR HYPODE<\/strong><\/p>\n<ul>\n<li style=\"text-align: center;\"><strong>Fabricant:<\/strong> Gleason<\/li>\n<li style=\"text-align: center;\"><strong>Mod\u00e8le:<\/strong> 516<\/li>\n<li style=\"text-align: center;\"><strong>Diam\u00e8tre maximal de l&#039;engrenage :<\/strong> 610 millim\u00e8tres<\/li>\n<li style=\"text-align: center;\"><strong>Diam\u00e8tre maximal du pignon :<\/strong> 305 millim\u00e8tres<\/li>\n<li style=\"text-align: center;\"><strong>D\u00e9calage maximal de l&#039;axe de l&#039;engrenage au-dessus et en dessous du centre de l&#039;axe du pignon\u00a0:<\/strong> 152 mm<\/li>\n<li style=\"text-align: center;\"><strong>Diam\u00e8tre du trou de l&#039;axe du pignon :<\/strong> 95 mm<\/li>\n<li style=\"text-align: center;\"><strong>Diam\u00e8tre du trou de l&#039;axe de l&#039;engrenage :<\/strong> 55 millim\u00e8tres<\/li>\n<\/ul>\n<p style=\"text-align: center;\"><strong>Autres informations:<\/strong><br \/>\nLa machine est en excellent \u00e9tat et compl\u00e8te, avec toutes ses pi\u00e8ces et accessoires.<\/p>\n <\/div>\n\t\t\t<\/div> \n\t\t<\/div>\n\t<\/div> \n\n\t<div  class=\"vc_col-sm-4 wpb_column column_container vc_column_container col no-extra-padding inherit_tablet inherit_phone\"  data-padding-pos=\"all\" data-has-bg-color=\"false\" data-bg-color=\"\" data-bg-opacity=\"1\" data-animation=\"\" data-delay=\"0\" >\n\t\t<div class=\"vc_column-inner\" >\n\t\t\t<div class=\"wpb_wrapper\">\n\t\t\t\t\n\t\t\t<\/div> \n\t\t<\/div>\n\t<\/div> \n<\/div><\/div>","protected":false},"excerpt":{"rendered":"<p>Voici notre <strong>HYPOID LAPPER,<\/strong><\/p>\n<p>Il est en excellent \u00e9tat, pour toute information compl\u00e9mentaire, nous sommes \u00e0 votre disposition !<\/p>","protected":false},"featured_media":11803,"comment_status":"closed","ping_status":"closed","template":"","meta":[],"product_brand":[],"product_cat":[22,31],"product_tag":[],"class_list":{"0":"post-10666","1":"product","2":"type-product","3":"status-publish","4":"has-post-thumbnail","6":"product_cat-spiral-bevel-gear-generator","7":"product_cat-straight-bevel-gear-generator","8":"pa_luogo-india","10":"first","11":"instock","12":"shipping-taxable","13":"product-type-simple"},"_links":{"self":[{"href":"https:\/\/www.laxmiusedmachine.com\/fr\/wp-json\/wp\/v2\/product\/10666","targetHints":{"allow":["GET"]}}],"collection":[{"href":"https:\/\/www.laxmiusedmachine.com\/fr\/wp-json\/wp\/v2\/product"}],"about":[{"href":"https:\/\/www.laxmiusedmachine.com\/fr\/wp-json\/wp\/v2\/types\/product"}],"replies":[{"embeddable":true,"href":"https:\/\/www.laxmiusedmachine.com\/fr\/wp-json\/wp\/v2\/comments?post=10666"}],"wp:featuredmedia":[{"embeddable":true,"href":"https:\/\/www.laxmiusedmachine.com\/fr\/wp-json\/wp\/v2\/media\/11803"}],"wp:attachment":[{"href":"https:\/\/www.laxmiusedmachine.com\/fr\/wp-json\/wp\/v2\/media?parent=10666"}],"wp:term":[{"taxonomy":"product_brand","embeddable":true,"href":"https:\/\/www.laxmiusedmachine.com\/fr\/wp-json\/wp\/v2\/product_brand?post=10666"},{"taxonomy":"product_cat","embeddable":true,"href":"https:\/\/www.laxmiusedmachine.com\/fr\/wp-json\/wp\/v2\/product_cat?post=10666"},{"taxonomy":"product_tag","embeddable":true,"href":"https:\/\/www.laxmiusedmachine.com\/fr\/wp-json\/wp\/v2\/product_tag?post=10666"}],"curies":[{"name":"wp","href":"https:\/\/api.w.org\/{rel}","templated":true}]}}