{"id":10374,"date":"2024-02-19T07:39:49","date_gmt":"2024-02-19T07:39:49","guid":{"rendered":"https:\/\/www.laxmiusedmachine.com\/?post_type=product&#038;p=10374"},"modified":"2024-06-17T07:04:51","modified_gmt":"2024-06-17T07:04:51","slug":"gear-hobbing-cima-p3-ch-2","status":"publish","type":"product","link":"https:\/\/www.laxmiusedmachine.com\/fr\/prodotto\/gear-hobbing-cima-p3-ch-2\/","title":{"rendered":"Taillage par taillage, CIMA \u2013 P3 CH"},"content":{"rendered":"<div id=\"fws_69e9e459ed271\"  data-column-margin=\"default\" data-midnight=\"dark\"  class=\"wpb_row vc_row-fluid vc_row\"  style=\"padding-top: 0px; padding-bottom: 0px; \"><div class=\"row-bg-wrap\" data-bg-animation=\"none\" data-bg-animation-delay=\"\" data-bg-overlay=\"false\"><div class=\"inner-wrap row-bg-layer\" ><div class=\"row-bg viewport-desktop\"  style=\"\"><\/div><\/div><\/div><div class=\"row_col_wrap_12 col span_12 dark left\">\n\t<div  class=\"vc_col-sm-4 wpb_column column_container vc_column_container col no-extra-padding inherit_tablet inherit_phone\"  data-padding-pos=\"all\" data-has-bg-color=\"false\" data-bg-color=\"\" data-bg-opacity=\"1\" data-animation=\"\" data-delay=\"0\" >\n\t\t<div class=\"vc_column-inner\" >\n\t\t\t<div class=\"wpb_wrapper\">\n\t\t\t\t\n\t\t\t<\/div> \n\t\t<\/div>\n\t<\/div> \n\n\t<div  class=\"vc_col-sm-4 wpb_column column_container vc_column_container col no-extra-padding inherit_tablet inherit_phone\"  data-padding-pos=\"all\" data-has-bg-color=\"false\" data-bg-color=\"\" data-bg-opacity=\"1\" data-animation=\"\" data-delay=\"0\" >\n\t\t<div class=\"vc_column-inner\" >\n\t\t\t<div class=\"wpb_wrapper\">\n\t\t\t\t<div class=\"nectar-fancy-ul\" data-list-icon=\"linecon-icon-settings\" data-animation=\"false\" data-animation-delay=\"0\" data-color=\"accent-color\" data-spacing=\"default\" data-alignment=\"left\"> \n<p class=\"p1\" style=\"text-align: center;\"><b>MACHINE \u00c0 TAILLER LES ENGRENAGES<\/b><\/p>\n<ul style=\"text-align: center;\">\n<li class=\"p1\"><b>Fabricant:<\/b>\u00a0Cima<\/li>\n<li class=\"p1\"><b>Mod\u00e8le:<\/b>\u00a0P3CH<\/li>\n<li class=\"p1\"><b>Diam\u00e8tre max de l&#039;engrenage\u00a0:<\/b> 150 mm<\/li>\n<li class=\"p1\"><i class=\"icon-default-style linecon-icon-settings accent-color\"><\/i><b>Module maximum\u00a0:<\/b> 3<\/li>\n<li class=\"p1\"><i class=\"icon-default-style linecon-icon-settings accent-color\"><\/i><b>Nombre minimum de dents\u00a0:<\/b>\u00a04<\/li>\n<li class=\"p1\"><i class=\"icon-default-style linecon-icon-settings accent-color\"><\/i><b>Diam\u00e8tre maximum de la plaque de cuisson\u00a0:<\/b> 75 millim\u00e8tres<\/li>\n<li class=\"p1\"><i class=\"icon-default-style linecon-icon-settings accent-color\"><\/i><b>Longueur max table de cuisson :<\/b> 100 millim\u00e8tres<\/li>\n<li class=\"p1\"><i class=\"icon-default-style linecon-icon-settings accent-color\"><\/i><b>Course max\u00a0:<\/b> 80 mm<\/li>\n<li class=\"p1\"><i class=\"icon-default-style linecon-icon-settings accent-color\"><\/i><b>Al\u00e9sage de la table\u00a0:<\/b> 32 mm<\/li>\n<\/ul>\n<p class=\"p2\" style=\"text-align: center;\"><b>Autre info:<br \/>\n<\/b>La machine est en excellent \u00e9tat et est compl\u00e8te en toutes ses pi\u00e8ces et accessoires.<\/p>\n <\/div>\n\t\t\t<\/div> \n\t\t<\/div>\n\t<\/div> \n\n\t<div  class=\"vc_col-sm-4 wpb_column column_container vc_column_container col no-extra-padding inherit_tablet inherit_phone\"  data-padding-pos=\"all\" data-has-bg-color=\"false\" data-bg-color=\"\" data-bg-opacity=\"1\" data-animation=\"\" data-delay=\"0\" >\n\t\t<div class=\"vc_column-inner\" >\n\t\t\t<div class=\"wpb_wrapper\">\n\t\t\t\t\n\t\t\t<\/div> \n\t\t<\/div>\n\t<\/div> \n<\/div><\/div>","protected":false},"excerpt":{"rendered":"<p>Voici notre\u00a0<strong>MACHINE \u00c0 TAILLER LES ENGRENAGES<\/strong><\/p>\n<p>Il est en excellent \u00e9tat de fonctionnement, pour tout renseignement nous sommes \u00e0 votre disposition.<\/p>","protected":false},"featured_media":10375,"comment_status":"closed","ping_status":"closed","template":"","meta":[],"product_brand":[],"product_cat":[18],"product_tag":[180,232,1216,1217],"class_list":{"0":"post-10374","1":"product","2":"type-product","3":"status-publish","4":"has-post-thumbnail","6":"product_cat-gear-hobbing-machines","7":"product_tag-cima","8":"product_tag-gear-hobbing","9":"product_tag-p3-ch","10":"product_tag-p3ch","11":"pa_luogo-india","13":"first","14":"instock","15":"shipping-taxable","16":"product-type-simple"},"_links":{"self":[{"href":"https:\/\/www.laxmiusedmachine.com\/fr\/wp-json\/wp\/v2\/product\/10374","targetHints":{"allow":["GET"]}}],"collection":[{"href":"https:\/\/www.laxmiusedmachine.com\/fr\/wp-json\/wp\/v2\/product"}],"about":[{"href":"https:\/\/www.laxmiusedmachine.com\/fr\/wp-json\/wp\/v2\/types\/product"}],"replies":[{"embeddable":true,"href":"https:\/\/www.laxmiusedmachine.com\/fr\/wp-json\/wp\/v2\/comments?post=10374"}],"wp:featuredmedia":[{"embeddable":true,"href":"https:\/\/www.laxmiusedmachine.com\/fr\/wp-json\/wp\/v2\/media\/10375"}],"wp:attachment":[{"href":"https:\/\/www.laxmiusedmachine.com\/fr\/wp-json\/wp\/v2\/media?parent=10374"}],"wp:term":[{"taxonomy":"product_brand","embeddable":true,"href":"https:\/\/www.laxmiusedmachine.com\/fr\/wp-json\/wp\/v2\/product_brand?post=10374"},{"taxonomy":"product_cat","embeddable":true,"href":"https:\/\/www.laxmiusedmachine.com\/fr\/wp-json\/wp\/v2\/product_cat?post=10374"},{"taxonomy":"product_tag","embeddable":true,"href":"https:\/\/www.laxmiusedmachine.com\/fr\/wp-json\/wp\/v2\/product_tag?post=10374"}],"curies":[{"name":"wp","href":"https:\/\/api.w.org\/{rel}","templated":true}]}}