{"id":9991,"date":"2024-01-19T16:23:26","date_gmt":"2024-01-19T16:23:26","guid":{"rendered":"https:\/\/www.laxmiusedmachine.com\/?post_type=product&#038;p=9991"},"modified":"2024-02-08T07:09:55","modified_gmt":"2024-02-08T07:09:55","slug":"double-spindle-cnc-lathe-fuji-japan-tnw-35-tr","status":"publish","type":"product","link":"https:\/\/www.laxmiusedmachine.com\/es\/prodotto\/double-spindle-cnc-lathe-fuji-japan-tnw-35-tr\/","title":{"rendered":"TORNO CNC DE DOBLE HUSILLO, FUJI (Jap\u00f3n) \u2013 TNW-35 TR"},"content":{"rendered":"<div id=\"fws_69e8519431fba\"  data-column-margin=\"default\" data-midnight=\"dark\"  class=\"wpb_row vc_row-fluid vc_row\"  style=\"padding-top: 0px; padding-bottom: 0px; \"><div class=\"row-bg-wrap\" data-bg-animation=\"none\" data-bg-animation-delay=\"\" data-bg-overlay=\"false\"><div class=\"inner-wrap row-bg-layer\" ><div class=\"row-bg viewport-desktop\"  style=\"\"><\/div><\/div><\/div><div class=\"row_col_wrap_12 col span_12 dark left\">\n\t<div  class=\"vc_col-sm-4 wpb_column column_container vc_column_container col no-extra-padding inherit_tablet inherit_phone\"  data-padding-pos=\"all\" data-has-bg-color=\"false\" data-bg-color=\"\" data-bg-opacity=\"1\" data-animation=\"\" data-delay=\"0\" >\n\t\t<div class=\"vc_column-inner\" >\n\t\t\t<div class=\"wpb_wrapper\">\n\t\t\t\t\n\t\t\t<\/div> \n\t\t<\/div>\n\t<\/div> \n\n\t<div  class=\"vc_col-sm-4 wpb_column column_container vc_column_container col no-extra-padding inherit_tablet inherit_phone\"  data-padding-pos=\"all\" data-has-bg-color=\"false\" data-bg-color=\"\" data-bg-opacity=\"1\" data-animation=\"\" data-delay=\"0\" >\n\t\t<div class=\"vc_column-inner\" >\n\t\t\t<div class=\"wpb_wrapper\">\n\t\t\t\t<div class=\"nectar-fancy-ul\" data-list-icon=\"linecon-icon-settings\" data-animation=\"false\" data-animation-delay=\"0\" data-color=\"accent-color\" data-spacing=\"default\" data-alignment=\"left\"> \n<p style=\"text-align: center;\"><strong>TORNO CNC DE DOBLE HUSILLO<\/strong><br \/>\n<strong>Equipado con SISTEMA DE CARGADOR DE P\u00d3RTICO<\/strong><\/p>\n<ul style=\"text-align: center;\">\n<li><strong>Hacer:<\/strong> Fuji (Jap\u00f3n)<\/li>\n<li><strong>Modelo:<\/strong> TNW-35 TR<\/li>\n<li><strong>YOM:<\/strong> 2007<\/li>\n<li><strong>CNC:<\/strong> Fanuc Serie 310i Modelo A<\/li>\n<li><strong>Di\u00e1metro m\u00e1ximo de giro:<\/strong> 180mm<\/li>\n<li><strong>Longitud m\u00e1xima de giro:<\/strong> 250mm<\/li>\n<\/ul>\n<p class=\"p1\" style=\"text-align: center;\"><strong>Otras informaciones:<\/strong><br \/>\nLa m\u00e1quina est\u00e1 en excelentes condiciones de funcionamiento y est\u00e1 completa en todas sus partes y accesorios.<br \/>\n<strong>En particular, la m\u00e1quina est\u00e1 equipada con el sistema Gantry Loader.<\/strong><\/p>\n <\/div>\n\t\t\t<\/div> \n\t\t<\/div>\n\t<\/div> \n\n\t<div  class=\"vc_col-sm-4 wpb_column column_container vc_column_container col no-extra-padding inherit_tablet inherit_phone\"  data-padding-pos=\"all\" data-has-bg-color=\"false\" data-bg-color=\"\" data-bg-opacity=\"1\" data-animation=\"\" data-delay=\"0\" >\n\t\t<div class=\"vc_column-inner\" >\n\t\t\t<div class=\"wpb_wrapper\">\n\t\t\t\t\n\t\t\t<\/div> \n\t\t<\/div>\n\t<\/div> \n<\/div><\/div>","protected":false},"excerpt":{"rendered":"<p>Aqu\u00ed est\u00e1 nuestro <strong>TORNO CNC DE DOBLE HUSILLO.<\/strong><\/p>\n<p>Esta en excelente estado, para cualquier mayor informaci\u00f3n estamos a su disposici\u00f3n!<\/p>","protected":false},"featured_media":9993,"comment_status":"closed","ping_status":"closed","template":"","meta":[],"product_brand":[],"product_cat":[24],"product_tag":[153,1156,1172,1189,981,499],"class_list":{"0":"post-9991","1":"product","2":"type-product","3":"status-publish","4":"has-post-thumbnail","6":"product_cat-cnc-lathe-machines","7":"product_tag-cnc-lathe","8":"product_tag-double-spindle","9":"product_tag-dual-spindle","10":"product_tag-fuji","11":"product_tag-japan","12":"product_tag-twin-spindle","13":"pa_luogo-italia","15":"first","16":"instock","17":"shipping-taxable","18":"product-type-simple"},"_links":{"self":[{"href":"https:\/\/www.laxmiusedmachine.com\/es\/wp-json\/wp\/v2\/product\/9991","targetHints":{"allow":["GET"]}}],"collection":[{"href":"https:\/\/www.laxmiusedmachine.com\/es\/wp-json\/wp\/v2\/product"}],"about":[{"href":"https:\/\/www.laxmiusedmachine.com\/es\/wp-json\/wp\/v2\/types\/product"}],"replies":[{"embeddable":true,"href":"https:\/\/www.laxmiusedmachine.com\/es\/wp-json\/wp\/v2\/comments?post=9991"}],"wp:featuredmedia":[{"embeddable":true,"href":"https:\/\/www.laxmiusedmachine.com\/es\/wp-json\/wp\/v2\/media\/9993"}],"wp:attachment":[{"href":"https:\/\/www.laxmiusedmachine.com\/es\/wp-json\/wp\/v2\/media?parent=9991"}],"wp:term":[{"taxonomy":"product_brand","embeddable":true,"href":"https:\/\/www.laxmiusedmachine.com\/es\/wp-json\/wp\/v2\/product_brand?post=9991"},{"taxonomy":"product_cat","embeddable":true,"href":"https:\/\/www.laxmiusedmachine.com\/es\/wp-json\/wp\/v2\/product_cat?post=9991"},{"taxonomy":"product_tag","embeddable":true,"href":"https:\/\/www.laxmiusedmachine.com\/es\/wp-json\/wp\/v2\/product_tag?post=9991"}],"curies":[{"name":"wp","href":"https:\/\/api.w.org\/{rel}","templated":true}]}}