{"id":9916,"date":"2024-01-15T16:26:13","date_gmt":"2024-01-15T16:26:13","guid":{"rendered":"https:\/\/www.laxmiusedmachine.com\/?post_type=product&#038;p=9916"},"modified":"2024-02-16T13:20:10","modified_gmt":"2024-02-16T13:20:10","slug":"cnc-lathe-biglia-b131-s1","status":"publish","type":"product","link":"https:\/\/www.laxmiusedmachine.com\/es\/prodotto\/cnc-lathe-biglia-b131-s1\/","title":{"rendered":"TORNO CNC, BIGLIA \u2013 B131 S1"},"content":{"rendered":"<div id=\"fws_69edcea1e832d\"  data-column-margin=\"default\" data-midnight=\"dark\"  class=\"wpb_row vc_row-fluid vc_row\"  style=\"padding-top: 0px; padding-bottom: 0px; \"><div class=\"row-bg-wrap\" data-bg-animation=\"none\" data-bg-animation-delay=\"\" data-bg-overlay=\"false\"><div class=\"inner-wrap row-bg-layer\" ><div class=\"row-bg viewport-desktop\"  style=\"\"><\/div><\/div><\/div><div class=\"row_col_wrap_12 col span_12 dark left\">\n\t<div  class=\"vc_col-sm-4 wpb_column column_container vc_column_container col no-extra-padding inherit_tablet inherit_phone\"  data-padding-pos=\"all\" data-has-bg-color=\"false\" data-bg-color=\"\" data-bg-opacity=\"1\" data-animation=\"\" data-delay=\"0\" >\n\t\t<div class=\"vc_column-inner\" >\n\t\t\t<div class=\"wpb_wrapper\">\n\t\t\t\t\n\t\t\t<\/div> \n\t\t<\/div>\n\t<\/div> \n\n\t<div  class=\"vc_col-sm-4 wpb_column column_container vc_column_container col no-extra-padding inherit_tablet inherit_phone\"  data-padding-pos=\"all\" data-has-bg-color=\"false\" data-bg-color=\"\" data-bg-opacity=\"1\" data-animation=\"\" data-delay=\"0\" >\n\t\t<div class=\"vc_column-inner\" >\n\t\t\t<div class=\"wpb_wrapper\">\n\t\t\t\t<div class=\"nectar-fancy-ul\" data-list-icon=\"linecon-icon-settings\" data-animation=\"false\" data-animation-delay=\"0\" data-color=\"accent-color\" data-spacing=\"default\" data-alignment=\"left\"> \n<p style=\"text-align: center;\"><strong>TORNO CNC<br \/>\n<\/strong><\/p>\n<ul>\n<li style=\"text-align: center;\"><strong>Hacer:<\/strong> Biglia<\/li>\n<li style=\"text-align: center;\"><strong>Modelo:<\/strong> B131 S1<\/li>\n<li style=\"text-align: center;\"><strong>CNC:<\/strong> GE Fanuc 0-T<\/li>\n<li style=\"text-align: center;\"><strong>YOM:<\/strong> 1990<\/li>\n<li style=\"text-align: center;\"><strong>Di\u00e1metro m\u00e1ximo de giro:<\/strong> 320 mil\u00edmetros<\/li>\n<li style=\"text-align: center;\"><strong>Di\u00e1metro m\u00e1ximo de rotaci\u00f3n:<\/strong> 520 mil\u00edmetros<\/li>\n<li style=\"text-align: center;\"><strong>Longitud m\u00e1xima de giro:<\/strong> 420mm<\/li>\n<li style=\"text-align: center;\"><strong>Agujero del husillo:<\/strong> 56 mil\u00edmetros<\/li>\n<li style=\"text-align: center;\"><strong>Cono del husillo:<\/strong> ASA-6<\/li>\n<li style=\"text-align: center;\"><strong>Velocidad m\u00e1xima del husillo:<\/strong> 4000 rpm<\/li>\n<\/ul>\n<p style=\"text-align: center;\"><strong>Otras informaciones:<\/strong><br \/>\nLa m\u00e1quina est\u00e1 en excelentes condiciones y est\u00e1 completa en todas sus partes y accesorios.<br \/>\n<strong>En particular,<\/strong><br \/>\n<strong>Est\u00e1 equipado con transportador de virutas.<\/strong><\/p>\n<p>\u00a0 <\/div>\n\t\t\t<\/div> \n\t\t<\/div>\n\t<\/div> \n\n\t<div  class=\"vc_col-sm-4 wpb_column column_container vc_column_container col no-extra-padding inherit_tablet inherit_phone\"  data-padding-pos=\"all\" data-has-bg-color=\"false\" data-bg-color=\"\" data-bg-opacity=\"1\" data-animation=\"\" data-delay=\"0\" >\n\t\t<div class=\"vc_column-inner\" >\n\t\t\t<div class=\"wpb_wrapper\">\n\t\t\t\t\n\t\t\t<\/div> \n\t\t<\/div>\n\t<\/div> \n<\/div><\/div>","protected":false},"excerpt":{"rendered":"<p>Aqu\u00ed est\u00e1 nuestro <strong>TORNO CNC.<\/strong><\/p>\n<p>Esta en excelente estado, para cualquier mayor informaci\u00f3n estamos a su disposici\u00f3n!<\/p>","protected":false},"featured_media":9920,"comment_status":"closed","ping_status":"closed","template":"","meta":[],"product_brand":[],"product_cat":[24],"product_tag":[380,153],"class_list":{"0":"post-9916","1":"product","2":"type-product","3":"status-publish","4":"has-post-thumbnail","6":"product_cat-cnc-lathe-machines","7":"product_tag-biglia","8":"product_tag-cnc-lathe","9":"pa_luogo-italia","11":"first","12":"instock","13":"shipping-taxable","14":"product-type-simple"},"_links":{"self":[{"href":"https:\/\/www.laxmiusedmachine.com\/es\/wp-json\/wp\/v2\/product\/9916","targetHints":{"allow":["GET"]}}],"collection":[{"href":"https:\/\/www.laxmiusedmachine.com\/es\/wp-json\/wp\/v2\/product"}],"about":[{"href":"https:\/\/www.laxmiusedmachine.com\/es\/wp-json\/wp\/v2\/types\/product"}],"replies":[{"embeddable":true,"href":"https:\/\/www.laxmiusedmachine.com\/es\/wp-json\/wp\/v2\/comments?post=9916"}],"wp:featuredmedia":[{"embeddable":true,"href":"https:\/\/www.laxmiusedmachine.com\/es\/wp-json\/wp\/v2\/media\/9920"}],"wp:attachment":[{"href":"https:\/\/www.laxmiusedmachine.com\/es\/wp-json\/wp\/v2\/media?parent=9916"}],"wp:term":[{"taxonomy":"product_brand","embeddable":true,"href":"https:\/\/www.laxmiusedmachine.com\/es\/wp-json\/wp\/v2\/product_brand?post=9916"},{"taxonomy":"product_cat","embeddable":true,"href":"https:\/\/www.laxmiusedmachine.com\/es\/wp-json\/wp\/v2\/product_cat?post=9916"},{"taxonomy":"product_tag","embeddable":true,"href":"https:\/\/www.laxmiusedmachine.com\/es\/wp-json\/wp\/v2\/product_tag?post=9916"}],"curies":[{"name":"wp","href":"https:\/\/api.w.org\/{rel}","templated":true}]}}