{"id":9835,"date":"2024-01-12T16:19:38","date_gmt":"2024-01-12T16:19:38","guid":{"rendered":"https:\/\/www.laxmiusedmachine.com\/?post_type=product&#038;p=9835"},"modified":"2024-02-19T09:40:02","modified_gmt":"2024-02-19T09:40:02","slug":"3-axis-cnc-cylindrical-grinder-jones-shipman-q-grind-u1000","status":"publish","type":"product","link":"https:\/\/www.laxmiusedmachine.com\/es\/prodotto\/3-axis-cnc-cylindrical-grinder-jones-shipman-q-grind-u1000\/","title":{"rendered":"RECTIFICADORA CIL\u00cdNDRICA CNC DE 3 EJES, JONES SHIPMAN \u2013 Q-GRIND U1000"},"content":{"rendered":"<div id=\"fws_69d6bcea328ba\"  data-column-margin=\"default\" data-midnight=\"dark\"  class=\"wpb_row vc_row-fluid vc_row\"  style=\"padding-top: 0px; padding-bottom: 0px; \"><div class=\"row-bg-wrap\" data-bg-animation=\"none\" data-bg-animation-delay=\"\" data-bg-overlay=\"false\"><div class=\"inner-wrap row-bg-layer\" ><div class=\"row-bg viewport-desktop\"  style=\"\"><\/div><\/div><\/div><div class=\"row_col_wrap_12 col span_12 dark left\">\n\t<div  class=\"vc_col-sm-4 wpb_column column_container vc_column_container col no-extra-padding inherit_tablet inherit_phone\"  data-padding-pos=\"all\" data-has-bg-color=\"false\" data-bg-color=\"\" data-bg-opacity=\"1\" data-animation=\"\" data-delay=\"0\" >\n\t\t<div class=\"vc_column-inner\" >\n\t\t\t<div class=\"wpb_wrapper\">\n\t\t\t\t\n\t\t\t<\/div> \n\t\t<\/div>\n\t<\/div> \n\n\t<div  class=\"vc_col-sm-4 wpb_column column_container vc_column_container col no-extra-padding inherit_tablet inherit_phone\"  data-padding-pos=\"all\" data-has-bg-color=\"false\" data-bg-color=\"\" data-bg-opacity=\"1\" data-animation=\"\" data-delay=\"0\" >\n\t\t<div class=\"vc_column-inner\" >\n\t\t\t<div class=\"wpb_wrapper\">\n\t\t\t\t<div class=\"nectar-fancy-ul\" data-list-icon=\"linecon-icon-settings\" data-animation=\"false\" data-animation-delay=\"0\" data-color=\"accent-color\" data-spacing=\"default\" data-alignment=\"left\"> \n<p style=\"text-align: center;\"><strong>RECTIFICADORA CIL\u00cdNDRICA CNC DE 3 EJES<br \/>\n<\/strong><strong>Equipado con:<\/strong><\/p>\n<ul>\n<li style=\"text-align: center;\"><strong>Muela de doble amolado<\/strong><\/li>\n<li style=\"text-align: center;\"><strong>Eje B (Mesa inclinable)<\/strong><\/li>\n<li style=\"text-align: center;\"><strong>Fijaci\u00f3n interna<\/strong><strong>\u00a0<\/strong><\/li>\n<\/ul>\n<ul>\n<li style=\"text-align: center;\"><strong>Hacer:<\/strong> Jones Shipman<\/li>\n<li style=\"text-align: center;\"><strong>Modelo:<\/strong> Q-Grind U1000<\/li>\n<li style=\"text-align: center;\"><strong>CNC:<\/strong> Serie Fanuc Oi-TF <strong>(\u00a1EL \u00daLTIMO CNC DE FANUC!)<\/strong><\/li>\n<li style=\"text-align: center;\"><strong>YOM:<\/strong> 2020<\/li>\n<li style=\"text-align: center;\"><strong>Distancia entre centros:<\/strong> 1000mm<\/li>\n<li style=\"text-align: center;\"><strong>Di\u00e1metro m\u00e1ximo de oscilaci\u00f3n:<\/strong> 450 mil\u00edmetros<\/li>\n<li style=\"text-align: center;\"><strong>Tama\u00f1o de la muela de rectificado del lado izquierdo:<\/strong> 450x50x127 mm<\/li>\n<li style=\"text-align: center;\"><strong>Tama\u00f1o de la muela de rectificado del lado derecho:<\/strong> 350x50x127 mm<\/li>\n<li style=\"text-align: center;\"><strong>Peso m\u00e1ximo permitido entre centros:<\/strong> 150 kilos<\/li>\n<\/ul>\n<p style=\"text-align: center;\"><strong>Otras informaciones:<\/strong><br \/>\nLa m\u00e1quina est\u00e1 en excelentes condiciones y est\u00e1 completa en todas sus partes y accesorios.<\/p>\n <\/div>\n\t\t\t<\/div> \n\t\t<\/div>\n\t<\/div> \n\n\t<div  class=\"vc_col-sm-4 wpb_column column_container vc_column_container col no-extra-padding inherit_tablet inherit_phone\"  data-padding-pos=\"all\" data-has-bg-color=\"false\" data-bg-color=\"\" data-bg-opacity=\"1\" data-animation=\"\" data-delay=\"0\" >\n\t\t<div class=\"vc_column-inner\" >\n\t\t\t<div class=\"wpb_wrapper\">\n\t\t\t\t\n\t\t\t<\/div> \n\t\t<\/div>\n\t<\/div> \n<\/div><\/div>","protected":false},"excerpt":{"rendered":"<p>Aqu\u00ed est\u00e1 nuestra <strong>RECTIFICADORA CIL\u00cdNDRICA CNC DE 3 EJES.<\/strong><\/p>\n<p>La m\u00e1quina est\u00e1 en excelentes condiciones, para cualquier informaci\u00f3n adicional estamos a su disposici\u00f3n!<\/p>","protected":false},"featured_media":9841,"comment_status":"closed","ping_status":"closed","template":"","meta":[],"product_brand":[],"product_cat":[100],"product_tag":[106,1161,788,810,1162,1163],"class_list":{"0":"post-9835","1":"product","2":"type-product","3":"status-publish","4":"has-post-thumbnail","6":"product_cat-cylindrical-grinding-machines","7":"product_tag-cylindrical-grinder","8":"product_tag-cylindrical-grinding-machine","9":"product_tag-grinding","10":"product_tag-jones-shipman","11":"product_tag-q-grind","12":"product_tag-u-1000","13":"pa_luogo-italia","15":"first","16":"instock","17":"downloadable","18":"shipping-taxable","19":"purchasable","20":"product-type-simple"},"_links":{"self":[{"href":"https:\/\/www.laxmiusedmachine.com\/es\/wp-json\/wp\/v2\/product\/9835","targetHints":{"allow":["GET"]}}],"collection":[{"href":"https:\/\/www.laxmiusedmachine.com\/es\/wp-json\/wp\/v2\/product"}],"about":[{"href":"https:\/\/www.laxmiusedmachine.com\/es\/wp-json\/wp\/v2\/types\/product"}],"replies":[{"embeddable":true,"href":"https:\/\/www.laxmiusedmachine.com\/es\/wp-json\/wp\/v2\/comments?post=9835"}],"wp:featuredmedia":[{"embeddable":true,"href":"https:\/\/www.laxmiusedmachine.com\/es\/wp-json\/wp\/v2\/media\/9841"}],"wp:attachment":[{"href":"https:\/\/www.laxmiusedmachine.com\/es\/wp-json\/wp\/v2\/media?parent=9835"}],"wp:term":[{"taxonomy":"product_brand","embeddable":true,"href":"https:\/\/www.laxmiusedmachine.com\/es\/wp-json\/wp\/v2\/product_brand?post=9835"},{"taxonomy":"product_cat","embeddable":true,"href":"https:\/\/www.laxmiusedmachine.com\/es\/wp-json\/wp\/v2\/product_cat?post=9835"},{"taxonomy":"product_tag","embeddable":true,"href":"https:\/\/www.laxmiusedmachine.com\/es\/wp-json\/wp\/v2\/product_tag?post=9835"}],"curies":[{"name":"wp","href":"https:\/\/api.w.org\/{rel}","templated":true}]}}