{"id":921,"date":"2020-08-11T12:52:37","date_gmt":"2020-08-11T12:52:37","guid":{"rendered":"https:\/\/www.laxmiusedmachine.com\/?post_type=product&#038;p=921"},"modified":"2023-10-23T06:26:24","modified_gmt":"2023-10-23T06:26:24","slug":"gear-tester-maag-ph-100","status":"publish","type":"product","link":"https:\/\/www.laxmiusedmachine.com\/es\/prodotto\/gear-tester-maag-ph-100\/","title":{"rendered":"PROBADOR DE ENGRANAJES, MAAG - PH 100"},"content":{"rendered":"<div id=\"fws_69e1dec3d1ebd\"  data-column-margin=\"default\" data-midnight=\"dark\"  class=\"wpb_row vc_row-fluid vc_row\"  style=\"padding-top: 0px; padding-bottom: 0px; \"><div class=\"row-bg-wrap\" data-bg-animation=\"none\" data-bg-animation-delay=\"\" data-bg-overlay=\"false\"><div class=\"inner-wrap row-bg-layer\" ><div class=\"row-bg viewport-desktop\"  style=\"\"><\/div><\/div><\/div><div class=\"row_col_wrap_12 col span_12 dark left\">\n\t<div  class=\"vc_col-sm-4 wpb_column column_container vc_column_container col no-extra-padding inherit_tablet inherit_phone\"  data-padding-pos=\"all\" data-has-bg-color=\"false\" data-bg-color=\"\" data-bg-opacity=\"1\" data-animation=\"\" data-delay=\"0\" >\n\t\t<div class=\"vc_column-inner\" >\n\t\t\t<div class=\"wpb_wrapper\">\n\t\t\t\t\n\t\t\t<\/div> \n\t\t<\/div>\n\t<\/div> \n\n\t<div  class=\"vc_col-sm-4 wpb_column column_container vc_column_container col no-extra-padding inherit_tablet inherit_phone\"  data-padding-pos=\"all\" data-has-bg-color=\"false\" data-bg-color=\"\" data-bg-opacity=\"1\" data-animation=\"\" data-delay=\"0\" >\n\t\t<div class=\"vc_column-inner\" >\n\t\t\t<div class=\"wpb_wrapper\">\n\t\t\t\t<div class=\"nectar-fancy-ul\" data-list-icon=\"linecon-icon-settings\" data-animation=\"false\" data-animation-delay=\"0\" data-color=\"accent-color\" data-spacing=\"default\" data-alignment=\"left\"> \n<p style=\"text-align: center;\"><span style=\"color: #008000;\"><em><strong>PROBADOR DE ENGRANAJES<\/strong><\/em><\/span><\/p>\n<ul>\n<li style=\"text-align: center;\"><span style=\"color: #008000;\">hacer: MAAG.<\/span><\/li>\n<li style=\"text-align: center;\"><span style=\"color: #008000;\">modelo: PH 100.<\/span><\/li>\n<li style=\"text-align: center;\">m\u00e1x. di\u00e1metro del engranaje: 1000 mm.<\/li>\n<li style=\"text-align: center;\">min. di\u00e1metro del engranaje: 350 mm.<\/li>\n<li style=\"text-align: center;\">rango del m\u00f3dulo: 0,5-25 mm.<\/li>\n<li style=\"text-align: center;\">distancia m\u00e1xima entre centros: 700 mm.<\/li>\n<li style=\"text-align: center;\">distancia m\u00ednima entre el centro: 30 mm.<\/li>\n<li style=\"text-align: center;\">inspecci\u00f3n de plomo m\u00e1x. a 0 \u00b0: 260 mm.<\/li>\n<li style=\"text-align: center;\">Se puede comprobar el \u00e1ngulo m\u00e1ximo de h\u00e9lice: 55 \u00b0<\/li>\n<li style=\"text-align: center;\">recorrido vertical de la corredera de la sonda: 350 mm.<\/li>\n<li style=\"text-align: center;\">carga de trabajo max: 1000 kg.<\/li>\n<li style=\"text-align: center;\">peso neto de la m\u00e1quina: 2500 kg.<\/li>\n<li style=\"text-align: center;\">peso bruto de la m\u00e1quina: 3500 kg<\/li>\n<\/ul>\n <\/div>\n\t\t\t<\/div> \n\t\t<\/div>\n\t<\/div> \n\n\t<div  class=\"vc_col-sm-4 wpb_column column_container vc_column_container col no-extra-padding inherit_tablet inherit_phone\"  data-padding-pos=\"all\" data-has-bg-color=\"false\" data-bg-color=\"\" data-bg-opacity=\"1\" data-animation=\"\" data-delay=\"0\" >\n\t\t<div class=\"vc_column-inner\" >\n\t\t\t<div class=\"wpb_wrapper\">\n\t\t\t\t\n\t\t\t<\/div> \n\t\t<\/div>\n\t<\/div> \n<\/div><\/div>","protected":false},"excerpt":{"rendered":"<p class=\"translation-block\">Aqu\u00ed est\u00e1 nuestra <strong>M\u00c1QUINA DE PRUEBA DE ENGRANAJES<\/strong><\/p>\n<p>Se encuentra en excelentes condiciones de funcionamiento, para cualquier informaci\u00f3n estamos a su disposici\u00f3n.<\/p>","protected":false},"featured_media":925,"comment_status":"closed","ping_status":"closed","template":"","meta":[],"product_brand":[],"product_cat":[28],"product_tag":[227,254,240,61,265,255],"class_list":{"0":"post-921","1":"product","2":"type-product","3":"status-publish","4":"has-post-thumbnail","6":"product_cat-gear-tester","7":"product_tag-gear","8":"product_tag-gear-tester","9":"product_tag-maag","10":"product_tag-machine","11":"product_tag-ph-100","12":"product_tag-tester","13":"pa_luogo-india","15":"first","16":"instock","17":"shipping-taxable","18":"product-type-simple"},"_links":{"self":[{"href":"https:\/\/www.laxmiusedmachine.com\/es\/wp-json\/wp\/v2\/product\/921","targetHints":{"allow":["GET"]}}],"collection":[{"href":"https:\/\/www.laxmiusedmachine.com\/es\/wp-json\/wp\/v2\/product"}],"about":[{"href":"https:\/\/www.laxmiusedmachine.com\/es\/wp-json\/wp\/v2\/types\/product"}],"replies":[{"embeddable":true,"href":"https:\/\/www.laxmiusedmachine.com\/es\/wp-json\/wp\/v2\/comments?post=921"}],"wp:featuredmedia":[{"embeddable":true,"href":"https:\/\/www.laxmiusedmachine.com\/es\/wp-json\/wp\/v2\/media\/925"}],"wp:attachment":[{"href":"https:\/\/www.laxmiusedmachine.com\/es\/wp-json\/wp\/v2\/media?parent=921"}],"wp:term":[{"taxonomy":"product_brand","embeddable":true,"href":"https:\/\/www.laxmiusedmachine.com\/es\/wp-json\/wp\/v2\/product_brand?post=921"},{"taxonomy":"product_cat","embeddable":true,"href":"https:\/\/www.laxmiusedmachine.com\/es\/wp-json\/wp\/v2\/product_cat?post=921"},{"taxonomy":"product_tag","embeddable":true,"href":"https:\/\/www.laxmiusedmachine.com\/es\/wp-json\/wp\/v2\/product_tag?post=921"}],"curies":[{"name":"wp","href":"https:\/\/api.w.org\/{rel}","templated":true}]}}