{"id":907,"date":"2020-08-11T12:43:36","date_gmt":"2020-08-11T12:43:36","guid":{"rendered":"https:\/\/www.laxmiusedmachine.com\/?post_type=product&#038;p=907"},"modified":"2023-12-11T18:50:13","modified_gmt":"2023-12-11T18:50:13","slug":"cnc-gear-shaving-machine-mikron-cima-h-250-cnc","status":"publish","type":"product","link":"https:\/\/www.laxmiusedmachine.com\/es\/prodotto\/cnc-gear-shaving-machine-mikron-cima-h-250-cnc\/","title":{"rendered":"AFEITADORA DE ENGRANAJES CNC DE 5 EJES, MIKRON CIMA \u2013 H250 CNC"},"content":{"rendered":"<div id=\"fws_69f5ec0891540\"  data-column-margin=\"default\" data-midnight=\"dark\"  class=\"wpb_row vc_row-fluid vc_row\"  style=\"padding-top: 0px; padding-bottom: 0px; \"><div class=\"row-bg-wrap\" data-bg-animation=\"none\" data-bg-animation-delay=\"\" data-bg-overlay=\"false\"><div class=\"inner-wrap row-bg-layer\" ><div class=\"row-bg viewport-desktop\"  style=\"\"><\/div><\/div><\/div><div class=\"row_col_wrap_12 col span_12 dark left\">\n\t<div  class=\"vc_col-sm-4 wpb_column column_container vc_column_container col no-extra-padding inherit_tablet inherit_phone\"  data-padding-pos=\"all\" data-has-bg-color=\"false\" data-bg-color=\"\" data-bg-opacity=\"1\" data-animation=\"\" data-delay=\"0\" >\n\t\t<div class=\"vc_column-inner\" >\n\t\t\t<div class=\"wpb_wrapper\">\n\t\t\t\t\n\t\t\t<\/div> \n\t\t<\/div>\n\t<\/div> \n\n\t<div  class=\"vc_col-sm-4 wpb_column column_container vc_column_container col no-extra-padding inherit_tablet inherit_phone\"  data-padding-pos=\"all\" data-has-bg-color=\"false\" data-bg-color=\"\" data-bg-opacity=\"1\" data-animation=\"\" data-delay=\"0\" >\n\t\t<div class=\"vc_column-inner\" >\n\t\t\t<div class=\"wpb_wrapper\">\n\t\t\t\t<div class=\"nectar-fancy-ul\" data-list-icon=\"linecon-icon-settings\" data-animation=\"false\" data-animation-delay=\"0\" data-color=\"accent-color\" data-spacing=\"default\" data-alignment=\"left\"> \n<p style=\"text-align: center;\"><strong>AFEITADORA DE ENGRANAJES CNC DE 5 EJES<br \/>\n(+ TEMPLE DE ENGRANAJES)<\/strong><\/p>\n<ul>\n<li style=\"text-align: center;\"><strong>Hacer:<\/strong> MIKRON CIMA<\/li>\n<li style=\"text-align: center;\"><strong>Modelo:<\/strong> CNC H250<\/li>\n<li style=\"text-align: center;\"><strong>CNC:<\/strong> Serie Fanuc 0-M<\/li>\n<\/ul>\n<p style=\"text-align: center;\"><strong>COMPONENTES<\/strong>:<\/p>\n<ul>\n<li style=\"text-align: center;\">Di\u00e1metro exterior: 25-250 mm<\/li>\n<li style=\"text-align: center;\">Ancho (engranaje): m\u00e1x. 150 mm<\/li>\n<li style=\"text-align: center;\">Longitud (eje): m\u00e1x. 580:600 mm<\/li>\n<li style=\"text-align: center;\">M\u00f3dulo: 0,5 \u2013 5,5<\/li>\n<\/ul>\n<p style=\"text-align: center;\"><strong>RUEDA<\/strong>:<\/p>\n<ul>\n<li style=\"text-align: center;\">Di\u00e1metro exterior: 300 y 350 mm<\/li>\n<li style=\"text-align: center;\">Ancho : m\u00e1x. 50mm<\/li>\n<li style=\"text-align: center;\">\u00c1ngulo de giro: (R) 25 y (L) 25<\/li>\n<\/ul>\n<p style=\"text-align: center;\"><strong>REVOLUCI\u00d3N<\/strong>:<\/p>\n<ul>\n<li style=\"text-align: center;\">Velocidad de la rueda: 10:750 rpm<\/li>\n<li style=\"text-align: center;\">Velocidad del componente: m\u00e1x. 8000rpm<\/li>\n<\/ul>\n<p style=\"text-align: center;\"><strong>MESA<\/strong>:<\/p>\n<ul>\n<li style=\"text-align: center;\">Velocidad de avance: 1:1000 rpm<\/li>\n<li style=\"text-align: center;\">Carrera: (R) 100 y (L) 100 mm<\/li>\n<li style=\"text-align: center;\">\u00c1ngulo de giro por coronaci\u00f3n : m\u00e1x. 3\u00b0<\/li>\n<\/ul>\n<p style=\"text-align: center;\"><strong>M\u00c9TODOS DE CORTE<\/strong>:<\/p>\n<ul>\n<li style=\"text-align: center;\">Inmersi\u00f3n<\/li>\n<li style=\"text-align: center;\">Plunge con oscilaci\u00f3n (alimentaci\u00f3n de mesa)<\/li>\n<li style=\"text-align: center;\">Convencional<\/li>\n<\/ul>\n<p style=\"text-align: center;\"><strong>FUENTE DE ALIMENTACI\u00d3N<\/strong><\/p>\n<ul>\n<li style=\"text-align: center;\">Circuito de alimentaci\u00f3n: 3 fases AC380V 50Hz<\/li>\n<li style=\"text-align: center;\">Circuito de control: CA 100 V y CC 24 V<\/li>\n<li style=\"text-align: center;\">Potencia total : 20 KVA<\/li>\n<li style=\"text-align: center;\">PESO DE LA MAQUINA : 5000 Kg<\/li>\n<li style=\"text-align: center;\">SERVO MOTOR AC modelo 0S (0,55 Kw)<\/li>\n<li style=\"text-align: center;\">SERVO MOTOR AC modelo 5S (0,9 Kw)<\/li>\n<li style=\"text-align: center;\">SERVO MOTOR AC modelo 1 0 S (1.8Kw)<\/li>\n<li style=\"text-align: center;\">SERVO MOTOR AC modelo 0S (0.55Kw)<\/li>\n<li style=\"text-align: center;\">MOTOR HUSILLO CA modelo 3S (3,7 Kw)<\/li>\n<\/ul>\n <\/div>\n\t\t\t<\/div> \n\t\t<\/div>\n\t<\/div> \n\n\t<div  class=\"vc_col-sm-4 wpb_column column_container vc_column_container col no-extra-padding inherit_tablet inherit_phone\"  data-padding-pos=\"all\" data-has-bg-color=\"false\" data-bg-color=\"\" data-bg-opacity=\"1\" data-animation=\"\" data-delay=\"0\" >\n\t\t<div class=\"vc_column-inner\" >\n\t\t\t<div class=\"wpb_wrapper\">\n\t\t\t\t\n\t\t\t<\/div> \n\t\t<\/div>\n\t<\/div> \n<\/div><\/div>","protected":false},"excerpt":{"rendered":"<p>Aqu\u00ed est\u00e1 nuestro <strong>M\u00c1QUINA DE AFEITADO DE ENGRANAJES CNC DE 5 EJES (+ TEMPLADO)<\/strong><\/p>\n<p>Se encuentra en excelentes condiciones de funcionamiento, para cualquier informaci\u00f3n estamos a su disposici\u00f3n.<\/p>","protected":false},"featured_media":909,"comment_status":"closed","ping_status":"closed","template":"","meta":[],"product_brand":[],"product_cat":[446],"product_tag":[252,828,90,88,581],"class_list":{"0":"post-907","1":"product","2":"type-product","3":"status-publish","4":"has-post-thumbnail","6":"product_cat-cnc-gear-shaving-machines","7":"product_tag-cnc-gear-shaving","8":"product_tag-h-250","9":"product_tag-h250","10":"product_tag-mikron-cima","11":"product_tag-rasatrice-cnc","12":"pa_luogo-italia","14":"first","15":"instock","16":"shipping-taxable","17":"product-type-simple"},"_links":{"self":[{"href":"https:\/\/www.laxmiusedmachine.com\/es\/wp-json\/wp\/v2\/product\/907","targetHints":{"allow":["GET"]}}],"collection":[{"href":"https:\/\/www.laxmiusedmachine.com\/es\/wp-json\/wp\/v2\/product"}],"about":[{"href":"https:\/\/www.laxmiusedmachine.com\/es\/wp-json\/wp\/v2\/types\/product"}],"replies":[{"embeddable":true,"href":"https:\/\/www.laxmiusedmachine.com\/es\/wp-json\/wp\/v2\/comments?post=907"}],"wp:featuredmedia":[{"embeddable":true,"href":"https:\/\/www.laxmiusedmachine.com\/es\/wp-json\/wp\/v2\/media\/909"}],"wp:attachment":[{"href":"https:\/\/www.laxmiusedmachine.com\/es\/wp-json\/wp\/v2\/media?parent=907"}],"wp:term":[{"taxonomy":"product_brand","embeddable":true,"href":"https:\/\/www.laxmiusedmachine.com\/es\/wp-json\/wp\/v2\/product_brand?post=907"},{"taxonomy":"product_cat","embeddable":true,"href":"https:\/\/www.laxmiusedmachine.com\/es\/wp-json\/wp\/v2\/product_cat?post=907"},{"taxonomy":"product_tag","embeddable":true,"href":"https:\/\/www.laxmiusedmachine.com\/es\/wp-json\/wp\/v2\/product_tag?post=907"}],"curies":[{"name":"wp","href":"https:\/\/api.w.org\/{rel}","templated":true}]}}