{"id":8412,"date":"2023-10-05T09:20:33","date_gmt":"2023-10-05T09:20:33","guid":{"rendered":"https:\/\/www.laxmiusedmachine.com\/?post_type=product&#038;p=8412"},"modified":"2024-02-19T09:40:16","modified_gmt":"2024-02-19T09:40:16","slug":"4-axis-cnc-internal-grinding-machine-reinecker-isa-200-cnc","status":"publish","type":"product","link":"https:\/\/www.laxmiusedmachine.com\/es\/prodotto\/4-axis-cnc-internal-grinding-machine-reinecker-isa-200-cnc\/","title":{"rendered":"RECTIFICADORA DE INTERIORES CNC DE 4 EJES, REINECKER \u2013 ISA 200 CNC"},"content":{"rendered":"<div id=\"fws_69f74071a7bf0\"  data-column-margin=\"default\" data-midnight=\"dark\"  class=\"wpb_row vc_row-fluid vc_row\"  style=\"padding-top: 0px; padding-bottom: 0px; \"><div class=\"row-bg-wrap\" data-bg-animation=\"none\" data-bg-animation-delay=\"\" data-bg-overlay=\"false\"><div class=\"inner-wrap row-bg-layer\" ><div class=\"row-bg viewport-desktop\"  style=\"\"><\/div><\/div><\/div><div class=\"row_col_wrap_12 col span_12 dark left\">\n\t<div  class=\"vc_col-sm-4 wpb_column column_container vc_column_container col no-extra-padding inherit_tablet inherit_phone\"  data-padding-pos=\"all\" data-has-bg-color=\"false\" data-bg-color=\"\" data-bg-opacity=\"1\" data-animation=\"\" data-delay=\"0\" >\n\t\t<div class=\"vc_column-inner\" >\n\t\t\t<div class=\"wpb_wrapper\">\n\t\t\t\t\n\t\t\t<\/div> \n\t\t<\/div>\n\t<\/div> \n\n\t<div  class=\"vc_col-sm-4 wpb_column column_container vc_column_container col no-extra-padding inherit_tablet inherit_phone\"  data-padding-pos=\"all\" data-has-bg-color=\"false\" data-bg-color=\"\" data-bg-opacity=\"1\" data-animation=\"\" data-delay=\"0\" >\n\t\t<div class=\"vc_column-inner\" >\n\t\t\t<div class=\"wpb_wrapper\">\n\t\t\t\t<div class=\"nectar-fancy-ul\" data-list-icon=\"linecon-icon-settings\" data-animation=\"false\" data-animation-delay=\"0\" data-color=\"accent-color\" data-spacing=\"default\" data-alignment=\"left\"> \n<p style=\"text-align: center;\"><strong>RECTIFICADORA INTERIOR CNC DE 4 EJES<\/strong><\/p>\n<ul>\n<li style=\"text-align: center;\"><strong>Hacer:<\/strong> Reinecker<\/li>\n<li style=\"text-align: center;\"><strong>Modelo:<\/strong> ISA 200 CNC<\/li>\n<li style=\"text-align: center;\"><strong>CNC:<\/strong> Sistema Siemens Sinumerik 3<\/li>\n<li style=\"text-align: center;\"><strong>Di\u00e1metro de molienda m\u00edn. \u2013 m\u00e1x.:<\/strong> 10 \u2013 250 mil\u00edmetros<\/li>\n<li style=\"text-align: center;\"><strong>Profundidad m\u00e1xima de pulido:<\/strong> 250mm<\/li>\n<li style=\"text-align: center;\"><strong>Altura del centro:<\/strong> 305 mil\u00edmetros<\/li>\n<li style=\"text-align: center;\"><strong>Recorrido del eje X:<\/strong> 75mm<\/li>\n<li style=\"text-align: center;\"><strong>Viaje en el eje U:<\/strong> 200mm<\/li>\n<li style=\"text-align: center;\"><strong>Recorrido del eje Z:<\/strong> 550mm<\/li>\n<li style=\"text-align: center;\"><strong>Cono del husillo:<\/strong> Morse 6<\/li>\n<li style=\"text-align: center;\"><strong>Inclinaci\u00f3n m\u00e1xima del husillo:<\/strong> 15\u00b0<\/li>\n<\/ul>\n<p style=\"text-align: center;\"><strong>Otras informaciones:<\/strong><br \/>\nLa m\u00e1quina est\u00e1 en excelentes condiciones y est\u00e1 completa en todas sus partes y accesorios.<br \/>\nEn particular, la m\u00e1quina est\u00e1 equipada con <strong>3 husillos<br \/>\n(hasta 75.000 rpm)<\/strong><\/p>\n <\/div>\n\t\t\t<\/div> \n\t\t<\/div>\n\t<\/div> \n\n\t<div  class=\"vc_col-sm-4 wpb_column column_container vc_column_container col no-extra-padding inherit_tablet inherit_phone\"  data-padding-pos=\"all\" data-has-bg-color=\"false\" data-bg-color=\"\" data-bg-opacity=\"1\" data-animation=\"\" data-delay=\"0\" >\n\t\t<div class=\"vc_column-inner\" >\n\t\t\t<div class=\"wpb_wrapper\">\n\t\t\t\t\n\t\t\t<\/div> \n\t\t<\/div>\n\t<\/div> \n<\/div><\/div>","protected":false},"excerpt":{"rendered":"<p>Aqu\u00ed est\u00e1 nuestro<strong> RECTIFICADORA DE INTERIORES CNC DE 4 EJES.<\/strong><\/p>\n<p>Esta en excelente estado, para cualquier mayor informaci\u00f3n estamos a su disposici\u00f3n!<\/p>\n<p>&nbsp;<\/p>\n<p>https:\/\/www.youtube.com\/watch?v=CaUyfiQ05cY<\/p>\n<p>&nbsp;<\/p>","protected":false},"featured_media":8531,"comment_status":"closed","ping_status":"closed","template":"","meta":[],"product_brand":[],"product_cat":[36],"product_tag":[764,52,72,792,1069,681],"class_list":{"0":"post-8412","1":"product","2":"type-product","3":"status-publish","4":"has-post-thumbnail","6":"product_cat-internal-grinding-machines","7":"product_tag-4-axis","8":"product_tag-cnc","9":"product_tag-internal-grinder","10":"product_tag-internal-grinding","11":"product_tag-isa-200-cnc","12":"product_tag-reinecker","13":"pa_luogo-india","15":"first","16":"instock","17":"shipping-taxable","18":"product-type-simple"},"_links":{"self":[{"href":"https:\/\/www.laxmiusedmachine.com\/es\/wp-json\/wp\/v2\/product\/8412","targetHints":{"allow":["GET"]}}],"collection":[{"href":"https:\/\/www.laxmiusedmachine.com\/es\/wp-json\/wp\/v2\/product"}],"about":[{"href":"https:\/\/www.laxmiusedmachine.com\/es\/wp-json\/wp\/v2\/types\/product"}],"replies":[{"embeddable":true,"href":"https:\/\/www.laxmiusedmachine.com\/es\/wp-json\/wp\/v2\/comments?post=8412"}],"wp:featuredmedia":[{"embeddable":true,"href":"https:\/\/www.laxmiusedmachine.com\/es\/wp-json\/wp\/v2\/media\/8531"}],"wp:attachment":[{"href":"https:\/\/www.laxmiusedmachine.com\/es\/wp-json\/wp\/v2\/media?parent=8412"}],"wp:term":[{"taxonomy":"product_brand","embeddable":true,"href":"https:\/\/www.laxmiusedmachine.com\/es\/wp-json\/wp\/v2\/product_brand?post=8412"},{"taxonomy":"product_cat","embeddable":true,"href":"https:\/\/www.laxmiusedmachine.com\/es\/wp-json\/wp\/v2\/product_cat?post=8412"},{"taxonomy":"product_tag","embeddable":true,"href":"https:\/\/www.laxmiusedmachine.com\/es\/wp-json\/wp\/v2\/product_tag?post=8412"}],"curies":[{"name":"wp","href":"https:\/\/api.w.org\/{rel}","templated":true}]}}