{"id":7603,"date":"2023-08-07T06:29:38","date_gmt":"2023-08-07T06:29:38","guid":{"rendered":"https:\/\/www.laxmiusedmachine.com\/?post_type=product&#038;p=7603"},"modified":"2024-01-10T08:24:38","modified_gmt":"2024-01-10T08:24:38","slug":"cnc-lathe-doosan-puma-300-c","status":"publish","type":"product","link":"https:\/\/www.laxmiusedmachine.com\/es\/prodotto\/cnc-lathe-doosan-puma-300-c\/","title":{"rendered":"TORNO CNC DOOSAN \u2013 PUMA 300C"},"content":{"rendered":"<div id=\"fws_69eeb7a892724\"  data-column-margin=\"default\" data-midnight=\"dark\"  class=\"wpb_row vc_row-fluid vc_row\"  style=\"padding-top: 0px; padding-bottom: 0px; \"><div class=\"row-bg-wrap\" data-bg-animation=\"none\" data-bg-animation-delay=\"\" data-bg-overlay=\"false\"><div class=\"inner-wrap row-bg-layer\" ><div class=\"row-bg viewport-desktop\"  style=\"\"><\/div><\/div><\/div><div class=\"row_col_wrap_12 col span_12 dark left\">\n\t<div  class=\"vc_col-sm-4 wpb_column column_container vc_column_container col no-extra-padding inherit_tablet inherit_phone\"  data-padding-pos=\"all\" data-has-bg-color=\"false\" data-bg-color=\"\" data-bg-opacity=\"1\" data-animation=\"\" data-delay=\"0\" >\n\t\t<div class=\"vc_column-inner\" >\n\t\t\t<div class=\"wpb_wrapper\">\n\t\t\t\t\n\t\t\t<\/div> \n\t\t<\/div>\n\t<\/div> \n\n\t<div  class=\"vc_col-sm-4 wpb_column column_container vc_column_container col no-extra-padding inherit_tablet inherit_phone\"  data-padding-pos=\"all\" data-has-bg-color=\"false\" data-bg-color=\"\" data-bg-opacity=\"1\" data-animation=\"\" data-delay=\"0\" >\n\t\t<div class=\"vc_column-inner\" >\n\t\t\t<div class=\"wpb_wrapper\">\n\t\t\t\t<div class=\"nectar-fancy-ul\" data-list-icon=\"linecon-icon-settings\" data-animation=\"false\" data-animation-delay=\"0\" data-color=\"accent-color\" data-spacing=\"default\" data-alignment=\"left\"> \n<p style=\"text-align: center;\"><strong>TORNO CNC<br \/>\nEQUIPADO CON TRANSPORTADOR DE VIRUTAS<\/strong><\/p>\n<p style=\"text-align: center;\"><strong>Hacer:<\/strong> Doosan<br \/>\n<strong>Modelo:<\/strong> PUMA 300 C<br \/>\n<strong>CNC:<\/strong> Serie FANUC 21i-TB<br \/>\n<strong>YOM:<\/strong> 2007<\/p>\n<ul style=\"text-align: center;\">\n<li><strong>Di\u00e1metro m\u00e1ximo de giro:<\/strong> 400mm<\/li>\n<li><strong>Longitud m\u00e1xima de giro:<\/strong> 630 mil\u00edmetros<\/li>\n<li><strong>Recorrido del eje X:<\/strong> 282 mil\u00edmetros<\/li>\n<li><strong>Recorrido del eje Z:<\/strong> 680mm<\/li>\n<li><strong>Di\u00e1metro del husillo:<\/strong> 315 mil\u00edmetros<\/li>\n<li><strong>Nariz del husillo: ASA A2-11<br \/>\n<\/strong><\/li>\n<li><strong>Agujero del husillo:<\/strong> <strong>102 mil\u00edmetros<\/strong><\/li>\n<li><b>N\u00famero de herramientas: <\/b>10<\/li>\n<\/ul>\n<p style=\"text-align: center;\"><strong>Otras informaciones:<\/strong><\/p>\n<p style=\"text-align: center;\">La m\u00e1quina est\u00e1 en excelentes condiciones y est\u00e1 completa en todas sus partes y accesorios.<strong><br \/>\n<\/strong><strong>(transportador de virutas incluido)<\/strong><\/p>\n <\/div>\n\t\t\t<\/div> \n\t\t<\/div>\n\t<\/div> \n\n\t<div  class=\"vc_col-sm-4 wpb_column column_container vc_column_container col no-extra-padding inherit_tablet inherit_phone\"  data-padding-pos=\"all\" data-has-bg-color=\"false\" data-bg-color=\"\" data-bg-opacity=\"1\" data-animation=\"\" data-delay=\"0\" >\n\t\t<div class=\"vc_column-inner\" >\n\t\t\t<div class=\"wpb_wrapper\">\n\t\t\t\t\n\t\t\t<\/div> \n\t\t<\/div>\n\t<\/div> \n<\/div><\/div>","protected":false},"excerpt":{"rendered":"<p>Aqu\u00ed est\u00e1 nuestra <strong>TORNO CNC.<\/strong><\/p>\n<p>Se encuentra en excelente estado, para cualquier mayor informaci\u00f3n estamos a su disposici\u00f3n.<\/p>\n<p>https:\/\/youtu.be\/2n9guAZoysg<\/p>\n<p>&nbsp;<\/p>","protected":false},"featured_media":7612,"comment_status":"closed","ping_status":"closed","template":"","meta":[],"product_brand":[],"product_cat":[24],"product_tag":[52,526,855,53,1011],"class_list":{"0":"post-7603","1":"product","2":"type-product","3":"status-publish","4":"has-post-thumbnail","6":"product_cat-cnc-lathe-machines","7":"product_tag-cnc","8":"product_tag-doosan","9":"product_tag-fanuc","10":"product_tag-lathe","11":"product_tag-puma","12":"pa_luogo-india","14":"first","15":"instock","16":"shipping-taxable","17":"product-type-simple"},"_links":{"self":[{"href":"https:\/\/www.laxmiusedmachine.com\/es\/wp-json\/wp\/v2\/product\/7603","targetHints":{"allow":["GET"]}}],"collection":[{"href":"https:\/\/www.laxmiusedmachine.com\/es\/wp-json\/wp\/v2\/product"}],"about":[{"href":"https:\/\/www.laxmiusedmachine.com\/es\/wp-json\/wp\/v2\/types\/product"}],"replies":[{"embeddable":true,"href":"https:\/\/www.laxmiusedmachine.com\/es\/wp-json\/wp\/v2\/comments?post=7603"}],"wp:featuredmedia":[{"embeddable":true,"href":"https:\/\/www.laxmiusedmachine.com\/es\/wp-json\/wp\/v2\/media\/7612"}],"wp:attachment":[{"href":"https:\/\/www.laxmiusedmachine.com\/es\/wp-json\/wp\/v2\/media?parent=7603"}],"wp:term":[{"taxonomy":"product_brand","embeddable":true,"href":"https:\/\/www.laxmiusedmachine.com\/es\/wp-json\/wp\/v2\/product_brand?post=7603"},{"taxonomy":"product_cat","embeddable":true,"href":"https:\/\/www.laxmiusedmachine.com\/es\/wp-json\/wp\/v2\/product_cat?post=7603"},{"taxonomy":"product_tag","embeddable":true,"href":"https:\/\/www.laxmiusedmachine.com\/es\/wp-json\/wp\/v2\/product_tag?post=7603"}],"curies":[{"name":"wp","href":"https:\/\/api.w.org\/{rel}","templated":true}]}}