{"id":7535,"date":"2023-08-03T07:21:48","date_gmt":"2023-08-03T07:21:48","guid":{"rendered":"https:\/\/www.laxmiusedmachine.com\/?post_type=product&#038;p=7535"},"modified":"2024-11-30T09:48:59","modified_gmt":"2024-11-30T09:48:59","slug":"3-axis-high-speed-cnc-gear-shaper-lorenz-ls-150","status":"publish","type":"product","link":"https:\/\/www.laxmiusedmachine.com\/es\/prodotto\/3-axis-high-speed-cnc-gear-shaper-lorenz-ls-150\/","title":{"rendered":"FORJADORA DE ENGRANAJES CNC DE ALTA VELOCIDAD DE 3 EJES, LORENZ \u2013 LS 150"},"content":{"rendered":"<div id=\"fws_69f419eb85f11\"  data-column-margin=\"default\" data-midnight=\"dark\"  class=\"wpb_row vc_row-fluid vc_row\"  style=\"padding-top: 0px; padding-bottom: 0px; \"><div class=\"row-bg-wrap\" data-bg-animation=\"none\" data-bg-animation-delay=\"\" data-bg-overlay=\"false\"><div class=\"inner-wrap row-bg-layer\" ><div class=\"row-bg viewport-desktop\"  style=\"\"><\/div><\/div><\/div><div class=\"row_col_wrap_12 col span_12 dark left\">\n\t<div  class=\"vc_col-sm-4 wpb_column column_container vc_column_container col no-extra-padding inherit_tablet inherit_phone\"  data-padding-pos=\"all\" data-has-bg-color=\"false\" data-bg-color=\"\" data-bg-opacity=\"1\" data-animation=\"\" data-delay=\"0\" >\n\t\t<div class=\"vc_column-inner\" >\n\t\t\t<div class=\"wpb_wrapper\">\n\t\t\t\t\n\t\t\t<\/div> \n\t\t<\/div>\n\t<\/div> \n\n\t<div  class=\"vc_col-sm-4 wpb_column column_container vc_column_container col no-extra-padding inherit_tablet inherit_phone\"  data-padding-pos=\"all\" data-has-bg-color=\"false\" data-bg-color=\"\" data-bg-opacity=\"1\" data-animation=\"\" data-delay=\"0\" >\n\t\t<div class=\"vc_column-inner\" >\n\t\t\t<div class=\"wpb_wrapper\">\n\t\t\t\t<div class=\"nectar-fancy-ul\" data-list-icon=\"linecon-icon-settings\" data-animation=\"false\" data-animation-delay=\"0\" data-color=\"accent-color\" data-spacing=\"default\" data-alignment=\"left\"> \n<p style=\"text-align: center;\"><strong>FORJADORA DE ENGRANAJES CNC DE ALTA VELOCIDAD DE 3 EJES<\/strong><br \/>\n<strong>EQUIPADO CON CONTRAPUNTO<\/strong><\/p>\n<ul>\n<li style=\"text-align: center;\"><strong>Hacer:<\/strong> Lorenz<\/li>\n<li style=\"text-align: center;\"><strong>Modelo:<\/strong> LS 150<\/li>\n<li style=\"text-align: center;\"><strong>CNC:<\/strong> Siemens 810<\/li>\n<li style=\"text-align: center;\"><strong>Di\u00e1metro m\u00e1ximo del engranaje interno:<\/strong> 280mm<\/li>\n<li style=\"text-align: center;\"><strong>Di\u00e1metro m\u00e1ximo del engranaje externo:<\/strong> 150 mil\u00edmetros<\/li>\n<li style=\"text-align: center;\"><strong>M\u00f3dulo m\u00e1ximo:<\/strong> 4<\/li>\n<li style=\"text-align: center;\"><strong>Carrera:<\/strong> 52 mil\u00edmetros<\/li>\n<li style=\"text-align: center;\"><strong>Tama\u00f1o de la mesa:<\/strong> 250mm<\/li>\n<li style=\"text-align: center;\"><i class=\"icon-default-style icon-salient-thin-line accent-color\"><\/i><strong>Di\u00e1metro interior de la mesa:<\/strong> 100 mil\u00edmetros<\/li>\n<li style=\"text-align: center;\"><i class=\"icon-default-style icon-salient-thin-line accent-color\"><\/i><strong>Tabla de distancias \u2013 cabezal de tallado:<\/strong> 265 mil\u00edmetros<\/li>\n<li style=\"text-align: center;\"><i class=\"icon-default-style icon-salient-thin-line accent-color\"><\/i><strong>Peso:<\/strong> 6,5 toneladas (aprox.)<\/li>\n<\/ul>\n<p style=\"text-align: center;\"><strong>Otras informaciones:<br \/>\n<\/strong>La m\u00e1quina est\u00e1 en excelentes condiciones y est\u00e1 completa en todas sus partes y accesorios. <strong>(Contrapunto incluido)<\/strong><\/p>\n <\/div>\n\t\t\t<\/div> \n\t\t<\/div>\n\t<\/div> \n\n\t<div  class=\"vc_col-sm-4 wpb_column column_container vc_column_container col no-extra-padding inherit_tablet inherit_phone\"  data-padding-pos=\"all\" data-has-bg-color=\"false\" data-bg-color=\"\" data-bg-opacity=\"1\" data-animation=\"\" data-delay=\"0\" >\n\t\t<div class=\"vc_column-inner\" >\n\t\t\t<div class=\"wpb_wrapper\">\n\t\t\t\t\n\t\t\t<\/div> \n\t\t<\/div>\n\t<\/div> \n<\/div><\/div>","protected":false},"excerpt":{"rendered":"<p>Aqu\u00ed est\u00e1 nuestro <strong>FORJADORA DE ENGRANAJES CNC DE ALTA VELOCIDAD DE 3 EJES.<\/strong><\/p>\n<p>Es <strong>equipado con contrapunto,<\/strong> Para cualquier informaci\u00f3n adicional estamos a su disposici\u00f3n.<\/p>","protected":false},"featured_media":8364,"comment_status":"closed","ping_status":"closed","template":"","meta":[],"product_brand":[],"product_cat":[445],"product_tag":[1003,227,451,250,1005,1004,820],"class_list":{"0":"post-7535","1":"product","2":"type-product","3":"status-publish","4":"has-post-thumbnail","6":"product_cat-cnc-gear-shaping-machines","7":"product_tag-cnc-gear-shaper","8":"product_tag-gear","9":"product_tag-gear-cutter","10":"product_tag-lorenz","11":"product_tag-ls-150","12":"product_tag-ls150","13":"product_tag-shaping","14":"pa_luogo-india","16":"first","17":"instock","18":"shipping-taxable","19":"product-type-simple"},"_links":{"self":[{"href":"https:\/\/www.laxmiusedmachine.com\/es\/wp-json\/wp\/v2\/product\/7535","targetHints":{"allow":["GET"]}}],"collection":[{"href":"https:\/\/www.laxmiusedmachine.com\/es\/wp-json\/wp\/v2\/product"}],"about":[{"href":"https:\/\/www.laxmiusedmachine.com\/es\/wp-json\/wp\/v2\/types\/product"}],"replies":[{"embeddable":true,"href":"https:\/\/www.laxmiusedmachine.com\/es\/wp-json\/wp\/v2\/comments?post=7535"}],"wp:featuredmedia":[{"embeddable":true,"href":"https:\/\/www.laxmiusedmachine.com\/es\/wp-json\/wp\/v2\/media\/8364"}],"wp:attachment":[{"href":"https:\/\/www.laxmiusedmachine.com\/es\/wp-json\/wp\/v2\/media?parent=7535"}],"wp:term":[{"taxonomy":"product_brand","embeddable":true,"href":"https:\/\/www.laxmiusedmachine.com\/es\/wp-json\/wp\/v2\/product_brand?post=7535"},{"taxonomy":"product_cat","embeddable":true,"href":"https:\/\/www.laxmiusedmachine.com\/es\/wp-json\/wp\/v2\/product_cat?post=7535"},{"taxonomy":"product_tag","embeddable":true,"href":"https:\/\/www.laxmiusedmachine.com\/es\/wp-json\/wp\/v2\/product_tag?post=7535"}],"curies":[{"name":"wp","href":"https:\/\/api.w.org\/{rel}","templated":true}]}}