{"id":749,"date":"2020-08-10T10:01:55","date_gmt":"2020-08-10T10:01:55","guid":{"rendered":"https:\/\/www.laxmiusedmachine.com\/?post_type=product&#038;p=749"},"modified":"2023-07-12T08:21:41","modified_gmt":"2023-07-12T08:21:41","slug":"gear-grinder-maag-hss-10","status":"publish","type":"product","link":"https:\/\/www.laxmiusedmachine.com\/es\/prodotto\/gear-grinder-maag-hss-10\/","title":{"rendered":"RECTIFICADORA DE ENGRANAJES, MAAG - HSS 10"},"content":{"rendered":"<div id=\"fws_6a03bad28d1d9\"  data-column-margin=\"default\" data-midnight=\"dark\"  class=\"wpb_row vc_row-fluid vc_row\"  style=\"padding-top: 0px; padding-bottom: 0px; \"><div class=\"row-bg-wrap\" data-bg-animation=\"none\" data-bg-animation-delay=\"\" data-bg-overlay=\"false\"><div class=\"inner-wrap row-bg-layer\" ><div class=\"row-bg viewport-desktop\"  style=\"\"><\/div><\/div><\/div><div class=\"row_col_wrap_12 col span_12 dark left\">\n\t<div  class=\"vc_col-sm-4 wpb_column column_container vc_column_container col no-extra-padding inherit_tablet inherit_phone\"  data-padding-pos=\"all\" data-has-bg-color=\"false\" data-bg-color=\"\" data-bg-opacity=\"1\" data-animation=\"\" data-delay=\"0\" >\n\t\t<div class=\"vc_column-inner\" >\n\t\t\t<div class=\"wpb_wrapper\">\n\t\t\t\t\n\t\t\t<\/div> \n\t\t<\/div>\n\t<\/div> \n\n\t<div  class=\"vc_col-sm-4 wpb_column column_container vc_column_container col no-extra-padding inherit_tablet inherit_phone\"  data-padding-pos=\"all\" data-has-bg-color=\"false\" data-bg-color=\"\" data-bg-opacity=\"1\" data-animation=\"\" data-delay=\"0\" >\n\t\t<div class=\"vc_column-inner\" >\n\t\t\t<div class=\"wpb_wrapper\">\n\t\t\t\t<div class=\"nectar-fancy-ul\" data-list-icon=\"linecon-icon-settings\" data-animation=\"false\" data-animation-delay=\"0\" data-color=\"accent-color\" data-spacing=\"default\" data-alignment=\"left\"> \n<p style=\"text-align: center;\"><span style=\"color: #008000;\"><em><strong>RECTIFICADORA DE ENGRANAJES<\/strong><\/em><\/span><\/p>\n<ul>\n<li style=\"text-align: center;\"><span style=\"color: #008000;\">Marca: MAAG.<\/span><\/li>\n<li style=\"text-align: center;\"><span style=\"color: #008000;\">Modelo: HSS 10.<\/span><\/li>\n<li style=\"text-align: center;\">N\u00famero de dientes: 10-75.<\/li>\n<li style=\"text-align: center;\">M\u00f3dulo: 1-5.<\/li>\n<li style=\"text-align: center;\">\u00c1ngulo helicoidal m\u00e1ximo de 45 grados.<\/li>\n<li style=\"text-align: center;\">Di\u00e1metro m\u00e1ximo de rueda: 150 mm.<\/li>\n<li style=\"text-align: center;\">El di\u00e1metro m\u00ednimo de la rueda (base): 28 mm.<\/li>\n<li style=\"text-align: center;\">Di\u00e1metro mandril: 19 mm.<\/li>\n<li style=\"text-align: center;\">Longitud del mandril: 290 mm.<\/li>\n<li style=\"text-align: center;\">Distancia entre centros: 205 a 332 mm.<\/li>\n<li style=\"text-align: center;\">Di\u00e1metro de la muela: 165-220 mm.<\/li>\n<li style=\"text-align: center;\">Di\u00e1metro agujero en la mesa: 90 mm.<\/li>\n<li style=\"text-align: center;\">\u00cdndice promedio. Disco: 120 mm.<\/li>\n<li style=\"text-align: center;\">Carrera: 120 a 440 min-1 (15 velocidades).<\/li>\n<li style=\"text-align: center;\">Superficie de suelo de la m\u00e1quina: 1820 x 1550 mm.<\/li>\n<\/ul>\n <\/div>\n\t\t\t<\/div> \n\t\t<\/div>\n\t<\/div> \n\n\t<div  class=\"vc_col-sm-4 wpb_column column_container vc_column_container col no-extra-padding inherit_tablet inherit_phone\"  data-padding-pos=\"all\" data-has-bg-color=\"false\" data-bg-color=\"\" data-bg-opacity=\"1\" data-animation=\"\" data-delay=\"0\" >\n\t\t<div class=\"vc_column-inner\" >\n\t\t\t<div class=\"wpb_wrapper\">\n\t\t\t\t\n\t\t\t<\/div> \n\t\t<\/div>\n\t<\/div> \n<\/div><\/div>","protected":false},"excerpt":{"rendered":"<p class=\"translation-block\">Aqu\u00ed est\u00e1 nuestra <strong>M\u00c1QUINA AMOLADORA DE ENGRANAJES<\/strong><\/p>\n<p>Se encuentra en excelentes condiciones de funcionamiento, para cualquier informaci\u00f3n estamos a su disposici\u00f3n.<\/p>","protected":false},"featured_media":756,"comment_status":"closed","ping_status":"closed","template":"","meta":[],"product_brand":[],"product_cat":[26],"product_tag":[227,165,104,240,61],"class_list":{"0":"post-749","1":"product","2":"type-product","3":"status-publish","4":"has-post-thumbnail","6":"product_cat-gear-grinding-machines","7":"product_tag-gear","8":"product_tag-gear-grinder","9":"product_tag-grinder","10":"product_tag-maag","11":"product_tag-machine","12":"pa_luogo-india","14":"first","15":"instock","16":"shipping-taxable","17":"product-type-simple"},"_links":{"self":[{"href":"https:\/\/www.laxmiusedmachine.com\/es\/wp-json\/wp\/v2\/product\/749","targetHints":{"allow":["GET"]}}],"collection":[{"href":"https:\/\/www.laxmiusedmachine.com\/es\/wp-json\/wp\/v2\/product"}],"about":[{"href":"https:\/\/www.laxmiusedmachine.com\/es\/wp-json\/wp\/v2\/types\/product"}],"replies":[{"embeddable":true,"href":"https:\/\/www.laxmiusedmachine.com\/es\/wp-json\/wp\/v2\/comments?post=749"}],"wp:featuredmedia":[{"embeddable":true,"href":"https:\/\/www.laxmiusedmachine.com\/es\/wp-json\/wp\/v2\/media\/756"}],"wp:attachment":[{"href":"https:\/\/www.laxmiusedmachine.com\/es\/wp-json\/wp\/v2\/media?parent=749"}],"wp:term":[{"taxonomy":"product_brand","embeddable":true,"href":"https:\/\/www.laxmiusedmachine.com\/es\/wp-json\/wp\/v2\/product_brand?post=749"},{"taxonomy":"product_cat","embeddable":true,"href":"https:\/\/www.laxmiusedmachine.com\/es\/wp-json\/wp\/v2\/product_cat?post=749"},{"taxonomy":"product_tag","embeddable":true,"href":"https:\/\/www.laxmiusedmachine.com\/es\/wp-json\/wp\/v2\/product_tag?post=749"}],"curies":[{"name":"wp","href":"https:\/\/api.w.org\/{rel}","templated":true}]}}