{"id":7163,"date":"2023-07-17T06:40:25","date_gmt":"2023-07-17T06:40:25","guid":{"rendered":"https:\/\/www.laxmiusedmachine.com\/?post_type=product&#038;p=7163"},"modified":"2023-12-18T11:21:10","modified_gmt":"2023-12-18T11:21:10","slug":"vertical-machining-center-roku-roku-japan","status":"publish","type":"product","link":"https:\/\/www.laxmiusedmachine.com\/es\/prodotto\/vertical-machining-center-roku-roku-japan\/","title":{"rendered":"CENTRO DE MECANIZADO VERTICAL, ROKU ROKU (Jap\u00f3n)"},"content":{"rendered":"<div id=\"fws_69d5ceeda9a5a\"  data-column-margin=\"default\" data-midnight=\"dark\"  class=\"wpb_row vc_row-fluid vc_row\"  style=\"padding-top: 0px; padding-bottom: 0px; \"><div class=\"row-bg-wrap\" data-bg-animation=\"none\" data-bg-animation-delay=\"\" data-bg-overlay=\"false\"><div class=\"inner-wrap row-bg-layer\" ><div class=\"row-bg viewport-desktop\"  style=\"\"><\/div><\/div><\/div><div class=\"row_col_wrap_12 col span_12 dark left\">\n\t<div  class=\"vc_col-sm-4 wpb_column column_container vc_column_container col no-extra-padding inherit_tablet inherit_phone\"  data-padding-pos=\"all\" data-has-bg-color=\"false\" data-bg-color=\"\" data-bg-opacity=\"1\" data-animation=\"\" data-delay=\"0\" >\n\t\t<div class=\"vc_column-inner\" >\n\t\t\t<div class=\"wpb_wrapper\">\n\t\t\t\t\n\t\t\t<\/div> \n\t\t<\/div>\n\t<\/div> \n\n\t<div  class=\"vc_col-sm-4 wpb_column column_container vc_column_container col no-extra-padding inherit_tablet inherit_phone\"  data-padding-pos=\"all\" data-has-bg-color=\"false\" data-bg-color=\"\" data-bg-opacity=\"1\" data-animation=\"\" data-delay=\"0\" >\n\t\t<div class=\"vc_column-inner\" >\n\t\t\t<div class=\"wpb_wrapper\">\n\t\t\t\t<div class=\"nectar-fancy-ul\" data-list-icon=\"linecon-icon-settings\" data-animation=\"false\" data-animation-delay=\"0\" data-color=\"accent-color\" data-spacing=\"default\" data-alignment=\"left\"> \n<p class=\"p1\" style=\"text-align: center;\"><b>CENTRO DE MECANIZADO VERTICAL<\/b><\/p>\n<p class=\"p1\" style=\"text-align: center;\"><b>Hacer:<\/b> Roku Roku (Jap\u00f3n)<\/p>\n<p class=\"p1\" style=\"text-align: center;\"><b>CNC:<\/b> Fagor BT40<\/p>\n<ul style=\"text-align: center;\">\n<li class=\"p1\"><b>Recorrido del eje X:<\/b> 600mm<\/li>\n<li class=\"p1\"><b>Recorrido del eje Y:<\/b> 450 mil\u00edmetros<\/li>\n<li class=\"p1\"><b>Recorrido del eje Z:<\/b> 500mm<\/li>\n<\/ul>\n<p class=\"p2\" style=\"text-align: center;\"><b>Otra informaci\u00f3n:<\/b><\/p>\n<p class=\"p2\" style=\"text-align: center;\">La m\u00e1quina est\u00e1 en excelentes condiciones y est\u00e1 completa en todas sus partes y accesorios.<\/p>\n <\/div>\n\t\t\t<\/div> \n\t\t<\/div>\n\t<\/div> \n\n\t<div  class=\"vc_col-sm-4 wpb_column column_container vc_column_container col no-extra-padding inherit_tablet inherit_phone\"  data-padding-pos=\"all\" data-has-bg-color=\"false\" data-bg-color=\"\" data-bg-opacity=\"1\" data-animation=\"\" data-delay=\"0\" >\n\t\t<div class=\"vc_column-inner\" >\n\t\t\t<div class=\"wpb_wrapper\">\n\t\t\t\t\n\t\t\t<\/div> \n\t\t<\/div>\n\t<\/div> \n<\/div><\/div>","protected":false},"excerpt":{"rendered":"<p>Aqu\u00ed est\u00e1 nuestra <strong>CENTRO DE MECANIZADO VERTICAL.<\/strong><\/p>\n<p>Esta completo en todas sus partes y accesorios, para cualquier informaci\u00f3n adicional estamos a su disposici\u00f3n.<\/p>","protected":false},"featured_media":7168,"comment_status":"closed","ping_status":"closed","template":"","meta":[],"product_brand":[],"product_cat":[42],"product_tag":[988,52,982,981,903,989,457,158],"class_list":{"0":"post-7163","1":"product","2":"type-product","3":"status-publish","4":"has-post-thumbnail","6":"product_cat-vertical-horizontal-machining-centers","7":"product_tag-center","8":"product_tag-cnc","9":"product_tag-fagor","10":"product_tag-japan","11":"product_tag-machining","12":"product_tag-roku-roku","13":"product_tag-vertical","14":"product_tag-vmc","15":"pa_luogo-india","17":"first","18":"instock","19":"shipping-taxable","20":"product-type-simple"},"_links":{"self":[{"href":"https:\/\/www.laxmiusedmachine.com\/es\/wp-json\/wp\/v2\/product\/7163","targetHints":{"allow":["GET"]}}],"collection":[{"href":"https:\/\/www.laxmiusedmachine.com\/es\/wp-json\/wp\/v2\/product"}],"about":[{"href":"https:\/\/www.laxmiusedmachine.com\/es\/wp-json\/wp\/v2\/types\/product"}],"replies":[{"embeddable":true,"href":"https:\/\/www.laxmiusedmachine.com\/es\/wp-json\/wp\/v2\/comments?post=7163"}],"wp:featuredmedia":[{"embeddable":true,"href":"https:\/\/www.laxmiusedmachine.com\/es\/wp-json\/wp\/v2\/media\/7168"}],"wp:attachment":[{"href":"https:\/\/www.laxmiusedmachine.com\/es\/wp-json\/wp\/v2\/media?parent=7163"}],"wp:term":[{"taxonomy":"product_brand","embeddable":true,"href":"https:\/\/www.laxmiusedmachine.com\/es\/wp-json\/wp\/v2\/product_brand?post=7163"},{"taxonomy":"product_cat","embeddable":true,"href":"https:\/\/www.laxmiusedmachine.com\/es\/wp-json\/wp\/v2\/product_cat?post=7163"},{"taxonomy":"product_tag","embeddable":true,"href":"https:\/\/www.laxmiusedmachine.com\/es\/wp-json\/wp\/v2\/product_tag?post=7163"}],"curies":[{"name":"wp","href":"https:\/\/api.w.org\/{rel}","templated":true}]}}