{"id":5601,"date":"2023-04-26T08:02:42","date_gmt":"2023-04-26T08:02:42","guid":{"rendered":"https:\/\/www.laxmiusedmachine.com\/?post_type=product&#038;p=5601"},"modified":"2024-04-16T11:52:41","modified_gmt":"2024-04-16T11:52:41","slug":"cnc-gear-hobbing-pfauter-p750r","status":"publish","type":"product","link":"https:\/\/www.laxmiusedmachine.com\/es\/prodotto\/cnc-gear-hobbing-pfauter-p750r\/","title":{"rendered":"Talladora de engranajes CNC de 3 ejes, PFAUTER \u2013 P750R"},"content":{"rendered":"<div id=\"fws_69e09400d69c0\"  data-column-margin=\"default\" data-midnight=\"dark\"  class=\"wpb_row vc_row-fluid vc_row\"  style=\"padding-top: 0px; padding-bottom: 0px; \"><div class=\"row-bg-wrap\" data-bg-animation=\"none\" data-bg-animation-delay=\"\" data-bg-overlay=\"false\"><div class=\"inner-wrap row-bg-layer\" ><div class=\"row-bg viewport-desktop\"  style=\"\"><\/div><\/div><\/div><div class=\"row_col_wrap_12 col span_12 dark left\">\n\t<div  class=\"vc_col-sm-4 wpb_column column_container vc_column_container col no-extra-padding inherit_tablet inherit_phone\"  data-padding-pos=\"all\" data-has-bg-color=\"false\" data-bg-color=\"\" data-bg-opacity=\"1\" data-animation=\"\" data-delay=\"0\" >\n\t\t<div class=\"vc_column-inner\" >\n\t\t\t<div class=\"wpb_wrapper\">\n\t\t\t\t\n\t\t\t<\/div> \n\t\t<\/div>\n\t<\/div> \n\n\t<div  class=\"vc_col-sm-4 wpb_column column_container vc_column_container col no-extra-padding inherit_tablet inherit_phone\"  data-padding-pos=\"all\" data-has-bg-color=\"false\" data-bg-color=\"\" data-bg-opacity=\"1\" data-animation=\"\" data-delay=\"0\" >\n\t\t<div class=\"vc_column-inner\" >\n\t\t\t<div class=\"wpb_wrapper\">\n\t\t\t\t<div class=\"nectar-fancy-ul\" data-list-icon=\"linecon-icon-settings\" data-animation=\"false\" data-animation-delay=\"0\" data-color=\"accent-color\" data-spacing=\"default\" data-alignment=\"left\"> \n<p style=\"text-align: center;\"><strong>Tallado de engranajes CNC de 3 ejes<\/strong><\/p>\n<ul>\n<li style=\"text-align: center;\"><strong>Hacer: <\/strong>Pfauter<\/li>\n<li style=\"text-align: center;\"><strong>Modelo: <\/strong>P750R<\/li>\n<li style=\"text-align: center;\"><strong>CNC: <\/strong>Siemens Sinumerik<\/li>\n<li style=\"text-align: center;\"><strong>Di\u00e1metro m\u00e1ximo de la rueda: <\/strong>750 mil\u00edmetros<\/li>\n<li style=\"text-align: center;\"><strong>M\u00f3dulo m\u00e1ximo: <\/strong>14 (18)<\/li>\n<li style=\"text-align: center;\"><strong>Recorrido del eje X:<\/strong> 50 \u2013 1000 mil\u00edmetros<\/li>\n<li style=\"text-align: center;\"><strong>Recorrido del eje Y:<\/strong> 0 \u2013 148 mil\u00edmetros<\/li>\n<li style=\"text-align: center;\"><strong>Recorrido del eje Z:<\/strong> 228 \u2013 925 mil\u00edmetros<\/li>\n<\/ul>\n<p style=\"text-align: center;\"><strong>Otra informaci\u00f3n:<br \/>\n<\/strong>La m\u00e1quina est\u00e1 en excelentes condiciones y est\u00e1 completa en todas sus partes y accesorios.<br \/>\n<strong>En concreto la m\u00e1quina est\u00e1 completa en todas sus marchas de cambio.<\/strong><\/p>\n <\/div>\n\t\t\t<\/div> \n\t\t<\/div>\n\t<\/div> \n\n\t<div  class=\"vc_col-sm-4 wpb_column column_container vc_column_container col no-extra-padding inherit_tablet inherit_phone\"  data-padding-pos=\"all\" data-has-bg-color=\"false\" data-bg-color=\"\" data-bg-opacity=\"1\" data-animation=\"\" data-delay=\"0\" >\n\t\t<div class=\"vc_column-inner\" >\n\t\t\t<div class=\"wpb_wrapper\">\n\t\t\t\t\n\t\t\t<\/div> \n\t\t<\/div>\n\t<\/div> \n<\/div><\/div>","protected":false},"excerpt":{"rendered":"<p>Aqu\u00ed est\u00e1 nuestra<strong> Tallado de engranajes CNC.<\/strong><\/p>\n<p>Esta en excelente estado, para cualquier mayor informaci\u00f3n estamos a su disposici\u00f3n!<\/p>","protected":false},"featured_media":7323,"comment_status":"closed","ping_status":"closed","template":"","meta":[],"product_brand":[],"product_cat":[19],"product_tag":[803,52,175,227,802,801,236],"class_list":{"0":"post-5601","1":"product","2":"type-product","3":"status-publish","4":"has-post-thumbnail","6":"product_cat-cnc-gear-hobbing-machines","7":"product_tag-803","8":"product_tag-cnc","9":"product_tag-cnc-gear-hobbing","10":"product_tag-gear","11":"product_tag-p-750-r","12":"product_tag-p750r","13":"product_tag-pfauter","14":"pa_luogo-italia","16":"first","17":"instock","18":"shipping-taxable","19":"product-type-simple"},"_links":{"self":[{"href":"https:\/\/www.laxmiusedmachine.com\/es\/wp-json\/wp\/v2\/product\/5601","targetHints":{"allow":["GET"]}}],"collection":[{"href":"https:\/\/www.laxmiusedmachine.com\/es\/wp-json\/wp\/v2\/product"}],"about":[{"href":"https:\/\/www.laxmiusedmachine.com\/es\/wp-json\/wp\/v2\/types\/product"}],"replies":[{"embeddable":true,"href":"https:\/\/www.laxmiusedmachine.com\/es\/wp-json\/wp\/v2\/comments?post=5601"}],"wp:featuredmedia":[{"embeddable":true,"href":"https:\/\/www.laxmiusedmachine.com\/es\/wp-json\/wp\/v2\/media\/7323"}],"wp:attachment":[{"href":"https:\/\/www.laxmiusedmachine.com\/es\/wp-json\/wp\/v2\/media?parent=5601"}],"wp:term":[{"taxonomy":"product_brand","embeddable":true,"href":"https:\/\/www.laxmiusedmachine.com\/es\/wp-json\/wp\/v2\/product_brand?post=5601"},{"taxonomy":"product_cat","embeddable":true,"href":"https:\/\/www.laxmiusedmachine.com\/es\/wp-json\/wp\/v2\/product_cat?post=5601"},{"taxonomy":"product_tag","embeddable":true,"href":"https:\/\/www.laxmiusedmachine.com\/es\/wp-json\/wp\/v2\/product_tag?post=5601"}],"curies":[{"name":"wp","href":"https:\/\/api.w.org\/{rel}","templated":true}]}}