{"id":518,"date":"2020-08-07T20:12:53","date_gmt":"2020-08-07T20:12:53","guid":{"rendered":"https:\/\/www.laxmiusedmachine.com\/?post_type=product&#038;p=518"},"modified":"2023-07-12T08:24:39","modified_gmt":"2023-07-12T08:24:39","slug":"cylindrical-grinder-zocca-ru-1000","status":"publish","type":"product","link":"https:\/\/www.laxmiusedmachine.com\/es\/prodotto\/cylindrical-grinder-zocca-ru-1000\/","title":{"rendered":"RECTIFICADORA CIL\u00cdNDRICA, ZOCCA- RU 1000."},"content":{"rendered":"<div id=\"fws_69f968d750fc9\"  data-column-margin=\"default\" data-midnight=\"dark\"  class=\"wpb_row vc_row-fluid vc_row\"  style=\"padding-top: 0px; padding-bottom: 0px; \"><div class=\"row-bg-wrap\" data-bg-animation=\"none\" data-bg-animation-delay=\"\" data-bg-overlay=\"false\"><div class=\"inner-wrap row-bg-layer\" ><div class=\"row-bg viewport-desktop\"  style=\"\"><\/div><\/div><\/div><div class=\"row_col_wrap_12 col span_12 dark left\">\n\t<div  class=\"vc_col-sm-4 wpb_column column_container vc_column_container col no-extra-padding inherit_tablet inherit_phone\"  data-padding-pos=\"all\" data-has-bg-color=\"false\" data-bg-color=\"\" data-bg-opacity=\"1\" data-animation=\"\" data-delay=\"0\" >\n\t\t<div class=\"vc_column-inner\" >\n\t\t\t<div class=\"wpb_wrapper\">\n\t\t\t\t\n\t\t\t<\/div> \n\t\t<\/div>\n\t<\/div> \n\n\t<div  class=\"vc_col-sm-4 wpb_column column_container vc_column_container col no-extra-padding inherit_tablet inherit_phone\"  data-padding-pos=\"all\" data-has-bg-color=\"false\" data-bg-color=\"\" data-bg-opacity=\"1\" data-animation=\"\" data-delay=\"0\" >\n\t\t<div class=\"vc_column-inner\" >\n\t\t\t<div class=\"wpb_wrapper\">\n\t\t\t\t<div class=\"nectar-fancy-ul\" data-list-icon=\"linecon-icon-settings\" data-animation=\"false\" data-animation-delay=\"0\" data-color=\"accent-color\" data-spacing=\"default\" data-alignment=\"left\"> \n<p style=\"text-align: center;\"><span style=\"color: #008000;\"><strong><em>RECTIFICADORA CIL\u00cdNDRICA<\/em><\/strong><\/span><\/p>\n<ul>\n<li style=\"text-align: center;\"><span style=\"color: #008000;\"><strong>Marca: Zocca (Italia)<\/strong><\/span><\/li>\n<li style=\"text-align: center;\"><span style=\"color: #008000;\"><strong>Modelo: RU1000<\/strong><\/span><\/li>\n<li style=\"text-align: center;\">Altura del centro: 185 mm<\/li>\n<li style=\"text-align: center;\">Max. Di\u00e1metro de Trabajo: 370 mm.<\/li>\n<li style=\"text-align: center;\">Max. Duraci\u00f3n del trabajo: 1200 mm.<\/li>\n<li style=\"text-align: center;\">Tama\u00f1o de la muela abrasiva: 100 x 450 mm.<\/li>\n<li style=\"text-align: center;\">\u00a0Con accesorio de rectificado interno.<\/li>\n<li style=\"text-align: center;\">Completo con 1 x fijo, 1 x acoplamiento y 2 x aparadores.<\/li>\n<li style=\"text-align: center;\">Ajuste autom\u00e1tico de profundidad &quot;Auto-Cut&quot;<\/li>\n<li style=\"text-align: center;\">Tipo giratorio Rueda-cabezal.<\/li>\n<li style=\"text-align: center;\">Completo con tornillos niveladores, algunos otros accesorios.<\/li>\n<li style=\"text-align: center;\">La m\u00e1quina es una m\u00e1quina muy resistente.<\/li>\n<li style=\"text-align: center;\">La m\u00e1quina est\u00e1 en excelentes condiciones de funcionamiento.<\/li>\n<\/ul>\n <\/div>\n\t\t\t<\/div> \n\t\t<\/div>\n\t<\/div> \n\n\t<div  class=\"vc_col-sm-4 wpb_column column_container vc_column_container col no-extra-padding inherit_tablet inherit_phone\"  data-padding-pos=\"all\" data-has-bg-color=\"false\" data-bg-color=\"\" data-bg-opacity=\"1\" data-animation=\"\" data-delay=\"0\" >\n\t\t<div class=\"vc_column-inner\" >\n\t\t\t<div class=\"wpb_wrapper\">\n\t\t\t\t\n\t\t\t<\/div> \n\t\t<\/div>\n\t<\/div> \n<\/div><\/div>","protected":false},"excerpt":{"rendered":"<p>Aqu\u00ed est\u00e1 nuestro <strong>RECTIFICADORA CIL\u00cdNDRICA.<\/strong><\/p>\n<p>Se encuentra en excelentes condiciones de funcionamiento, para cualquier informaci\u00f3n estamos a su disposici\u00f3n.<\/p>\n<p>https:\/\/www.youtube.com\/watch?v=NeSnzxtLjCA<\/p>","protected":false},"featured_media":524,"comment_status":"closed","ping_status":"closed","template":"","meta":[],"product_brand":[],"product_cat":[100],"product_tag":[107,106,126,104,127],"class_list":{"0":"post-518","1":"product","2":"type-product","3":"status-publish","4":"has-post-thumbnail","6":"product_cat-cylindrical-grinding-machines","7":"product_tag-cylindrical","8":"product_tag-cylindrical-grinder","9":"product_tag-cylindrical-grinder-zocca","10":"product_tag-grinder","11":"product_tag-zocca-grinder","12":"pa_luogo-india","14":"first","15":"instock","16":"shipping-taxable","17":"product-type-simple"},"_links":{"self":[{"href":"https:\/\/www.laxmiusedmachine.com\/es\/wp-json\/wp\/v2\/product\/518","targetHints":{"allow":["GET"]}}],"collection":[{"href":"https:\/\/www.laxmiusedmachine.com\/es\/wp-json\/wp\/v2\/product"}],"about":[{"href":"https:\/\/www.laxmiusedmachine.com\/es\/wp-json\/wp\/v2\/types\/product"}],"replies":[{"embeddable":true,"href":"https:\/\/www.laxmiusedmachine.com\/es\/wp-json\/wp\/v2\/comments?post=518"}],"wp:featuredmedia":[{"embeddable":true,"href":"https:\/\/www.laxmiusedmachine.com\/es\/wp-json\/wp\/v2\/media\/524"}],"wp:attachment":[{"href":"https:\/\/www.laxmiusedmachine.com\/es\/wp-json\/wp\/v2\/media?parent=518"}],"wp:term":[{"taxonomy":"product_brand","embeddable":true,"href":"https:\/\/www.laxmiusedmachine.com\/es\/wp-json\/wp\/v2\/product_brand?post=518"},{"taxonomy":"product_cat","embeddable":true,"href":"https:\/\/www.laxmiusedmachine.com\/es\/wp-json\/wp\/v2\/product_cat?post=518"},{"taxonomy":"product_tag","embeddable":true,"href":"https:\/\/www.laxmiusedmachine.com\/es\/wp-json\/wp\/v2\/product_tag?post=518"}],"curies":[{"name":"wp","href":"https:\/\/api.w.org\/{rel}","templated":true}]}}