{"id":507,"date":"2020-08-07T20:03:56","date_gmt":"2020-08-07T20:03:56","guid":{"rendered":"https:\/\/www.laxmiusedmachine.com\/?post_type=product&#038;p=507"},"modified":"2023-07-11T15:07:13","modified_gmt":"2023-07-11T15:07:13","slug":"cylindrical-grinder-tacchella-1518-completely-retrofitted","status":"publish","type":"product","link":"https:\/\/www.laxmiusedmachine.com\/es\/prodotto\/cylindrical-grinder-tacchella-1518-completely-retrofitted\/","title":{"rendered":"RECTIFICADORA CIL\u00cdNDRICA TACCHELLA - 1518 (COMPLETAMENTE RETROFORMADA)."},"content":{"rendered":"<div id=\"fws_69f97e19be0d0\"  data-column-margin=\"default\" data-midnight=\"dark\"  class=\"wpb_row vc_row-fluid vc_row\"  style=\"padding-top: 0px; padding-bottom: 0px; \"><div class=\"row-bg-wrap\" data-bg-animation=\"none\" data-bg-animation-delay=\"\" data-bg-overlay=\"false\"><div class=\"inner-wrap row-bg-layer\" ><div class=\"row-bg viewport-desktop\"  style=\"\"><\/div><\/div><\/div><div class=\"row_col_wrap_12 col span_12 dark left\">\n\t<div  class=\"vc_col-sm-4 wpb_column column_container vc_column_container col no-extra-padding inherit_tablet inherit_phone\"  data-padding-pos=\"all\" data-has-bg-color=\"false\" data-bg-color=\"\" data-bg-opacity=\"1\" data-animation=\"\" data-delay=\"0\" >\n\t\t<div class=\"vc_column-inner\" >\n\t\t\t<div class=\"wpb_wrapper\">\n\t\t\t\t\n\t\t\t<\/div> \n\t\t<\/div>\n\t<\/div> \n\n\t<div  class=\"vc_col-sm-4 wpb_column column_container vc_column_container col no-extra-padding inherit_tablet inherit_phone\"  data-padding-pos=\"all\" data-has-bg-color=\"false\" data-bg-color=\"\" data-bg-opacity=\"1\" data-animation=\"\" data-delay=\"0\" >\n\t\t<div class=\"vc_column-inner\" >\n\t\t\t<div class=\"wpb_wrapper\">\n\t\t\t\t<div class=\"nectar-fancy-ul\" data-list-icon=\"linecon-icon-settings\" data-animation=\"false\" data-animation-delay=\"0\" data-color=\"accent-color\" data-spacing=\"default\" data-alignment=\"left\"> \n<p style=\"text-align: center;\"><span style=\"color: #008000;\"><strong><em>RECTIFICADORA CIL\u00cdNDRICA COMPLETAMENTE RETROFORMADA\u00a0<\/em><\/strong><\/span><\/p>\n<ul>\n<li style=\"text-align: center;\"><span style=\"color: #008000;\"><strong>Hacer: TACCHELLA<\/strong><\/span><\/li>\n<li style=\"text-align: center;\"><span style=\"color: #008000;\"><strong>Modelo: 1518\u00a0<\/strong><\/span><\/li>\n<li style=\"text-align: center;\">EQUIPADO CON MARPOSS<\/li>\n<li style=\"text-align: center;\">Distancia entre centros: 1500 mm<\/li>\n<li style=\"text-align: center;\">Altura del centro: 180 mm<\/li>\n<li style=\"text-align: center;\">Tama\u00f1o de la rueda: 450 x 80 x 127 mm<\/li>\n<li style=\"text-align: center;\">Longitud m\u00e1xima de molienda: 1500 mm<\/li>\n<li style=\"text-align: center;\">Di\u00e1metro m\u00e1ximo de molienda: 360 mm<\/li>\n<li style=\"text-align: center;\">Di\u00e1metro interno m\u00e1ximo: 75-270 mm<\/li>\n<li style=\"text-align: center;\">Profundidad interna m\u00e1xima: 380 mm<\/li>\n<li style=\"text-align: center;\">Carrera de la mesa: 1500 mm<\/li>\n<li style=\"text-align: center;\">Velocidad transversal: 0,1-5 M \/ MIN mm \/ min.<\/li>\n<li style=\"text-align: center;\">Peso m\u00e1ximo de la pieza de trabajo: 250 Kg.<\/li>\n<li style=\"text-align: center;\">AVANCE Cruzado: AUTOM\u00c1TICO mm \/ min<\/li>\n<\/ul>\n<p style=\"text-align: center;\">\u00a0 \u00a0 \u00a0 \u00a0 \u00a0 \u00a0RUEDA:<\/p>\n<ul>\n<li style=\"text-align: center;\">Potencia del husillo externo: 5,5 Kw<\/li>\n<li style=\"text-align: center;\">Velocidad del husillo externo: 1275-1450 Rpm<\/li>\n<li style=\"text-align: center;\">RUEDA IZQUIERDA<\/li>\n<li style=\"text-align: center;\">TAILSTOCK Drive: IDRAULIC<\/li>\n<li style=\"text-align: center;\">Suministro de energ\u00eda total: 9,75 Kw<\/li>\n<li style=\"text-align: center;\">Peso total de la m\u00e1quina: 4700 Kg<\/li>\n<li style=\"text-align: center;\">Espacio de piso: 5300X1850X1750 mm<\/li>\n<li style=\"text-align: center;\">Fijaciones de apertura y cierre: S\u00cd<\/li>\n<li style=\"text-align: center;\">Equilibradora de ruedas: SI<\/li>\n<li style=\"text-align: center;\">Sonda diametral: SI<\/li>\n<\/ul>\n <\/div>\n\t\t\t<\/div> \n\t\t<\/div>\n\t<\/div> \n\n\t<div  class=\"vc_col-sm-4 wpb_column column_container vc_column_container col no-extra-padding inherit_tablet inherit_phone\"  data-padding-pos=\"all\" data-has-bg-color=\"false\" data-bg-color=\"\" data-bg-opacity=\"1\" data-animation=\"\" data-delay=\"0\" >\n\t\t<div class=\"vc_column-inner\" >\n\t\t\t<div class=\"wpb_wrapper\">\n\t\t\t\t\n\t\t\t<\/div> \n\t\t<\/div>\n\t<\/div> \n<\/div><\/div>","protected":false},"excerpt":{"rendered":"<p>Aqu\u00ed est\u00e1 nuestro <strong>RECTIFICADORA CIL\u00cdNDRICA COMPLETAMENTE RETROFORMADA.<\/strong><\/p>\n<p>Se encuentra en excelentes condiciones de funcionamiento, para cualquier informaci\u00f3n estamos a su disposici\u00f3n.<\/p>","protected":false},"featured_media":514,"comment_status":"closed","ping_status":"closed","template":"","meta":[],"product_brand":[],"product_cat":[100],"product_tag":[101,103,104,102,105],"class_list":{"0":"post-507","1":"product","2":"type-product","3":"status-publish","4":"has-post-thumbnail","6":"product_cat-cylindrical-grinding-machines","7":"product_tag-completely-retrofitted-cylindrical-grinder","8":"product_tag-cylyndrical-rinder","9":"product_tag-grinder","10":"product_tag-retrofitted","11":"product_tag-retrofitted-grinder","12":"pa_luogo-italia","14":"first","15":"instock","16":"shipping-taxable","17":"product-type-simple"},"_links":{"self":[{"href":"https:\/\/www.laxmiusedmachine.com\/es\/wp-json\/wp\/v2\/product\/507","targetHints":{"allow":["GET"]}}],"collection":[{"href":"https:\/\/www.laxmiusedmachine.com\/es\/wp-json\/wp\/v2\/product"}],"about":[{"href":"https:\/\/www.laxmiusedmachine.com\/es\/wp-json\/wp\/v2\/types\/product"}],"replies":[{"embeddable":true,"href":"https:\/\/www.laxmiusedmachine.com\/es\/wp-json\/wp\/v2\/comments?post=507"}],"wp:featuredmedia":[{"embeddable":true,"href":"https:\/\/www.laxmiusedmachine.com\/es\/wp-json\/wp\/v2\/media\/514"}],"wp:attachment":[{"href":"https:\/\/www.laxmiusedmachine.com\/es\/wp-json\/wp\/v2\/media?parent=507"}],"wp:term":[{"taxonomy":"product_brand","embeddable":true,"href":"https:\/\/www.laxmiusedmachine.com\/es\/wp-json\/wp\/v2\/product_brand?post=507"},{"taxonomy":"product_cat","embeddable":true,"href":"https:\/\/www.laxmiusedmachine.com\/es\/wp-json\/wp\/v2\/product_cat?post=507"},{"taxonomy":"product_tag","embeddable":true,"href":"https:\/\/www.laxmiusedmachine.com\/es\/wp-json\/wp\/v2\/product_tag?post=507"}],"curies":[{"name":"wp","href":"https:\/\/api.w.org\/{rel}","templated":true}]}}