{"id":455,"date":"2020-08-07T18:40:22","date_gmt":"2020-08-07T18:40:22","guid":{"rendered":"https:\/\/www.laxmiusedmachine.com\/?post_type=product&#038;p=455"},"modified":"2023-07-11T15:07:14","modified_gmt":"2023-07-11T15:07:14","slug":"twin-spindle-cnc-lathe-hwacheon-eco-2s3p","status":"publish","type":"product","link":"https:\/\/www.laxmiusedmachine.com\/es\/prodotto\/twin-spindle-cnc-lathe-hwacheon-eco-2s3p\/","title":{"rendered":"TORNO CNC DE DOBLE HUSILLO, HWACHEON - ECO 2SP3"},"content":{"rendered":"<div id=\"fws_69d76d2c7836e\"  data-column-margin=\"default\" data-midnight=\"dark\"  class=\"wpb_row vc_row-fluid vc_row\"  style=\"padding-top: 0px; padding-bottom: 0px; \"><div class=\"row-bg-wrap\" data-bg-animation=\"none\" data-bg-animation-delay=\"\" data-bg-overlay=\"false\"><div class=\"inner-wrap row-bg-layer\" ><div class=\"row-bg viewport-desktop\"  style=\"\"><\/div><\/div><\/div><div class=\"row_col_wrap_12 col span_12 dark left\">\n\t<div  class=\"vc_col-sm-4 wpb_column column_container vc_column_container col no-extra-padding inherit_tablet inherit_phone\"  data-padding-pos=\"all\" data-has-bg-color=\"false\" data-bg-color=\"\" data-bg-opacity=\"1\" data-animation=\"\" data-delay=\"0\" >\n\t\t<div class=\"vc_column-inner\" >\n\t\t\t<div class=\"wpb_wrapper\">\n\t\t\t\t\n\t\t\t<\/div> \n\t\t<\/div>\n\t<\/div> \n\n\t<div  class=\"vc_col-sm-4 wpb_column column_container vc_column_container col centered-text no-extra-padding inherit_tablet inherit_phone\"  data-padding-pos=\"all\" data-has-bg-color=\"false\" data-bg-color=\"\" data-bg-opacity=\"1\" data-animation=\"\" data-delay=\"0\" >\n\t\t<div class=\"vc_column-inner\" >\n\t\t\t<div class=\"wpb_wrapper\">\n\t\t\t\t<div class=\"nectar-fancy-ul\" data-list-icon=\"linecon-icon-settings\" data-animation=\"false\" data-animation-delay=\"0\" data-color=\"accent-color\" data-spacing=\"default\" data-alignment=\"left\"> \n<p style=\"text-align: center; padding-left: 40px;\"><em><span style=\"color: #008000;\"><strong>TORNO CNC DE DOBLE HUSILLO<\/strong><\/span><\/em><\/p>\n<ul>\n<li style=\"text-align: center;\"><strong><span style=\"color: #008000;\">Hacer: HWACHEON<\/span><\/strong><\/li>\n<li style=\"text-align: center;\"><strong><span style=\"color: #008000;\">Modelo: ECO - 2SP3.<\/span><\/strong><\/li>\n<li style=\"text-align: center;\"><strong><span style=\"color: #008000;\">Control: serie OT de FANUC.<\/span><\/strong><\/li>\n<li style=\"text-align: center;\">Distancia entre husillos: 410 mm.<\/li>\n<li style=\"text-align: center;\">Max. Di\u00e1metro: 315 mm.<\/li>\n<li style=\"text-align: center;\">Max. Longitud: 213 mm.<\/li>\n<li style=\"text-align: center;\">Recorrido eje X: 210 mm.<\/li>\n<li style=\"text-align: center;\">Recorrido eje Z: 230 mm.<\/li>\n<li style=\"text-align: center;\">No de husillo: 2.<\/li>\n<li>Velocidad del husillo: 20-2000 RPM (opci\u00f3n m\u00e1x. 3500 rpm).<\/li>\n<li style=\"text-align: center;\">Cono del husillo: ASA A2-8.<\/li>\n<li style=\"text-align: center;\">Agujero del husillo: 79 mm.<\/li>\n<li style=\"text-align: center;\">No de torreta: 2.<\/li>\n<li style=\"text-align: center;\">No de posici\u00f3n: 8 + 8.<\/li>\n<li style=\"text-align: center;\">Peso de la m\u00e1quina: 8200 Kg.<\/li>\n<\/ul>\n <\/div>\n\t\t\t<\/div> \n\t\t<\/div>\n\t<\/div> \n<\/div><\/div>","protected":false},"excerpt":{"rendered":"<p>Aqu\u00ed est\u00e1 nuestra M\u00c1QUINA DE TORNO CNC DE DOBLE HUSILLO.<\/p>\n<p>Se encuentra en excelentes condiciones de funcionamiento, para cualquier informaci\u00f3n estamos a su disposici\u00f3n.<\/p>\n<p>https:\/\/www.youtube.com\/watch?v=JJfr9_-YT1E<\/p>","protected":false},"featured_media":460,"comment_status":"closed","ping_status":"closed","template":"","meta":[],"product_brand":[],"product_cat":[24],"product_tag":[52,53,95,94,93],"class_list":{"0":"post-455","1":"product","2":"type-product","3":"status-publish","4":"has-post-thumbnail","6":"product_cat-cnc-lathe-machines","7":"product_tag-cnc","8":"product_tag-lathe","9":"product_tag-spindle","10":"product_tag-twin","11":"product_tag-twin-spindle-cnc-lathe","12":"pa_luogo-italia","14":"first","15":"instock","16":"shipping-taxable","17":"product-type-simple"},"_links":{"self":[{"href":"https:\/\/www.laxmiusedmachine.com\/es\/wp-json\/wp\/v2\/product\/455","targetHints":{"allow":["GET"]}}],"collection":[{"href":"https:\/\/www.laxmiusedmachine.com\/es\/wp-json\/wp\/v2\/product"}],"about":[{"href":"https:\/\/www.laxmiusedmachine.com\/es\/wp-json\/wp\/v2\/types\/product"}],"replies":[{"embeddable":true,"href":"https:\/\/www.laxmiusedmachine.com\/es\/wp-json\/wp\/v2\/comments?post=455"}],"wp:featuredmedia":[{"embeddable":true,"href":"https:\/\/www.laxmiusedmachine.com\/es\/wp-json\/wp\/v2\/media\/460"}],"wp:attachment":[{"href":"https:\/\/www.laxmiusedmachine.com\/es\/wp-json\/wp\/v2\/media?parent=455"}],"wp:term":[{"taxonomy":"product_brand","embeddable":true,"href":"https:\/\/www.laxmiusedmachine.com\/es\/wp-json\/wp\/v2\/product_brand?post=455"},{"taxonomy":"product_cat","embeddable":true,"href":"https:\/\/www.laxmiusedmachine.com\/es\/wp-json\/wp\/v2\/product_cat?post=455"},{"taxonomy":"product_tag","embeddable":true,"href":"https:\/\/www.laxmiusedmachine.com\/es\/wp-json\/wp\/v2\/product_tag?post=455"}],"curies":[{"name":"wp","href":"https:\/\/api.w.org\/{rel}","templated":true}]}}