{"id":438,"date":"2020-08-05T20:54:44","date_gmt":"2020-08-05T20:54:44","guid":{"rendered":"https:\/\/www.laxmiusedmachine.com\/?post_type=product&#038;p=438"},"modified":"2023-07-11T15:07:14","modified_gmt":"2023-07-11T15:07:14","slug":"cnc-lathe-goodway-u-t-s-gt-25","status":"publish","type":"product","link":"https:\/\/www.laxmiusedmachine.com\/es\/prodotto\/cnc-lathe-goodway-u-t-s-gt-25\/","title":{"rendered":"TORNO CNC, GOODWAY - UTS GT 25"},"content":{"rendered":"<div id=\"fws_69dfeb6699460\"  data-column-margin=\"default\" data-midnight=\"dark\"  class=\"wpb_row vc_row-fluid vc_row\"  style=\"padding-top: 0px; padding-bottom: 0px; \"><div class=\"row-bg-wrap\" data-bg-animation=\"none\" data-bg-animation-delay=\"\" data-bg-overlay=\"false\"><div class=\"inner-wrap row-bg-layer\" ><div class=\"row-bg viewport-desktop using-bg-color\"  style=\"background-color: #ffffff; \"><\/div><\/div><\/div><div class=\"row_col_wrap_12 col span_12 dark left\">\n\t<div  class=\"vc_col-sm-4 vc_hidden-sm vc_hidden-xs wpb_column column_container vc_column_container col no-extra-padding inherit_tablet inherit_phone\"  data-padding-pos=\"all\" data-has-bg-color=\"false\" data-bg-color=\"\" data-bg-opacity=\"1\" data-animation=\"\" data-delay=\"0\" >\n\t\t<div class=\"vc_column-inner\" >\n\t\t\t<div class=\"wpb_wrapper\">\n\t\t\t\t\n\t\t\t<\/div> \n\t\t<\/div>\n\t<\/div> \n\n\t<div  class=\"vc_col-sm-4 wpb_column column_container vc_column_container col no-extra-padding inherit_tablet inherit_phone\"  data-padding-pos=\"all\" data-has-bg-color=\"false\" data-bg-color=\"\" data-bg-opacity=\"1\" data-animation=\"\" data-delay=\"0\" >\n\t\t<div class=\"vc_column-inner\" >\n\t\t\t<div class=\"wpb_wrapper\">\n\t\t\t\t<div class=\"nectar-fancy-ul\" data-list-icon=\"linecon-icon-settings\" data-animation=\"false\" data-animation-delay=\"0\" data-color=\"accent-color\" data-spacing=\"default\" data-alignment=\"left\"> \n<div class=\"page\" title=\"P\u00e1gina 1\">\n<div class=\"section\">\n<div class=\"layoutArea\">\n<div class=\"column\">\n<ul>\n<li style=\"text-align: center;\"><span style=\"color: #008000;\"><em><strong>TORNO CNC<\/strong><\/em><\/span><\/li>\n<li style=\"text-align: center;\"><span style=\"color: #008000;\"><em><strong>Marca: GOODWAY<\/strong><\/em><\/span><\/li>\n<li style=\"text-align: center;\"><span style=\"color: #008000;\"><em><strong>Modelo: UTS GT - 25.<\/strong><\/em><\/span><\/li>\n<li style=\"text-align: center;\"><span style=\"color: #008000;\"><em><strong>Control: FANUC 18\u00ec-T.<\/strong><\/em><\/span><\/li>\n<li style=\"text-align: center;\">DI\u00c1METRO GIRATORIO M\u00c1X. : 580 mm.<\/li>\n<li style=\"text-align: center;\">DI\u00c1METRO M\u00c1XIMO DE GIRO. : 260 mm.<\/li>\n<li style=\"text-align: center;\">LONGITUD M\u00c1XIMA DE GIRO: 600 mm.<\/li>\n<li style=\"text-align: center;\">PASO DEL HUSILLO: 65 MM.<\/li>\n<li style=\"text-align: center;\">DI\u00c1METRO AUTOCENTRADO: 210 MM.<\/li>\n<li style=\"text-align: center;\">VELOCIDAD DEL HUSILLO: 3500 rpm.<\/li>\n<li style=\"text-align: center;\">NARIZ DEL HUSILLO: ASA 8.<\/li>\n<li style=\"text-align: center;\">POTENCIA MOTOR HUSILLO (CONT \/ 30 MIN): 15-18,5 kw.<\/li>\n<li style=\"text-align: center;\">HERRAMIENTAS DE TORRETA: N \u00b0 10.<\/li>\n<li style=\"text-align: center;\">TAILSTOCK CON CUERPO PROGRAMABLE Y DEP\u00d3SITO DE BICICLETAS.<\/li>\n<li style=\"text-align: center;\">\u2013 <em>NUEVA UNIDAD.<\/em><\/li>\n<li style=\"text-align: center;\"><em>- GEOMETR\u00cdAS DE HUSILLO TOTALMENTE REFORMADAS DE: TAILSTOCK - TORRETA - HUSILLO.<\/em><\/li>\n<\/ul>\n<\/div>\n<\/div>\n<\/div>\n<\/div>\n <\/div>\n\t\t\t<\/div> \n\t\t<\/div>\n\t<\/div> \n\n\t<div  class=\"vc_col-sm-4 vc_hidden-sm vc_hidden-xs wpb_column column_container vc_column_container col no-extra-padding inherit_tablet inherit_phone\"  data-padding-pos=\"all\" data-has-bg-color=\"false\" data-bg-color=\"\" data-bg-opacity=\"1\" data-animation=\"\" data-delay=\"0\" >\n\t\t<div class=\"vc_column-inner\" >\n\t\t\t<div class=\"wpb_wrapper\">\n\t\t\t\t\n\t\t\t<\/div> \n\t\t<\/div>\n\t<\/div> \n<\/div><\/div>","protected":false},"excerpt":{"rendered":"<p>Aqu\u00ed est\u00e1 nuestro <strong>TORNO CNC, GOODWAY - UTS GT 25.<\/strong><\/p>\n<p>Est\u00e1 en excelentes condiciones de funcionamiento, para cualquier informaci\u00f3n estamos a su disposici\u00f3n.<\/p>\n<p>&nbsp;<\/p>\n<p>https:\/\/www.youtube.com\/watch?v=mFU05U1Y6VI<\/p>\n<p>&nbsp;<\/p>","protected":false},"featured_media":439,"comment_status":"closed","ping_status":"closed","template":"","meta":[],"product_brand":[],"product_cat":[24],"product_tag":[153,56,54,55,198,156],"class_list":{"0":"post-438","1":"product","2":"type-product","3":"status-publish","4":"has-post-thumbnail","6":"product_cat-cnc-lathe-machines","7":"product_tag-cnc-lathe","8":"product_tag-cnc-lathe-goodway-gt25","9":"product_tag-goodway","10":"product_tag-gt25","11":"product_tag-tornio","12":"product_tag-tornio-cnc","13":"pa_luogo-italia","15":"first","16":"instock","17":"shipping-taxable","18":"product-type-simple"},"_links":{"self":[{"href":"https:\/\/www.laxmiusedmachine.com\/es\/wp-json\/wp\/v2\/product\/438","targetHints":{"allow":["GET"]}}],"collection":[{"href":"https:\/\/www.laxmiusedmachine.com\/es\/wp-json\/wp\/v2\/product"}],"about":[{"href":"https:\/\/www.laxmiusedmachine.com\/es\/wp-json\/wp\/v2\/types\/product"}],"replies":[{"embeddable":true,"href":"https:\/\/www.laxmiusedmachine.com\/es\/wp-json\/wp\/v2\/comments?post=438"}],"wp:featuredmedia":[{"embeddable":true,"href":"https:\/\/www.laxmiusedmachine.com\/es\/wp-json\/wp\/v2\/media\/439"}],"wp:attachment":[{"href":"https:\/\/www.laxmiusedmachine.com\/es\/wp-json\/wp\/v2\/media?parent=438"}],"wp:term":[{"taxonomy":"product_brand","embeddable":true,"href":"https:\/\/www.laxmiusedmachine.com\/es\/wp-json\/wp\/v2\/product_brand?post=438"},{"taxonomy":"product_cat","embeddable":true,"href":"https:\/\/www.laxmiusedmachine.com\/es\/wp-json\/wp\/v2\/product_cat?post=438"},{"taxonomy":"product_tag","embeddable":true,"href":"https:\/\/www.laxmiusedmachine.com\/es\/wp-json\/wp\/v2\/product_tag?post=438"}],"curies":[{"name":"wp","href":"https:\/\/api.w.org\/{rel}","templated":true}]}}