{"id":3743,"date":"2022-05-27T09:37:23","date_gmt":"2022-05-27T09:37:23","guid":{"rendered":"https:\/\/www.laxmiusedmachine.com\/?post_type=product&#038;p=3743"},"modified":"2023-07-12T09:17:14","modified_gmt":"2023-07-12T09:17:14","slug":"automatic-gear-grinder-reishauer-aza-2","status":"publish","type":"product","link":"https:\/\/www.laxmiusedmachine.com\/es\/prodotto\/automatic-gear-grinder-reishauer-aza-2\/","title":{"rendered":"RECTIFICADORA AUTOM\u00c1TICA DE ENGRANAJES, REISHAUER \u2013 AZA"},"content":{"rendered":"<div id=\"fws_69e959b89f2b6\"  data-column-margin=\"default\" data-midnight=\"dark\"  class=\"wpb_row vc_row-fluid vc_row\"  style=\"padding-top: 0px; padding-bottom: 0px; \"><div class=\"row-bg-wrap\" data-bg-animation=\"none\" data-bg-animation-delay=\"\" data-bg-overlay=\"false\"><div class=\"inner-wrap row-bg-layer\" ><div class=\"row-bg viewport-desktop\"  style=\"\"><\/div><\/div><\/div><div class=\"row_col_wrap_12 col span_12 dark left\">\n\t<div  class=\"vc_col-sm-4 wpb_column column_container vc_column_container col no-extra-padding inherit_tablet inherit_phone\"  data-padding-pos=\"all\" data-has-bg-color=\"false\" data-bg-color=\"\" data-bg-opacity=\"1\" data-animation=\"\" data-delay=\"0\" >\n\t\t<div class=\"vc_column-inner\" >\n\t\t\t<div class=\"wpb_wrapper\">\n\t\t\t\t\n\t\t\t<\/div> \n\t\t<\/div>\n\t<\/div> \n\n\t<div  class=\"vc_col-sm-4 wpb_column column_container vc_column_container col no-extra-padding inherit_tablet inherit_phone\"  data-padding-pos=\"all\" data-has-bg-color=\"false\" data-bg-color=\"\" data-bg-opacity=\"1\" data-animation=\"\" data-delay=\"0\" >\n\t\t<div class=\"vc_column-inner\" >\n\t\t\t<div class=\"wpb_wrapper\">\n\t\t\t\t<div class=\"nectar-fancy-ul\" data-list-icon=\"linecon-icon-settings\" data-animation=\"false\" data-animation-delay=\"0\" data-color=\"accent-color\" data-spacing=\"default\" data-alignment=\"left\"> \n<p style=\"text-align: center;\"><strong>RECTIFICADORA DE ENGRANAJES<\/strong><\/p>\n<p style=\"text-align: center;\"><strong>Hacer: REISHAUER<\/strong><\/p>\n<p style=\"text-align: center;\"><strong>Modelo: AZA<\/strong><\/p>\n<ul>\n<li style=\"text-align: center;\"><strong>Di\u00e1metro m\u00e1ximo de la rueda:<\/strong> 330mm<\/li>\n<li style=\"text-align: center;\"><strong>Di\u00e1metro m\u00ednimo de la rueda:<\/strong> 10mm<\/li>\n<li style=\"text-align: center;\"><strong>Ancho m\u00e1ximo de la cara:<\/strong> 170mm<\/li>\n<li style=\"text-align: center;\"><strong>M\u00f3dulo m\u00e1ximo:<\/strong> 6<\/li>\n<li style=\"text-align: center;\"><strong>M\u00f3dulo m\u00ednimo:<\/strong> 0.5<\/li>\n<li style=\"text-align: center;\"><strong>Numero de dientes:<\/strong> 12-260<\/li>\n<li style=\"text-align: center;\"><strong>\u00c1ngulo m\u00e1ximo de h\u00e9lice:<\/strong> 45 grados<\/li>\n<li style=\"text-align: center;\"><strong>Longitud de sujeci\u00f3n:<\/strong> 420mm<\/li>\n<li style=\"text-align: center;\"><strong>Carrera m\u00e1xima del carnero:<\/strong> 180mm<\/li>\n<\/ul>\n<p style=\"text-align: center;\"><strong>Muela:<\/strong><\/p>\n<ul>\n<li style=\"text-align: center;\"><strong>Velocidades:<\/strong> 1900 rpm<\/li>\n<li style=\"text-align: center;\"><strong>Di\u00e1metro:<\/strong> 350mm<\/li>\n<li style=\"text-align: center;\"><strong>Electricidad:<\/strong> 380\/50 V\/Hz<\/li>\n<li style=\"text-align: center;\"><strong>Requerimiento de espacio:<\/strong> 2700x3600x2100mm<\/li>\n<li style=\"text-align: center;\"><strong>Peso de la m\u00e1quina:<\/strong> 6000 kg<\/li>\n<\/ul>\n <\/div>\n\t\t\t<\/div> \n\t\t<\/div>\n\t<\/div> \n\n\t<div  class=\"vc_col-sm-4 wpb_column column_container vc_column_container col no-extra-padding inherit_tablet inherit_phone\"  data-padding-pos=\"all\" data-has-bg-color=\"false\" data-bg-color=\"\" data-bg-opacity=\"1\" data-animation=\"\" data-delay=\"0\" >\n\t\t<div class=\"vc_column-inner\" >\n\t\t\t<div class=\"wpb_wrapper\">\n\t\t\t\t\n\t\t\t<\/div> \n\t\t<\/div>\n\t<\/div> \n<\/div><\/div>","protected":false},"excerpt":{"rendered":"<p>Aqu\u00ed est\u00e1 nuestra<strong> RECTIFICADORA DE ENGRANAJES<\/strong><\/p>\n<p>Se encuentra en excelentes condiciones de funcionamiento, para cualquier informaci\u00f3n estamos a su disposici\u00f3n.<\/p>","protected":false},"featured_media":3744,"comment_status":"closed","ping_status":"closed","template":"","meta":[],"product_brand":[],"product_cat":[26],"product_tag":[165,239,277],"class_list":{"0":"post-3743","1":"product","2":"type-product","3":"status-publish","4":"has-post-thumbnail","6":"product_cat-gear-grinding-machines","7":"product_tag-gear-grinder","8":"product_tag-reishauer","9":"product_tag-rettifica","11":"first","12":"instock","13":"shipping-taxable","14":"product-type-simple"},"_links":{"self":[{"href":"https:\/\/www.laxmiusedmachine.com\/es\/wp-json\/wp\/v2\/product\/3743","targetHints":{"allow":["GET"]}}],"collection":[{"href":"https:\/\/www.laxmiusedmachine.com\/es\/wp-json\/wp\/v2\/product"}],"about":[{"href":"https:\/\/www.laxmiusedmachine.com\/es\/wp-json\/wp\/v2\/types\/product"}],"replies":[{"embeddable":true,"href":"https:\/\/www.laxmiusedmachine.com\/es\/wp-json\/wp\/v2\/comments?post=3743"}],"wp:featuredmedia":[{"embeddable":true,"href":"https:\/\/www.laxmiusedmachine.com\/es\/wp-json\/wp\/v2\/media\/3744"}],"wp:attachment":[{"href":"https:\/\/www.laxmiusedmachine.com\/es\/wp-json\/wp\/v2\/media?parent=3743"}],"wp:term":[{"taxonomy":"product_brand","embeddable":true,"href":"https:\/\/www.laxmiusedmachine.com\/es\/wp-json\/wp\/v2\/product_brand?post=3743"},{"taxonomy":"product_cat","embeddable":true,"href":"https:\/\/www.laxmiusedmachine.com\/es\/wp-json\/wp\/v2\/product_cat?post=3743"},{"taxonomy":"product_tag","embeddable":true,"href":"https:\/\/www.laxmiusedmachine.com\/es\/wp-json\/wp\/v2\/product_tag?post=3743"}],"curies":[{"name":"wp","href":"https:\/\/api.w.org\/{rel}","templated":true}]}}