{"id":37,"date":"2020-05-07T14:54:52","date_gmt":"2020-05-07T14:54:52","guid":{"rendered":"http:\/\/www.laxmiusedmachine.com\/?page_id=37"},"modified":"2023-07-11T15:08:09","modified_gmt":"2023-07-11T15:08:09","slug":"cnc-gear-hobbing-cima-ce-260-7-axis","status":"publish","type":"product","link":"https:\/\/www.laxmiusedmachine.com\/es\/prodotto\/cnc-gear-hobbing-cima-ce-260-7-axis\/","title":{"rendered":"GENERADORA DE ENGRANAJES CNC, CIMA - CE 260 (7 EJES)."},"content":{"rendered":"<div id=\"fws_6a0967cb6641c\"  data-column-margin=\"default\" data-midnight=\"dark\"  class=\"wpb_row vc_row-fluid vc_row\"  style=\"padding-top: 0px; padding-bottom: 0px; \"><div class=\"row-bg-wrap\" data-bg-animation=\"none\" data-bg-animation-delay=\"\" data-bg-overlay=\"false\"><div class=\"inner-wrap row-bg-layer\" ><div class=\"row-bg viewport-desktop using-bg-color\"  style=\"background-color: #ffffff; \"><\/div><\/div><\/div><div class=\"row_col_wrap_12 col span_12 dark left\">\n\t<div  class=\"vc_col-sm-4 vc_hidden-sm vc_hidden-xs wpb_column column_container vc_column_container col no-extra-padding inherit_tablet inherit_phone\"  data-padding-pos=\"all\" data-has-bg-color=\"false\" data-bg-color=\"\" data-bg-opacity=\"1\" data-animation=\"\" data-delay=\"0\" >\n\t\t<div class=\"vc_column-inner\" >\n\t\t\t<div class=\"wpb_wrapper\">\n\t\t\t\t\n\t\t\t<\/div> \n\t\t<\/div>\n\t<\/div> \n\n\t<div  class=\"vc_col-sm-4 wpb_column column_container vc_column_container col no-extra-padding inherit_tablet inherit_phone\"  data-padding-pos=\"all\" data-has-bg-color=\"false\" data-bg-color=\"\" data-bg-opacity=\"1\" data-animation=\"\" data-delay=\"0\" >\n\t\t<div class=\"vc_column-inner\" >\n\t\t\t<div class=\"wpb_wrapper\">\n\t\t\t\t<div class=\"nectar-fancy-ul\" data-list-icon=\"linecon-icon-settings\" data-animation=\"false\" data-animation-delay=\"0\" data-color=\"accent-color\" data-spacing=\"default\" data-alignment=\"left\"> \n<p style=\"text-align: center;\"><span style=\"color: #008000;\"><strong>GENERADORA DE ENGRANAJES CNC - 7 EJES<\/strong><\/span><\/p>\n<ul>\n<li style=\"text-align: center;\"><span style=\"color: #008000;\"><strong>Hacer: CIMA.<\/strong><\/span><\/li>\n<li style=\"text-align: center;\"><span style=\"color: #008000;\"><strong>Modelo: CE 260 <\/strong><\/span><\/li>\n<li style=\"text-align: center;\"><span style=\"color: #008000;\"><strong>7 ejes.<\/strong><\/span><\/li>\n<li style=\"text-align: center;\"><span style=\"color: #008000;\"><strong>TODOS LOS MOTORES SON SIEMENS.<\/strong><\/span><\/li>\n<li style=\"text-align: center;\"><strong><span style=\"color: #008000;\">Control CNC: NUM 760 <\/span><\/strong><span style=\"color: #003300;\"><span style=\"color: #008000;\">(al\u00a0<\/span><span style=\"color: #008000;\"><span style=\"caret-color: #008000;\">requisito<\/span>\u00a0puede ser cambiado)<\/span><\/span><\/li>\n<li style=\"text-align: center;\">Di\u00e1metro m\u00e1ximo de la pieza de trabajo: 300 mm.<\/li>\n<li style=\"text-align: center;\">Max. m\u00f3dulo de tallado: 8.<\/li>\n<li style=\"text-align: center;\">N\u00famero m\u00ednimo de dientes: 4<\/li>\n<li style=\"text-align: center;\">Ajuste m\u00e1ximo de la cabeza: + - 45 \u00b0<\/li>\n<li style=\"text-align: center;\">Recorrido del contrapunto: 250 mm.<\/li>\n<li style=\"text-align: center;\">Velocidad de la encimera: 100-700 rpm.<\/li>\n<li style=\"text-align: center;\">Max. Velocidad de la mesa de trabajo: 80 rpm.<\/li>\n<li style=\"text-align: center;\">Distancia m\u00ednima entre encimera y mesa de trabajo: 20 mm.<\/li>\n<li style=\"text-align: center;\">Distancia m\u00e1xima entre la mesa y el centro de tallado del equipo de trabajo: 290 mm.<\/li>\n<li style=\"text-align: center;\">Distancia m\u00ednima entre tallado y ejes de la mesa de trabajo: 125 mm.<\/li>\n<li style=\"text-align: center;\">Distancia m\u00e1xima entre ejes de tallado y mesa de trabajo: 385 mm.<\/li>\n<li style=\"text-align: center;\">Recorrido vertical m\u00e1x. De tallado: 260 mm. m\u00e1x.<\/li>\n<li style=\"text-align: center;\">Di\u00e1metro de la encimera: 140 mm.<\/li>\n<li style=\"text-align: center;\">Max. Longitud de tallado: 240 mm.<\/li>\n<li style=\"text-align: center;\">Max. recorrido de cambio: 200 mm.<\/li>\n<li style=\"text-align: center;\">Di\u00e1m mesa de trabajo: 260 mm.<\/li>\n<li style=\"text-align: center;\">Agujero de la mesa: 80 mm.<\/li>\n<li style=\"text-align: center;\">Di\u00e1metro de la rueda de divisi\u00f3n: 380 mm.<\/li>\n<li style=\"text-align: center;\">Peso aproximado de la m\u00e1quina: 12.000 Kg.<\/li>\n<\/ul>\n <\/div>\n\t\t\t<\/div> \n\t\t<\/div>\n\t<\/div> \n\n\t<div  class=\"vc_col-sm-4 vc_hidden-sm vc_hidden-xs wpb_column column_container vc_column_container col no-extra-padding inherit_tablet inherit_phone\"  data-padding-pos=\"all\" data-has-bg-color=\"false\" data-bg-color=\"\" data-bg-opacity=\"1\" data-animation=\"\" data-delay=\"0\" >\n\t\t<div class=\"vc_column-inner\" >\n\t\t\t<div class=\"wpb_wrapper\">\n\t\t\t\t\n\t\t\t<\/div> \n\t\t<\/div>\n\t<\/div> \n<\/div><\/div>","protected":false},"excerpt":{"rendered":"<p>Aqu\u00ed est\u00e1 nuestra <strong>GENERADORA DE ENGRANAJES CNC<\/strong><\/p>\n<p>Est\u00e1 en excelentes condiciones de funcionamiento, para cualquier informaci\u00f3n estamos a su disposici\u00f3n.<\/p>","protected":false},"featured_media":85,"comment_status":"closed","ping_status":"closed","template":"","meta":[],"product_brand":[],"product_cat":[19],"product_tag":[179,175,178],"class_list":{"0":"post-37","1":"product","2":"type-product","3":"status-publish","4":"has-post-thumbnail","6":"product_cat-cnc-gear-hobbing-machines","7":"product_tag-cima-ce-260","8":"product_tag-cnc-gear-hobbing","9":"product_tag-dentatrice-cnc","10":"pa_luogo-india","12":"first","13":"instock","14":"shipping-taxable","15":"product-type-simple"},"_links":{"self":[{"href":"https:\/\/www.laxmiusedmachine.com\/es\/wp-json\/wp\/v2\/product\/37","targetHints":{"allow":["GET"]}}],"collection":[{"href":"https:\/\/www.laxmiusedmachine.com\/es\/wp-json\/wp\/v2\/product"}],"about":[{"href":"https:\/\/www.laxmiusedmachine.com\/es\/wp-json\/wp\/v2\/types\/product"}],"replies":[{"embeddable":true,"href":"https:\/\/www.laxmiusedmachine.com\/es\/wp-json\/wp\/v2\/comments?post=37"}],"wp:featuredmedia":[{"embeddable":true,"href":"https:\/\/www.laxmiusedmachine.com\/es\/wp-json\/wp\/v2\/media\/85"}],"wp:attachment":[{"href":"https:\/\/www.laxmiusedmachine.com\/es\/wp-json\/wp\/v2\/media?parent=37"}],"wp:term":[{"taxonomy":"product_brand","embeddable":true,"href":"https:\/\/www.laxmiusedmachine.com\/es\/wp-json\/wp\/v2\/product_brand?post=37"},{"taxonomy":"product_cat","embeddable":true,"href":"https:\/\/www.laxmiusedmachine.com\/es\/wp-json\/wp\/v2\/product_cat?post=37"},{"taxonomy":"product_tag","embeddable":true,"href":"https:\/\/www.laxmiusedmachine.com\/es\/wp-json\/wp\/v2\/product_tag?post=37"}],"curies":[{"name":"wp","href":"https:\/\/api.w.org\/{rel}","templated":true}]}}