{"id":3573,"date":"2022-05-11T09:04:05","date_gmt":"2022-05-11T09:04:05","guid":{"rendered":"https:\/\/www.laxmiusedmachine.com\/?post_type=product&#038;p=3573"},"modified":"2024-04-08T02:48:10","modified_gmt":"2024-04-08T02:48:10","slug":"vertical-machine-center-quaser-mk60iis","status":"publish","type":"product","link":"https:\/\/www.laxmiusedmachine.com\/es\/prodotto\/vertical-machine-center-quaser-mk60iis\/","title":{"rendered":"CENTRO DE MECANIZADO VERTICAL, QUASER \u2013 MK60IIS"},"content":{"rendered":"<div id=\"fws_69e05bdc25f19\"  data-column-margin=\"default\" data-midnight=\"dark\"  class=\"wpb_row vc_row-fluid vc_row\"  style=\"padding-top: 0px; padding-bottom: 0px; \"><div class=\"row-bg-wrap\" data-bg-animation=\"none\" data-bg-animation-delay=\"\" data-bg-overlay=\"false\"><div class=\"inner-wrap row-bg-layer\" ><div class=\"row-bg viewport-desktop\"  style=\"\"><\/div><\/div><\/div><div class=\"row_col_wrap_12 col span_12 dark left\">\n\t<div  class=\"vc_col-sm-4 wpb_column column_container vc_column_container col no-extra-padding inherit_tablet inherit_phone\"  data-padding-pos=\"all\" data-has-bg-color=\"false\" data-bg-color=\"\" data-bg-opacity=\"1\" data-animation=\"\" data-delay=\"0\" >\n\t\t<div class=\"vc_column-inner\" >\n\t\t\t<div class=\"wpb_wrapper\">\n\t\t\t\t\n\t\t\t<\/div> \n\t\t<\/div>\n\t<\/div> \n\n\t<div  class=\"vc_col-sm-4 wpb_column column_container vc_column_container col no-extra-padding inherit_tablet inherit_phone\"  data-padding-pos=\"all\" data-has-bg-color=\"false\" data-bg-color=\"\" data-bg-opacity=\"1\" data-animation=\"\" data-delay=\"0\" >\n\t\t<div class=\"vc_column-inner\" >\n\t\t\t<div class=\"wpb_wrapper\">\n\t\t\t\t<div class=\"nectar-fancy-ul\" data-list-icon=\"linecon-icon-settings\" data-animation=\"false\" data-animation-delay=\"0\" data-color=\"accent-color\" data-spacing=\"default\" data-alignment=\"left\"> \n<p style=\"text-align: center;\"><strong>CENTRO DE MECANIZADO VERTICAL<\/strong><\/p>\n<ul>\n<li style=\"text-align: center;\"><strong>Hacer: <\/strong>CUASER<\/li>\n<li style=\"text-align: center;\"><strong>Modelo: <\/strong>MK60IIS<\/li>\n<li style=\"text-align: center;\"><strong>CNC: Serie Fanuc 18MC<\/strong><\/li>\n<\/ul>\n<p style=\"text-align: center;\"><strong>Recorrido del eje:<\/strong><\/p>\n<ul>\n<li style=\"text-align: center;\"><strong>X (Movimiento longitudinal de la columna):<\/strong>\u00a01020 mil\u00edmetros<\/li>\n<li style=\"text-align: center;\"><strong>Y (columna de movimiento cruzado):<\/strong>\u00a0610mm<\/li>\n<li style=\"text-align: center;\"><strong>Z (Movimiento vertical del cabezal del husillo):<\/strong>\u00a0560 mil\u00edmetros<\/li>\n<\/ul>\n<p style=\"text-align: center;\"><strong>Mesa:<\/strong><\/p>\n<ul>\n<li style=\"text-align: center;\"><strong>Tama\u00f1o de la mesa:<\/strong>1050\u00d7550 x2<\/li>\n<li style=\"text-align: center;\"><strong>Capacidad de carga de la mesa:<\/strong> 300 kg x2<\/li>\n<\/ul>\n<p style=\"text-align: center;\"><strong>Huso:<\/strong><\/p>\n<ul>\n<li style=\"text-align: center;\"><strong>m\u00e1x. Eje de velocidad:<\/strong> 10000 min^-1<\/li>\n<li style=\"text-align: center;\"><strong>Tipo de agujero c\u00f3nico del husillo:<\/strong> ISO 40\/BT40<\/li>\n<li style=\"text-align: center;\"><strong>Capacidad de almacenamiento de herramientas:<\/strong> 40 [80]<\/li>\n<\/ul>\n<p style=\"text-align: center;\"><strong>Tama\u00f1o de la m\u00e1quina:<\/strong><\/p>\n<ul>\n<li style=\"text-align: center;\"><strong>Altura de la m\u00e1quina:<\/strong> 3080 mil\u00edmetros<\/li>\n<li style=\"text-align: center;\"><strong>Superficie \u00fatil (con transportador de virutas y tanque de 20 bar):<\/strong> 2660 x 4380 mil\u00edmetros<\/li>\n<li style=\"text-align: center;\"><strong>Masa de la m\u00e1quina:<\/strong> 11500 kilos<\/li>\n<\/ul>\n<p style=\"text-align: center;\"><strong>Otras informaciones:<\/strong><br \/>\nLa m\u00e1quina ha sido revisada y est\u00e1 en excelentes condiciones de funcionamiento y est\u00e1 completa en todas sus partes y accesorios.<br \/>\n<strong>Equipado con doble pallet y transportador de viruta.<\/strong><\/p>\n <\/div>\n\t\t\t<\/div> \n\t\t<\/div>\n\t<\/div> \n\n\t<div  class=\"vc_col-sm-4 wpb_column column_container vc_column_container col no-extra-padding inherit_tablet inherit_phone\"  data-padding-pos=\"all\" data-has-bg-color=\"false\" data-bg-color=\"\" data-bg-opacity=\"1\" data-animation=\"\" data-delay=\"0\" >\n\t\t<div class=\"vc_column-inner\" >\n\t\t\t<div class=\"wpb_wrapper\">\n\t\t\t\t\n\t\t\t<\/div> \n\t\t<\/div>\n\t<\/div> \n<\/div><\/div>","protected":false},"excerpt":{"rendered":"<p>Aqu\u00ed est\u00e1 nuestra<strong> CENTRO DE MECANIZADO VERTICAL,<\/strong><\/p>\n<p>Se encuentra en excelentes condiciones de funcionamiento, para cualquier informaci\u00f3n estamos a su disposici\u00f3n.<\/p>\n<p>&nbsp;<\/p>\n<p>https:\/\/youtu.be\/rKQ2UF_Qp-4<\/p>\n<p>&nbsp;<\/p>","protected":false},"featured_media":3575,"comment_status":"closed","ping_status":"closed","template":"","meta":[],"product_brand":[],"product_cat":[42],"product_tag":[561,158],"class_list":{"0":"post-3573","1":"product","2":"type-product","3":"status-publish","4":"has-post-thumbnail","6":"product_cat-vertical-horizontal-machining-centers","7":"product_tag-quaser","8":"product_tag-vmc","9":"pa_luogo-india","11":"first","12":"instock","13":"shipping-taxable","14":"product-type-simple"},"_links":{"self":[{"href":"https:\/\/www.laxmiusedmachine.com\/es\/wp-json\/wp\/v2\/product\/3573","targetHints":{"allow":["GET"]}}],"collection":[{"href":"https:\/\/www.laxmiusedmachine.com\/es\/wp-json\/wp\/v2\/product"}],"about":[{"href":"https:\/\/www.laxmiusedmachine.com\/es\/wp-json\/wp\/v2\/types\/product"}],"replies":[{"embeddable":true,"href":"https:\/\/www.laxmiusedmachine.com\/es\/wp-json\/wp\/v2\/comments?post=3573"}],"wp:featuredmedia":[{"embeddable":true,"href":"https:\/\/www.laxmiusedmachine.com\/es\/wp-json\/wp\/v2\/media\/3575"}],"wp:attachment":[{"href":"https:\/\/www.laxmiusedmachine.com\/es\/wp-json\/wp\/v2\/media?parent=3573"}],"wp:term":[{"taxonomy":"product_brand","embeddable":true,"href":"https:\/\/www.laxmiusedmachine.com\/es\/wp-json\/wp\/v2\/product_brand?post=3573"},{"taxonomy":"product_cat","embeddable":true,"href":"https:\/\/www.laxmiusedmachine.com\/es\/wp-json\/wp\/v2\/product_cat?post=3573"},{"taxonomy":"product_tag","embeddable":true,"href":"https:\/\/www.laxmiusedmachine.com\/es\/wp-json\/wp\/v2\/product_tag?post=3573"}],"curies":[{"name":"wp","href":"https:\/\/api.w.org\/{rel}","templated":true}]}}