{"id":3298,"date":"2022-04-04T08:35:08","date_gmt":"2022-04-04T08:35:08","guid":{"rendered":"https:\/\/www.laxmiusedmachine.com\/?post_type=product&#038;p=3298"},"modified":"2024-04-25T04:36:42","modified_gmt":"2024-04-25T04:36:42","slug":"die-spotting-press-tcs-italy-100t-equipped-with-siemens-plc","status":"publish","type":"product","link":"https:\/\/www.laxmiusedmachine.com\/es\/prodotto\/die-spotting-press-tcs-italy-100t-equipped-with-siemens-plc\/","title":{"rendered":"PRENSA HIDRAULICA DE PRUEBA DE MOLDES, TCS (Italia) \u2013 100T EQUIPADA CON SIEMENS PLC"},"content":{"rendered":"<div id=\"fws_69e100fb3b221\"  data-column-margin=\"default\" data-midnight=\"dark\"  class=\"wpb_row vc_row-fluid vc_row\"  style=\"padding-top: 0px; padding-bottom: 0px; \"><div class=\"row-bg-wrap\" data-bg-animation=\"none\" data-bg-animation-delay=\"\" data-bg-overlay=\"false\"><div class=\"inner-wrap row-bg-layer\" ><div class=\"row-bg viewport-desktop\"  style=\"\"><\/div><\/div><\/div><div class=\"row_col_wrap_12 col span_12 dark left\">\n\t<div  class=\"vc_col-sm-4 wpb_column column_container vc_column_container col no-extra-padding inherit_tablet inherit_phone\"  data-padding-pos=\"all\" data-has-bg-color=\"false\" data-bg-color=\"\" data-bg-opacity=\"1\" data-animation=\"\" data-delay=\"0\" >\n\t\t<div class=\"vc_column-inner\" >\n\t\t\t<div class=\"wpb_wrapper\">\n\t\t\t\t\n\t\t\t<\/div> \n\t\t<\/div>\n\t<\/div> \n\n\t<div  class=\"vc_col-sm-4 wpb_column column_container vc_column_container col no-extra-padding inherit_tablet inherit_phone\"  data-padding-pos=\"all\" data-has-bg-color=\"false\" data-bg-color=\"\" data-bg-opacity=\"1\" data-animation=\"\" data-delay=\"0\" >\n\t\t<div class=\"vc_column-inner\" >\n\t\t\t<div class=\"wpb_wrapper\">\n\t\t\t\t\n\t\t\t<\/div> \n\t\t<\/div>\n\t<\/div> \n\n\t<div  class=\"vc_col-sm-4 wpb_column column_container vc_column_container col no-extra-padding inherit_tablet inherit_phone\"  data-padding-pos=\"all\" data-has-bg-color=\"false\" data-bg-color=\"\" data-bg-opacity=\"1\" data-animation=\"\" data-delay=\"0\" >\n\t\t<div class=\"vc_column-inner\" >\n\t\t\t<div class=\"wpb_wrapper\">\n\t\t\t\t<div class=\"nectar-fancy-ul\" data-list-icon=\"linecon-icon-settings\" data-animation=\"false\" data-animation-delay=\"0\" data-color=\"accent-color\" data-spacing=\"default\" data-alignment=\"left\"> \n<p style=\"text-align: center;\"><strong>PRENSA DE PUNTAJE DE TROQUELES<br \/>\n\u00a1Equipado con PLC SIEMENS!<\/strong><\/p>\n<ul>\n<li style=\"text-align: center;\"><strong>Hacer<\/strong><strong>: <\/strong>TCS (Italia)<\/li>\n<li style=\"text-align: center;\"><strong>Modelo:<\/strong> 100 toneladas<\/li>\n<li style=\"text-align: center;\"><strong>SOCIEDAD AN\u00d3NIMA:<\/strong> <strong>SIEMENS<\/strong><\/li>\n<li style=\"text-align: center;\"><strong>Dimensiones totales del piso:<\/strong> 1700\u00d71400mm<\/li>\n<li style=\"text-align: center;\"><strong>Tama\u00f1o m\u00ednimo del molde:<\/strong> 1437\u00d7980mm<\/li>\n<li style=\"text-align: center;\"><strong>Recorrido del suelo m\u00f3vil:<\/strong> 1200mm<\/li>\n<li style=\"text-align: center;\"><strong>Recorrido de la mesa deslizante:<\/strong> 1300mm<\/li>\n<li style=\"text-align: center;\"><strong>Vuelco de la mesa basculante:<\/strong> 110\u00b0<\/li>\n<li style=\"text-align: center;\"><strong>Presi\u00f3n de funcionamiento hidr\u00e1ulica:<\/strong> 250 bares<\/li>\n<\/ul>\n<p style=\"text-align: center;\"><strong>Otras informaciones:<\/strong><br \/>\nLa m\u00e1quina est\u00e1 en excelentes condiciones y est\u00e1 completa en todas sus partes y accesorios.<\/p>\n <\/div>\n\t\t\t<\/div> \n\t\t<\/div>\n\t<\/div> \n<\/div><\/div>","protected":false},"excerpt":{"rendered":"<p>Aqu\u00ed est\u00e1 nuestra <strong>PRENSA DE DETECCI\u00d3N DE MATRICES,<\/strong><\/p>\n<p>Se encuentra en excelentes condiciones de funcionamiento, para cualquier informaci\u00f3n estamos a su disposici\u00f3n.<\/p>\n<p>https:\/\/www.youtube.com\/watch?v=V3I3Dy3WIR0<\/p>","protected":false},"featured_media":3300,"comment_status":"closed","ping_status":"closed","template":"","meta":[],"product_brand":[],"product_cat":[292],"product_tag":[662,664,663],"class_list":{"0":"post-3298","1":"product","2":"type-product","3":"status-publish","4":"has-post-thumbnail","6":"product_cat-mechanical-press","7":"product_tag-die-spotting-press","8":"product_tag-pressa-per-stampi","9":"product_tag-tcs-100t","10":"pa_luogo-india","12":"first","13":"instock","14":"shipping-taxable","15":"product-type-simple"},"_links":{"self":[{"href":"https:\/\/www.laxmiusedmachine.com\/es\/wp-json\/wp\/v2\/product\/3298","targetHints":{"allow":["GET"]}}],"collection":[{"href":"https:\/\/www.laxmiusedmachine.com\/es\/wp-json\/wp\/v2\/product"}],"about":[{"href":"https:\/\/www.laxmiusedmachine.com\/es\/wp-json\/wp\/v2\/types\/product"}],"replies":[{"embeddable":true,"href":"https:\/\/www.laxmiusedmachine.com\/es\/wp-json\/wp\/v2\/comments?post=3298"}],"wp:featuredmedia":[{"embeddable":true,"href":"https:\/\/www.laxmiusedmachine.com\/es\/wp-json\/wp\/v2\/media\/3300"}],"wp:attachment":[{"href":"https:\/\/www.laxmiusedmachine.com\/es\/wp-json\/wp\/v2\/media?parent=3298"}],"wp:term":[{"taxonomy":"product_brand","embeddable":true,"href":"https:\/\/www.laxmiusedmachine.com\/es\/wp-json\/wp\/v2\/product_brand?post=3298"},{"taxonomy":"product_cat","embeddable":true,"href":"https:\/\/www.laxmiusedmachine.com\/es\/wp-json\/wp\/v2\/product_cat?post=3298"},{"taxonomy":"product_tag","embeddable":true,"href":"https:\/\/www.laxmiusedmachine.com\/es\/wp-json\/wp\/v2\/product_tag?post=3298"}],"curies":[{"name":"wp","href":"https:\/\/api.w.org\/{rel}","templated":true}]}}