{"id":3128,"date":"2022-03-14T07:32:04","date_gmt":"2022-03-14T07:32:04","guid":{"rendered":"https:\/\/www.laxmiusedmachine.com\/?post_type=product&#038;p=3128"},"modified":"2023-07-11T15:04:51","modified_gmt":"2023-07-11T15:04:51","slug":"gear-grinder-wmw-niles-zstz-630-c3p-2","status":"publish","type":"product","link":"https:\/\/www.laxmiusedmachine.com\/es\/prodotto\/gear-grinder-wmw-niles-zstz-630-c3p-2\/","title":{"rendered":"RECTIFICADORA DE ENGRANAJES, WMW NILES - ZSTZ 630 C3P"},"content":{"rendered":"<div id=\"fws_69e79032060a3\"  data-column-margin=\"default\" data-midnight=\"dark\"  class=\"wpb_row vc_row-fluid vc_row\"  style=\"padding-top: 0px; padding-bottom: 0px; \"><div class=\"row-bg-wrap\" data-bg-animation=\"none\" data-bg-animation-delay=\"\" data-bg-overlay=\"false\"><div class=\"inner-wrap row-bg-layer\" ><div class=\"row-bg viewport-desktop\"  style=\"\"><\/div><\/div><\/div><div class=\"row_col_wrap_12 col span_12 dark left\">\n\t<div  class=\"vc_col-sm-4 wpb_column column_container vc_column_container col no-extra-padding inherit_tablet inherit_phone\"  data-padding-pos=\"all\" data-has-bg-color=\"false\" data-bg-color=\"\" data-bg-opacity=\"1\" data-animation=\"\" data-delay=\"0\" >\n\t\t<div class=\"vc_column-inner\" >\n\t\t\t<div class=\"wpb_wrapper\">\n\t\t\t\t\n\t\t\t<\/div> \n\t\t<\/div>\n\t<\/div> \n\n\t<div  class=\"vc_col-sm-4 wpb_column column_container vc_column_container col no-extra-padding inherit_tablet inherit_phone\"  data-padding-pos=\"all\" data-has-bg-color=\"false\" data-bg-color=\"\" data-bg-opacity=\"1\" data-animation=\"\" data-delay=\"0\" >\n\t\t<div class=\"vc_column-inner\" >\n\t\t\t<div class=\"wpb_wrapper\">\n\t\t\t\t<div class=\"nectar-fancy-ul\" data-list-icon=\"linecon-icon-settings\" data-animation=\"false\" data-animation-delay=\"0\" data-color=\"accent-color\" data-spacing=\"default\" data-alignment=\"left\"> \n<div class=\"page\" title=\"P\u00e1gina 1\">\n<div class=\"section\">\n<div class=\"layoutArea\">\n<div class=\"column\">\n<div class=\"page\" title=\"P\u00e1gina 1\">\n<div class=\"section\">\n<div class=\"layoutArea\">\n<div class=\"column\">\n<p style=\"text-align: center;\">RECTIFICADORA DE ENGRANAJES<\/p>\n<p style=\"text-align: center;\">Hacer: WMW NILES<\/p>\n<p style=\"text-align: center;\">Modelo: ZSTZ 630 C3P<\/p>\n<\/div>\n<\/div>\n<\/div>\n<\/div>\n<p>&nbsp;<\/p>\n<ul>\n<li style=\"text-align: center;\">Max. Di\u00e1metro del engranaje: 630 mm.<\/li>\n<li style=\"text-align: center;\">Ancho de engranaje: 215 mm.<\/li>\n<li style=\"text-align: center;\">Max. m\u00f3dulo: 12.<\/li>\n<li style=\"text-align: center;\">Min. m\u00f3dulo 1.<\/li>\n<li style=\"text-align: center;\">N\u00famero de dientes: 5 - 140.<\/li>\n<li style=\"text-align: center;\">Longitud de carrera: 225 mm.<\/li>\n<li style=\"text-align: center;\">Di\u00e1metro de la mesa: 500 mm.<\/li>\n<li style=\"text-align: center;\">Di\u00e1metro de la muela abrasiva. m\u00ednimo m\u00e1ximo. : 270-350 mm. \u00c1ngulo helicoidal m\u00e1x.: 45\u00b0.<\/li>\n<li style=\"text-align: center;\">No. de golpes: 75 - 315 pM<\/li>\n<li style=\"text-align: center;\">Potencia total requerida: 8,0 kW. Peso de la m\u00e1quina aprox. : 6,3 TON.<\/li>\n<\/ul>\n<\/div>\n<\/div>\n<\/div>\n<\/div>\n <\/div>\n\t\t\t<\/div> \n\t\t<\/div>\n\t<\/div> \n\n\t<div  class=\"vc_col-sm-4 wpb_column column_container vc_column_container col no-extra-padding inherit_tablet inherit_phone\"  data-padding-pos=\"all\" data-has-bg-color=\"false\" data-bg-color=\"\" data-bg-opacity=\"1\" data-animation=\"\" data-delay=\"0\" >\n\t\t<div class=\"vc_column-inner\" >\n\t\t\t<div class=\"wpb_wrapper\">\n\t\t\t\t\n\t\t\t<\/div> \n\t\t<\/div>\n\t<\/div> \n<\/div><\/div>","protected":false},"excerpt":{"rendered":"<div class=\"page\" title=\"P\u00e1gina 1\">\n<div class=\"section\">\n<div class=\"layoutArea\">\n<div class=\"column\">\n<p>Aqu\u00ed est\u00e1 nuestra RECTIFICADORA DE ENGRANAJES<b>,<\/b><\/p>\n<p style=\"text-align: left;\">LA M\u00c1QUINA EST\u00c1 COMPLETA EN TODAS SUS PARTES, ACCESORIOS (Cambio de marchas, etc.) Y SE ENCUENTRA EN EXCELENTES CONDICIONES DE FUNCIONAMIENTO.<\/p>\n<\/div>\n<\/div>\n<\/div>\n<\/div>","protected":false},"featured_media":3129,"comment_status":"closed","ping_status":"closed","template":"","meta":[],"product_brand":[],"product_cat":[26],"product_tag":[],"class_list":{"0":"post-3128","1":"product","2":"type-product","3":"status-publish","4":"has-post-thumbnail","6":"product_cat-gear-grinding-machines","7":"pa_luogo-india","9":"first","10":"instock","11":"shipping-taxable","12":"product-type-simple"},"_links":{"self":[{"href":"https:\/\/www.laxmiusedmachine.com\/es\/wp-json\/wp\/v2\/product\/3128","targetHints":{"allow":["GET"]}}],"collection":[{"href":"https:\/\/www.laxmiusedmachine.com\/es\/wp-json\/wp\/v2\/product"}],"about":[{"href":"https:\/\/www.laxmiusedmachine.com\/es\/wp-json\/wp\/v2\/types\/product"}],"replies":[{"embeddable":true,"href":"https:\/\/www.laxmiusedmachine.com\/es\/wp-json\/wp\/v2\/comments?post=3128"}],"wp:featuredmedia":[{"embeddable":true,"href":"https:\/\/www.laxmiusedmachine.com\/es\/wp-json\/wp\/v2\/media\/3129"}],"wp:attachment":[{"href":"https:\/\/www.laxmiusedmachine.com\/es\/wp-json\/wp\/v2\/media?parent=3128"}],"wp:term":[{"taxonomy":"product_brand","embeddable":true,"href":"https:\/\/www.laxmiusedmachine.com\/es\/wp-json\/wp\/v2\/product_brand?post=3128"},{"taxonomy":"product_cat","embeddable":true,"href":"https:\/\/www.laxmiusedmachine.com\/es\/wp-json\/wp\/v2\/product_cat?post=3128"},{"taxonomy":"product_tag","embeddable":true,"href":"https:\/\/www.laxmiusedmachine.com\/es\/wp-json\/wp\/v2\/product_tag?post=3128"}],"curies":[{"name":"wp","href":"https:\/\/api.w.org\/{rel}","templated":true}]}}