{"id":267,"date":"2020-05-29T07:28:45","date_gmt":"2020-05-29T07:28:45","guid":{"rendered":"http:\/\/www.laxmiusedmachine.com\/?post_type=product&#038;p=267"},"modified":"2023-07-11T15:08:07","modified_gmt":"2023-07-11T15:08:07","slug":"lathe-machine-tos-su-80a","status":"publish","type":"product","link":"https:\/\/www.laxmiusedmachine.com\/es\/prodotto\/lathe-machine-tos-su-80a\/","title":{"rendered":"MAQUINA DE TORNO, TOS - SU 80A."},"content":{"rendered":"<div id=\"fws_6a097831bd8f3\"  data-column-margin=\"default\" data-midnight=\"dark\"  class=\"wpb_row vc_row-fluid vc_row\"  style=\"padding-top: 0px; padding-bottom: 0px; \"><div class=\"row-bg-wrap\" data-bg-animation=\"none\" data-bg-animation-delay=\"\" data-bg-overlay=\"false\"><div class=\"inner-wrap row-bg-layer\" ><div class=\"row-bg viewport-desktop using-bg-color\"  style=\"background-color: #ffffff; \"><\/div><\/div><\/div><div class=\"row_col_wrap_12 col span_12 dark left\">\n\t<div  class=\"vc_col-sm-4 vc_hidden-sm vc_hidden-xs wpb_column column_container vc_column_container col no-extra-padding inherit_tablet inherit_phone\"  data-padding-pos=\"all\" data-has-bg-color=\"false\" data-bg-color=\"\" data-bg-opacity=\"1\" data-animation=\"\" data-delay=\"0\" >\n\t\t<div class=\"vc_column-inner\" >\n\t\t\t<div class=\"wpb_wrapper\">\n\t\t\t\t\n\t\t\t<\/div> \n\t\t<\/div>\n\t<\/div> \n\n\t<div  class=\"vc_col-sm-4 wpb_column column_container vc_column_container col no-extra-padding inherit_tablet inherit_phone\"  data-padding-pos=\"all\" data-has-bg-color=\"false\" data-bg-color=\"\" data-bg-opacity=\"1\" data-animation=\"\" data-delay=\"0\" >\n\t\t<div class=\"vc_column-inner\" >\n\t\t\t<div class=\"wpb_wrapper\">\n\t\t\t\t<div class=\"nectar-fancy-ul\" data-list-icon=\"linecon-icon-settings\" data-animation=\"false\" data-animation-delay=\"0\" data-color=\"accent-color\" data-spacing=\"default\" data-alignment=\"left\"> \n<p style=\"text-align: center;\"><span style=\"color: #008000;\"><strong>M\u00c1QUINA DE TORNO<\/strong><\/span><\/p>\n<ul style=\"text-align: center;\">\n<li><span style=\"color: #008000;\"><strong>Productor: TOS<\/strong><\/span><\/li>\n<li><span style=\"color: #008000;\"><strong>Modelo: SU 80A.<\/strong><\/span><\/li>\n<li>Columpio sobre la cama: 830 MM<\/li>\n<li>Tipo de m\u00e1quina de torno: TORNO HEAVY DUTY<\/li>\n<li>Di\u00e1metro del husillo: 70 mm<\/li>\n<li>Distancia entre centros: 3500 MM<\/li>\n<li>Max. Columpio de di\u00e1metro sobre la cama: 800 MM<\/li>\n<li>Ancho de la cama: 700 MM<\/li>\n<li>Max. Di\u00e1metro de oscilaci\u00f3n sobre la brecha: 940 MM<\/li>\n<li>PESO: 8 TONELADAS<\/li>\n<li>Altura del centro: 415 mm.<\/li>\n<li>Agujero del husillo: 70 mm.<\/li>\n<li>Max. Di\u00e1metro de oscilaci\u00f3n sobre carro: 500 mm.<\/li>\n<li>Max. Di\u00e1metro del columpio sobre la cama: 800 mm.<\/li>\n<\/ul>\n<p style=\"text-align: center;\"><em><strong>2 mandriles disponibles:<\/strong><\/em><br \/>\n1) 800 mm.<br \/>\n2) 430 mm.<\/p>\n <\/div>\n\t\t\t<\/div> \n\t\t<\/div>\n\t<\/div> \n\n\t<div  class=\"vc_col-sm-4 vc_hidden-sm vc_hidden-xs wpb_column column_container vc_column_container col no-extra-padding inherit_tablet inherit_phone\"  data-padding-pos=\"all\" data-has-bg-color=\"false\" data-bg-color=\"\" data-bg-opacity=\"1\" data-animation=\"\" data-delay=\"0\" >\n\t\t<div class=\"vc_column-inner\" >\n\t\t\t<div class=\"wpb_wrapper\">\n\t\t\t\t\n\t\t\t<\/div> \n\t\t<\/div>\n\t<\/div> \n<\/div><\/div>","protected":false},"excerpt":{"rendered":"<p class=\"translation-block\">Aqu\u00ed est\u00e1 nuestro <strong>TORNO, TOS \u2013 SU 80A.<\/strong><\/p>\n<p>Est\u00e1 en excelentes condiciones de funcionamiento, para cualquier informaci\u00f3n estamos a su disposici\u00f3n.<\/p>","protected":false},"featured_media":269,"comment_status":"closed","ping_status":"closed","template":"","meta":[],"product_brand":[],"product_cat":[40],"product_tag":[53,198,149,148],"class_list":{"0":"post-267","1":"product","2":"type-product","3":"status-publish","4":"has-post-thumbnail","6":"product_cat-lathe-machines","7":"product_tag-lathe","8":"product_tag-tornio","9":"product_tag-tos","10":"product_tag-tos-lathe","11":"pa_luogo-india","13":"first","14":"instock","15":"shipping-taxable","16":"product-type-simple"},"_links":{"self":[{"href":"https:\/\/www.laxmiusedmachine.com\/es\/wp-json\/wp\/v2\/product\/267","targetHints":{"allow":["GET"]}}],"collection":[{"href":"https:\/\/www.laxmiusedmachine.com\/es\/wp-json\/wp\/v2\/product"}],"about":[{"href":"https:\/\/www.laxmiusedmachine.com\/es\/wp-json\/wp\/v2\/types\/product"}],"replies":[{"embeddable":true,"href":"https:\/\/www.laxmiusedmachine.com\/es\/wp-json\/wp\/v2\/comments?post=267"}],"wp:featuredmedia":[{"embeddable":true,"href":"https:\/\/www.laxmiusedmachine.com\/es\/wp-json\/wp\/v2\/media\/269"}],"wp:attachment":[{"href":"https:\/\/www.laxmiusedmachine.com\/es\/wp-json\/wp\/v2\/media?parent=267"}],"wp:term":[{"taxonomy":"product_brand","embeddable":true,"href":"https:\/\/www.laxmiusedmachine.com\/es\/wp-json\/wp\/v2\/product_brand?post=267"},{"taxonomy":"product_cat","embeddable":true,"href":"https:\/\/www.laxmiusedmachine.com\/es\/wp-json\/wp\/v2\/product_cat?post=267"},{"taxonomy":"product_tag","embeddable":true,"href":"https:\/\/www.laxmiusedmachine.com\/es\/wp-json\/wp\/v2\/product_tag?post=267"}],"curies":[{"name":"wp","href":"https:\/\/api.w.org\/{rel}","templated":true}]}}