{"id":260,"date":"2020-05-29T07:15:12","date_gmt":"2020-05-29T07:15:12","guid":{"rendered":"http:\/\/www.laxmiusedmachine.com\/?post_type=product&#038;p=260"},"modified":"2023-07-11T15:08:07","modified_gmt":"2023-07-11T15:08:07","slug":"gear-tooth-round-chamfering-hurth-zk-10","status":"publish","type":"product","link":"https:\/\/www.laxmiusedmachine.com\/es\/prodotto\/gear-tooth-round-chamfering-hurth-zk-10\/","title":{"rendered":"DIENTE DE ENGRANAJE REDONDO Y BISELADO, HURTH - ZK 10."},"content":{"rendered":"<div id=\"fws_69f2dbdd16cee\"  data-column-margin=\"default\" data-midnight=\"dark\"  class=\"wpb_row vc_row-fluid vc_row\"  style=\"padding-top: 0px; padding-bottom: 0px; \"><div class=\"row-bg-wrap\" data-bg-animation=\"none\" data-bg-animation-delay=\"\" data-bg-overlay=\"false\"><div class=\"inner-wrap row-bg-layer\" ><div class=\"row-bg viewport-desktop using-bg-color\"  style=\"background-color: #ffffff; \"><\/div><\/div><\/div><div class=\"row_col_wrap_12 col span_12 dark left\">\n\t<div  class=\"vc_col-sm-4 vc_hidden-sm vc_hidden-xs wpb_column column_container vc_column_container col no-extra-padding inherit_tablet inherit_phone\"  data-padding-pos=\"all\" data-has-bg-color=\"false\" data-bg-color=\"\" data-bg-opacity=\"1\" data-animation=\"\" data-delay=\"0\" >\n\t\t<div class=\"vc_column-inner\" >\n\t\t\t<div class=\"wpb_wrapper\">\n\t\t\t\t\n\t\t\t<\/div> \n\t\t<\/div>\n\t<\/div> \n\n\t<div  class=\"vc_col-sm-4 wpb_column column_container vc_column_container col no-extra-padding inherit_tablet inherit_phone\"  data-padding-pos=\"all\" data-has-bg-color=\"false\" data-bg-color=\"\" data-bg-opacity=\"1\" data-animation=\"\" data-delay=\"0\" >\n\t\t<div class=\"vc_column-inner\" >\n\t\t\t<div class=\"wpb_wrapper\">\n\t\t\t\t<div class=\"nectar-fancy-ul\" data-list-icon=\"linecon-icon-settings\" data-animation=\"false\" data-animation-delay=\"0\" data-color=\"accent-color\" data-spacing=\"default\" data-alignment=\"left\"> \n<p style=\"text-align: center;\"><span style=\"color: #008000;\"><strong>DIENTE DE ENGRANAJE REDONDO Y BISELADO<\/strong><\/span><\/p>\n<ul>\n<li style=\"text-align: center;\"><span style=\"color: #008000;\"><strong>Marca: HURTH <\/strong><\/span><\/li>\n<li style=\"text-align: center;\"><span style=\"color: #008000;\"><strong>Modelo: ZK 10<\/strong><\/span><\/li>\n<li style=\"text-align: center;\">Grado de automatizaci\u00f3n: autom\u00e1tico<\/li>\n<li style=\"text-align: center;\">Di\u00e1metro m\u00e1ximo de la rueda: 400 MM<\/li>\n<li style=\"text-align: center;\">N\u00famero m\u00e1ximo de dientes: 150<\/li>\n<li style=\"text-align: center;\">M\u00f3dulo m\u00e1ximo: 10<\/li>\n<li style=\"text-align: center;\">M\u00f3dulo m\u00ednimo: 1<\/li>\n<li style=\"text-align: center;\">N\u00famero de dientes: 200<\/li>\n<li style=\"text-align: center;\">Ajuste vertical del cabezal de fresado: 200 mm<\/li>\n<li style=\"text-align: center;\">Ajuste del cabezal de indexaci\u00f3n horizontal: 565 mm<\/li>\n<li style=\"text-align: center;\">Motor de accionamiento principal: 1,5 kwG<\/li>\n<\/ul>\n <\/div>\n\t\t\t<\/div> \n\t\t<\/div>\n\t<\/div> \n\n\t<div  class=\"vc_col-sm-4 vc_hidden-sm vc_hidden-xs wpb_column column_container vc_column_container col no-extra-padding inherit_tablet inherit_phone\"  data-padding-pos=\"all\" data-has-bg-color=\"false\" data-bg-color=\"\" data-bg-opacity=\"1\" data-animation=\"\" data-delay=\"0\" >\n\t\t<div class=\"vc_column-inner\" >\n\t\t\t<div class=\"wpb_wrapper\">\n\t\t\t\t\n\t\t\t<\/div> \n\t\t<\/div>\n\t<\/div> \n<\/div><\/div>","protected":false},"excerpt":{"rendered":"<p>Aqu\u00ed est\u00e1 nuestra M\u00c1QUINA BISELADORA Y REDONDA DE DIENTES DE ENGRANAJES.<\/p>\n<p>Se encuentra en excelentes condiciones de funcionamiento, para cualquier informaci\u00f3n estamos a su disposici\u00f3n.<\/p>","protected":false},"featured_media":261,"comment_status":"closed","ping_status":"closed","template":"","meta":[],"product_brand":[],"product_cat":[43],"product_tag":[150,151],"class_list":{"0":"post-260","1":"product","2":"type-product","3":"status-publish","4":"has-post-thumbnail","6":"product_cat-gear-tooth-rounding-and-chamfering","7":"product_tag-gear-tooth-round-chamfering","8":"product_tag-hurth-zk10","9":"pa_luogo-india","11":"first","12":"instock","13":"shipping-taxable","14":"product-type-simple"},"_links":{"self":[{"href":"https:\/\/www.laxmiusedmachine.com\/es\/wp-json\/wp\/v2\/product\/260","targetHints":{"allow":["GET"]}}],"collection":[{"href":"https:\/\/www.laxmiusedmachine.com\/es\/wp-json\/wp\/v2\/product"}],"about":[{"href":"https:\/\/www.laxmiusedmachine.com\/es\/wp-json\/wp\/v2\/types\/product"}],"replies":[{"embeddable":true,"href":"https:\/\/www.laxmiusedmachine.com\/es\/wp-json\/wp\/v2\/comments?post=260"}],"wp:featuredmedia":[{"embeddable":true,"href":"https:\/\/www.laxmiusedmachine.com\/es\/wp-json\/wp\/v2\/media\/261"}],"wp:attachment":[{"href":"https:\/\/www.laxmiusedmachine.com\/es\/wp-json\/wp\/v2\/media?parent=260"}],"wp:term":[{"taxonomy":"product_brand","embeddable":true,"href":"https:\/\/www.laxmiusedmachine.com\/es\/wp-json\/wp\/v2\/product_brand?post=260"},{"taxonomy":"product_cat","embeddable":true,"href":"https:\/\/www.laxmiusedmachine.com\/es\/wp-json\/wp\/v2\/product_cat?post=260"},{"taxonomy":"product_tag","embeddable":true,"href":"https:\/\/www.laxmiusedmachine.com\/es\/wp-json\/wp\/v2\/product_tag?post=260"}],"curies":[{"name":"wp","href":"https:\/\/api.w.org\/{rel}","templated":true}]}}