{"id":1858,"date":"2020-12-22T19:23:37","date_gmt":"2020-12-22T19:23:37","guid":{"rendered":"https:\/\/www.laxmiusedmachine.com\/?post_type=product&#038;p=1858"},"modified":"2023-07-12T08:28:43","modified_gmt":"2023-07-12T08:28:43","slug":"twin-spindle-cnc-lathe-okuma-and-howa-2sp-35hg-with-fanuc-18m","status":"publish","type":"product","link":"https:\/\/www.laxmiusedmachine.com\/es\/prodotto\/twin-spindle-cnc-lathe-okuma-and-howa-2sp-35hg-with-fanuc-18m\/","title":{"rendered":"TORNO CNC DE DOBLE HUSILLO, OKUMA y HOWA \u2013 2SP \/ 35HG con FANUC 18T"},"content":{"rendered":"<div id=\"fws_6a0469af2d2e7\"  data-column-margin=\"default\" data-midnight=\"dark\"  class=\"wpb_row vc_row-fluid vc_row\"  style=\"padding-top: 0px; padding-bottom: 0px; \"><div class=\"row-bg-wrap\" data-bg-animation=\"none\" data-bg-animation-delay=\"\" data-bg-overlay=\"false\"><div class=\"inner-wrap row-bg-layer\" ><div class=\"row-bg viewport-desktop\"  style=\"\"><\/div><\/div><\/div><div class=\"row_col_wrap_12 col span_12 dark left\">\n\t<div  class=\"vc_col-sm-4 wpb_column column_container vc_column_container col no-extra-padding inherit_tablet inherit_phone\"  data-padding-pos=\"all\" data-has-bg-color=\"false\" data-bg-color=\"\" data-bg-opacity=\"1\" data-animation=\"\" data-delay=\"0\" >\n\t\t<div class=\"vc_column-inner\" >\n\t\t\t<div class=\"wpb_wrapper\">\n\t\t\t\t\n\t\t\t<\/div> \n\t\t<\/div>\n\t<\/div> \n\n\t<div  class=\"vc_col-sm-4 wpb_column column_container vc_column_container col no-extra-padding inherit_tablet inherit_phone\"  data-padding-pos=\"all\" data-has-bg-color=\"false\" data-bg-color=\"\" data-bg-opacity=\"1\" data-animation=\"\" data-delay=\"0\" >\n\t\t<div class=\"vc_column-inner\" >\n\t\t\t<div class=\"wpb_wrapper\">\n\t\t\t\t<div class=\"nectar-fancy-ul\" data-list-icon=\"linecon-icon-settings\" data-animation=\"false\" data-animation-delay=\"0\" data-color=\"accent-color\" data-spacing=\"default\" data-alignment=\"left\"> \n<div class=\"page\" title=\"P\u00e1gina 1\">\n<div class=\"section\">\n<div class=\"layoutArea\">\n<div class=\"column\">\n<p style=\"text-align: center;\">TORNO CNC DE DOBLE HUSILLO con <em><strong>NUEVAS L\u00cdNEAS DE HUSILLO<\/strong><\/em><\/p>\n<p style=\"text-align: center;\"><strong>Marca: OKUMA y HOWA<\/strong><\/p>\n<p style=\"text-align: center;\"><strong>Modelo: 2SP - 35 HG <\/strong><\/p>\n<p style=\"text-align: center;\"><strong>Control: FANUC 18-T<\/strong><\/p>\n<p style=\"text-align: center;\"><em><strong>M\u00c1QUINA DE 4 EJES \u2013 CARGADOR TOTALMENTE AUTOM\u00c1TICO con ROBOT<\/strong><\/em><\/p>\n<ul>\n<li style=\"text-align: center;\">Distancia entre ejes entre ejes: 450 mm<\/li>\n<li style=\"text-align: center;\">Max. Di\u00e1metro de giro: 380 mm - CARGA MANUAL o con ROBOT<\/li>\n<li style=\"text-align: center;\">Max. Di\u00e1metro de giro: 160 mm - con CARGADOR OGL<\/li>\n<li style=\"text-align: center;\">Max. Longitud de giro: 230 mm<\/li>\n<\/ul>\n<p style=\"text-align: center;\">HUSILLO DERECHO e IZQUIERDO:<\/p>\n<ul>\n<li style=\"text-align: center;\">Cono del husillo: A 2-8<\/li>\n<li style=\"text-align: center;\">Agujero del husillo: 82 mm.<\/li>\n<li style=\"text-align: center;\">Velocidad del husillo: 35 - 3500<\/li>\n<li style=\"text-align: center;\">Potencia m\u00e1xima disponible: 18,5 KW.<\/li>\n<li style=\"text-align: center;\">Recorrido longitudinal del carro - Z: 230 mm.<\/li>\n<li style=\"text-align: center;\">Recorrido del carro transversal - X: 225 mm.<\/li>\n<li style=\"text-align: center;\">Avances r\u00e1pidos EJES X - Z: 24\/30 m \/ min.<\/li>\n<li style=\"text-align: center;\">Estaciones de herramientas: 12 + 12<\/li>\n<li style=\"text-align: center;\">Peso de la m\u00e1quina: unos 9200 Kg.<\/li>\n<li style=\"text-align: center;\">Superficie \u00fatil: 3,8 x 5,5 m.<\/li>\n<\/ul>\n<p style=\"text-align: center;\">ACCESORIOS:<\/p>\n<ul>\n<li style=\"text-align: center;\">\u00a0N.2 DIA AUTOCENTRANTE. 250 AUTOBLOQUE<\/li>\n<li style=\"text-align: center;\">\u00a0EVACUADOR DE CHIP<\/li>\n<li style=\"text-align: center;\">\u00a0PUERTAS AUTOM\u00c1TICAS<\/li>\n<li style=\"text-align: center;\">\u00a0KIT PORTAHERRAMIENTAS<\/li>\n<li style=\"text-align: center;\">\u00a0SOPLADO AUTOCENTRANTE<\/li>\n<li style=\"text-align: center;\">\u00a0ORIENTACI\u00d3N DEL HUSILLO<\/li>\n<li style=\"text-align: center;\"><strong>CARGADOR PORTAL INTEGRADO CON INCLINACI\u00d3N DE PIEZAS<\/strong><\/li>\n<li style=\"text-align: center;\">\u00a0N.1 BODEGA CON 16 ESTACIONES EN EL LADO DERECHO<\/li>\n<\/ul>\n<\/div>\n<\/div>\n<\/div>\n<\/div>\n <\/div>\n\t\t\t<\/div> \n\t\t<\/div>\n\t<\/div> \n\n\t<div  class=\"vc_col-sm-4 wpb_column column_container vc_column_container col no-extra-padding inherit_tablet inherit_phone\"  data-padding-pos=\"all\" data-has-bg-color=\"false\" data-bg-color=\"\" data-bg-opacity=\"1\" data-animation=\"\" data-delay=\"0\" >\n\t\t<div class=\"vc_column-inner\" >\n\t\t\t<div class=\"wpb_wrapper\">\n\t\t\t\t\n\t\t\t<\/div> \n\t\t<\/div>\n\t<\/div> \n<\/div><\/div>","protected":false},"excerpt":{"rendered":"<p>Aqu\u00ed est\u00e1 nuestra <strong>TORNO CNC DE DOBLE HUSILLO con <em>NUEVA L\u00cdNEA DE HUSILLO<\/em>.<\/strong><\/p>\n<p>Se encuentra en excelentes condiciones de funcionamiento, para cualquier informaci\u00f3n estamos a su disposici\u00f3n.<\/p>","protected":false},"featured_media":2958,"comment_status":"closed","ping_status":"closed","template":"","meta":[],"product_brand":[],"product_cat":[24],"product_tag":[500,153,498,156,499],"class_list":{"0":"post-1858","1":"product","2":"type-product","3":"status-publish","4":"has-post-thumbnail","6":"product_cat-cnc-lathe-machines","7":"product_tag-bi-mandrino","8":"product_tag-cnc-lathe","9":"product_tag-okuma","10":"product_tag-tornio-cnc","11":"product_tag-twin-spindle","12":"pa_luogo-italia","14":"first","15":"instock","16":"shipping-taxable","17":"product-type-simple"},"_links":{"self":[{"href":"https:\/\/www.laxmiusedmachine.com\/es\/wp-json\/wp\/v2\/product\/1858","targetHints":{"allow":["GET"]}}],"collection":[{"href":"https:\/\/www.laxmiusedmachine.com\/es\/wp-json\/wp\/v2\/product"}],"about":[{"href":"https:\/\/www.laxmiusedmachine.com\/es\/wp-json\/wp\/v2\/types\/product"}],"replies":[{"embeddable":true,"href":"https:\/\/www.laxmiusedmachine.com\/es\/wp-json\/wp\/v2\/comments?post=1858"}],"wp:featuredmedia":[{"embeddable":true,"href":"https:\/\/www.laxmiusedmachine.com\/es\/wp-json\/wp\/v2\/media\/2958"}],"wp:attachment":[{"href":"https:\/\/www.laxmiusedmachine.com\/es\/wp-json\/wp\/v2\/media?parent=1858"}],"wp:term":[{"taxonomy":"product_brand","embeddable":true,"href":"https:\/\/www.laxmiusedmachine.com\/es\/wp-json\/wp\/v2\/product_brand?post=1858"},{"taxonomy":"product_cat","embeddable":true,"href":"https:\/\/www.laxmiusedmachine.com\/es\/wp-json\/wp\/v2\/product_cat?post=1858"},{"taxonomy":"product_tag","embeddable":true,"href":"https:\/\/www.laxmiusedmachine.com\/es\/wp-json\/wp\/v2\/product_tag?post=1858"}],"curies":[{"name":"wp","href":"https:\/\/api.w.org\/{rel}","templated":true}]}}