{"id":1474,"date":"2020-08-22T15:31:37","date_gmt":"2020-08-22T15:31:37","guid":{"rendered":"https:\/\/www.laxmiusedmachine.com\/?post_type=product&#038;p=1474"},"modified":"2023-07-11T15:06:07","modified_gmt":"2023-07-11T15:06:07","slug":"automatic-gear-grinder-reishauer-aza","status":"publish","type":"product","link":"https:\/\/www.laxmiusedmachine.com\/es\/prodotto\/automatic-gear-grinder-reishauer-aza\/","title":{"rendered":"RECTIFICADORA DE ENGRANAJES AUTOM\u00c1TICA, REISHAUER - AZA"},"content":{"rendered":"<div id=\"fws_69f33911dcbb1\"  data-column-margin=\"default\" data-midnight=\"dark\"  class=\"wpb_row vc_row-fluid vc_row\"  style=\"padding-top: 0px; padding-bottom: 0px; \"><div class=\"row-bg-wrap\" data-bg-animation=\"none\" data-bg-animation-delay=\"\" data-bg-overlay=\"false\"><div class=\"inner-wrap row-bg-layer\" ><div class=\"row-bg viewport-desktop\"  style=\"\"><\/div><\/div><\/div><div class=\"row_col_wrap_12 col span_12 dark left\">\n\t<div  class=\"vc_col-sm-4 wpb_column column_container vc_column_container col no-extra-padding inherit_tablet inherit_phone\"  data-padding-pos=\"all\" data-has-bg-color=\"false\" data-bg-color=\"\" data-bg-opacity=\"1\" data-animation=\"\" data-delay=\"0\" >\n\t\t<div class=\"vc_column-inner\" >\n\t\t\t<div class=\"wpb_wrapper\">\n\t\t\t\t\n\t\t\t<\/div> \n\t\t<\/div>\n\t<\/div> \n\n\t<div  class=\"vc_col-sm-4 wpb_column column_container vc_column_container col no-extra-padding inherit_tablet inherit_phone\"  data-padding-pos=\"all\" data-has-bg-color=\"false\" data-bg-color=\"\" data-bg-opacity=\"1\" data-animation=\"\" data-delay=\"0\" >\n\t\t<div class=\"vc_column-inner\" >\n\t\t\t<div class=\"wpb_wrapper\">\n\t\t\t\t<div class=\"nectar-fancy-ul\" data-list-icon=\"linecon-icon-settings\" data-animation=\"false\" data-animation-delay=\"0\" data-color=\"accent-color\" data-spacing=\"default\" data-alignment=\"left\"> \n<p style=\"text-align: center;\"><span style=\"color: #008000;\"><em><strong>RECTIFICADORA DE ENGRANAJES<\/strong><\/em><\/span><\/p>\n<ul>\n<li style=\"text-align: center;\"><span style=\"color: #008000;\">Hacer: REISHAUER<\/span><\/li>\n<li style=\"text-align: center;\"><span style=\"color: #008000;\">Modelo: AZA<\/span><\/li>\n<li style=\"text-align: center;\">Di\u00e1metro m\u00e1ximo de rueda: 330 mm<\/li>\n<li style=\"text-align: center;\">Di\u00e1metro m\u00ednimo de la rueda: 10 mm<\/li>\n<li style=\"text-align: center;\">Ancho m\u00e1ximo de cara: 170 mm<\/li>\n<\/ul>\n<p style=\"text-align: center;\">M\u00f3dulo:<\/p>\n<ul>\n<li style=\"text-align: center;\">M\u00e1ximo: 6<\/li>\n<li style=\"text-align: center;\">M\u00ednimo: 0,5<\/li>\n<li style=\"text-align: center;\">N\u00famero de dientes: 12-260<\/li>\n<li style=\"text-align: center;\">\u00c1ngulo de h\u00e9lice m\u00e1ximo: 45 grados<\/li>\n<li style=\"text-align: center;\">Longitud de sujeci\u00f3n: 420 mm<\/li>\n<li style=\"text-align: center;\">Carrera m\u00e1xima del ariete: 180 mm<br \/>\nMuela:<\/li>\n<li style=\"text-align: center;\">Velocidades: 1900 rpm<\/li>\n<li style=\"text-align: center;\">Di\u00e1metro: 350 mm<\/li>\n<li style=\"text-align: center;\">El\u00e9ctrico: 380\/50 V \/ Hz<\/li>\n<li style=\"text-align: center;\">Requisito de espacio: 2700x3600x2100 mm<\/li>\n<li style=\"text-align: center;\">Peso de la m\u00e1quina: 6000 kg.<\/li>\n<\/ul>\n <\/div>\n\t\t\t<\/div> \n\t\t<\/div>\n\t<\/div> \n\n\t<div  class=\"vc_col-sm-4 wpb_column column_container vc_column_container col no-extra-padding inherit_tablet inherit_phone\"  data-padding-pos=\"all\" data-has-bg-color=\"false\" data-bg-color=\"\" data-bg-opacity=\"1\" data-animation=\"\" data-delay=\"0\" >\n\t\t<div class=\"vc_column-inner\" >\n\t\t\t<div class=\"wpb_wrapper\">\n\t\t\t\t\n\t\t\t<\/div> \n\t\t<\/div>\n\t<\/div> \n<\/div><\/div>","protected":false},"excerpt":{"rendered":"<p class=\"translation-block\">Aqu\u00ed est\u00e1 nuestra <strong>RECTIFICADORA AUTOM\u00c1TICA DE ENGRANAJES<\/strong><\/p>\n<p>Se encuentra en excelentes condiciones de funcionamiento, para cualquier informaci\u00f3n estamos a su disposici\u00f3n.<\/p>","protected":false},"featured_media":1449,"comment_status":"closed","ping_status":"closed","template":"","meta":[],"product_brand":[],"product_cat":[26],"product_tag":[424,425,239,426],"class_list":{"0":"post-1474","1":"product","2":"type-product","3":"status-publish","4":"has-post-thumbnail","6":"product_cat-gear-grinding-machines","7":"product_tag-automatic-gear-grinder","8":"product_tag-nza","9":"product_tag-reishauer","10":"product_tag-smerigliatrice-automatica-per-ingranaggi","11":"pa_luogo-india","13":"first","14":"instock","15":"shipping-taxable","16":"product-type-simple"},"_links":{"self":[{"href":"https:\/\/www.laxmiusedmachine.com\/es\/wp-json\/wp\/v2\/product\/1474","targetHints":{"allow":["GET"]}}],"collection":[{"href":"https:\/\/www.laxmiusedmachine.com\/es\/wp-json\/wp\/v2\/product"}],"about":[{"href":"https:\/\/www.laxmiusedmachine.com\/es\/wp-json\/wp\/v2\/types\/product"}],"replies":[{"embeddable":true,"href":"https:\/\/www.laxmiusedmachine.com\/es\/wp-json\/wp\/v2\/comments?post=1474"}],"wp:featuredmedia":[{"embeddable":true,"href":"https:\/\/www.laxmiusedmachine.com\/es\/wp-json\/wp\/v2\/media\/1449"}],"wp:attachment":[{"href":"https:\/\/www.laxmiusedmachine.com\/es\/wp-json\/wp\/v2\/media?parent=1474"}],"wp:term":[{"taxonomy":"product_brand","embeddable":true,"href":"https:\/\/www.laxmiusedmachine.com\/es\/wp-json\/wp\/v2\/product_brand?post=1474"},{"taxonomy":"product_cat","embeddable":true,"href":"https:\/\/www.laxmiusedmachine.com\/es\/wp-json\/wp\/v2\/product_cat?post=1474"},{"taxonomy":"product_tag","embeddable":true,"href":"https:\/\/www.laxmiusedmachine.com\/es\/wp-json\/wp\/v2\/product_tag?post=1474"}],"curies":[{"name":"wp","href":"https:\/\/api.w.org\/{rel}","templated":true}]}}