{"id":12753,"date":"2026-01-28T10:15:42","date_gmt":"2026-01-28T10:15:42","guid":{"rendered":"https:\/\/www.laxmiusedmachine.com\/?post_type=product&#038;p=12753"},"modified":"2026-01-28T10:27:23","modified_gmt":"2026-01-28T10:27:23","slug":"c-frame-eccentric-press-sangiacomo-italy-220-ton","status":"publish","type":"product","link":"https:\/\/www.laxmiusedmachine.com\/es\/prodotto\/c-frame-eccentric-press-sangiacomo-italy-220-ton\/","title":{"rendered":"PRENSA EXC\u00c9NTRICA CON BASTIDOR EN C, SANGIACOMO (Italia) \u2013 220 TONELADAS"},"content":{"rendered":"<div id=\"fws_69f2109674633\"  data-column-margin=\"default\" data-midnight=\"dark\"  class=\"wpb_row vc_row-fluid vc_row\"  style=\"padding-top: 0px; padding-bottom: 0px; \"><div class=\"row-bg-wrap\" data-bg-animation=\"none\" data-bg-animation-delay=\"\" data-bg-overlay=\"false\"><div class=\"inner-wrap row-bg-layer\" ><div class=\"row-bg viewport-desktop\"  style=\"\"><\/div><\/div><\/div><div class=\"row_col_wrap_12 col span_12 dark left\">\n\t<div  class=\"vc_col-sm-4 wpb_column column_container vc_column_container col no-extra-padding inherit_tablet inherit_phone\"  data-padding-pos=\"all\" data-has-bg-color=\"false\" data-bg-color=\"\" data-bg-opacity=\"1\" data-animation=\"\" data-delay=\"0\" >\n\t\t<div class=\"vc_column-inner\" >\n\t\t\t<div class=\"wpb_wrapper\">\n\t\t\t\t\n\t\t\t<\/div> \n\t\t<\/div>\n\t<\/div> \n\n\t<div  class=\"vc_col-sm-4 wpb_column column_container vc_column_container col no-extra-padding inherit_tablet inherit_phone\"  data-padding-pos=\"all\" data-has-bg-color=\"false\" data-bg-color=\"\" data-bg-opacity=\"1\" data-animation=\"\" data-delay=\"0\" >\n\t\t<div class=\"vc_column-inner\" >\n\t\t\t<div class=\"wpb_wrapper\">\n\t\t\t\t<div class=\"nectar-fancy-ul\" data-list-icon=\"linecon-icon-settings\" data-animation=\"false\" data-animation-delay=\"0\" data-color=\"accent-color\" data-spacing=\"default\" data-alignment=\"left\"> \n<p style=\"text-align: center;\"><strong>PRENSA EXC\u00c9NTRICA CON MARCO EN C<\/strong><\/p>\n<ul>\n<li style=\"text-align: center;\"><strong>Hacer:<\/strong> SANGIACOMO (Italia)<\/li>\n<li style=\"text-align: center;\"><strong>Modelo:<\/strong> 220T<\/li>\n<li style=\"text-align: center;\"><strong>Capacidad:<\/strong> 220 toneladas<\/li>\n<li style=\"text-align: center;\"><strong>Tama\u00f1o de la mesa<\/strong> :1200 x 790 mm<\/li>\n<li style=\"text-align: center;\"><strong>Motor<\/strong> :15 kW 380 V<\/li>\n<li style=\"text-align: center;\"><strong>Pist\u00f3n de prensado de chapa inferior con freno hidr\u00e1ulico<\/strong><\/li>\n<li style=\"text-align: center;\"><strong>35 hits\/minuto<\/strong><\/li>\n<li style=\"text-align: center;\"><strong>ataque<\/strong> :280 mil\u00edmetros<\/li>\n<li style=\"text-align: center;\"><strong>Longitud m\u00e1xima de la mesa \u2013 cabezal de prensa<\/strong> :600 mil\u00edmetros<\/li>\n<li><\/li>\n<\/ul>\n<p style=\"text-align: center;\"><strong>Otras informaciones:<\/strong><br \/>\nLa m\u00e1quina est\u00e1 en excelentes condiciones y est\u00e1 completa en todas sus partes y accesorios.<\/p>\n <\/div>\n\t\t\t<\/div> \n\t\t<\/div>\n\t<\/div> \n\n\t<div  class=\"vc_col-sm-4 wpb_column column_container vc_column_container col no-extra-padding inherit_tablet inherit_phone\"  data-padding-pos=\"all\" data-has-bg-color=\"false\" data-bg-color=\"\" data-bg-opacity=\"1\" data-animation=\"\" data-delay=\"0\" >\n\t\t<div class=\"vc_column-inner\" >\n\t\t\t<div class=\"wpb_wrapper\">\n\t\t\t\t\n\t\t\t<\/div> \n\t\t<\/div>\n\t<\/div> \n<\/div><\/div>","protected":false},"excerpt":{"rendered":"<p>Aqu\u00ed est\u00e1 nuestro <strong>EXC\u00c9NTRICO DE MARCO EN C<\/strong> <strong>PRENSA.<\/strong><\/p>\n<p>Esta en excelente estado, para cualquier mayor informaci\u00f3n estamos a su disposici\u00f3n!<\/p>","protected":false},"featured_media":12757,"comment_status":"closed","ping_status":"closed","template":"","meta":[],"product_brand":[],"product_cat":[292,17],"product_tag":[294,296,295,1359],"class_list":{"0":"post-12753","1":"product","2":"type-product","3":"status-publish","4":"has-post-thumbnail","6":"product_cat-mechanical-press","7":"product_cat-new-arrivals","8":"product_tag-mechanical-press","9":"product_tag-press","10":"product_tag-pressa","11":"product_tag-sangiacomo-220-ton","12":"pa_luogo-india","14":"first","15":"instock","16":"shipping-taxable","17":"product-type-simple"},"_links":{"self":[{"href":"https:\/\/www.laxmiusedmachine.com\/es\/wp-json\/wp\/v2\/product\/12753","targetHints":{"allow":["GET"]}}],"collection":[{"href":"https:\/\/www.laxmiusedmachine.com\/es\/wp-json\/wp\/v2\/product"}],"about":[{"href":"https:\/\/www.laxmiusedmachine.com\/es\/wp-json\/wp\/v2\/types\/product"}],"replies":[{"embeddable":true,"href":"https:\/\/www.laxmiusedmachine.com\/es\/wp-json\/wp\/v2\/comments?post=12753"}],"wp:featuredmedia":[{"embeddable":true,"href":"https:\/\/www.laxmiusedmachine.com\/es\/wp-json\/wp\/v2\/media\/12757"}],"wp:attachment":[{"href":"https:\/\/www.laxmiusedmachine.com\/es\/wp-json\/wp\/v2\/media?parent=12753"}],"wp:term":[{"taxonomy":"product_brand","embeddable":true,"href":"https:\/\/www.laxmiusedmachine.com\/es\/wp-json\/wp\/v2\/product_brand?post=12753"},{"taxonomy":"product_cat","embeddable":true,"href":"https:\/\/www.laxmiusedmachine.com\/es\/wp-json\/wp\/v2\/product_cat?post=12753"},{"taxonomy":"product_tag","embeddable":true,"href":"https:\/\/www.laxmiusedmachine.com\/es\/wp-json\/wp\/v2\/product_tag?post=12753"}],"curies":[{"name":"wp","href":"https:\/\/api.w.org\/{rel}","templated":true}]}}