{"id":12704,"date":"2026-01-27T05:16:35","date_gmt":"2026-01-27T05:16:35","guid":{"rendered":"https:\/\/www.laxmiusedmachine.com\/?post_type=product&#038;p=12704"},"modified":"2026-02-20T07:01:55","modified_gmt":"2026-02-20T07:01:55","slug":"6-axis-cnc-gear-shaper-lorenz-ls-256","status":"publish","type":"product","link":"https:\/\/www.laxmiusedmachine.com\/es\/prodotto\/6-axis-cnc-gear-shaper-lorenz-ls-256\/","title":{"rendered":"FORJADORA DE ENGRANAJES CNC DE 6 EJES, LORENZ \u2013 LS 256"},"content":{"rendered":"<div id=\"fws_69f0895bdf3d8\"  data-column-margin=\"default\" data-midnight=\"dark\"  class=\"wpb_row vc_row-fluid vc_row\"  style=\"padding-top: 0px; padding-bottom: 0px; \"><div class=\"row-bg-wrap\" data-bg-animation=\"none\" data-bg-animation-delay=\"\" data-bg-overlay=\"false\"><div class=\"inner-wrap row-bg-layer\" ><div class=\"row-bg viewport-desktop\"  style=\"\"><\/div><\/div><\/div><div class=\"row_col_wrap_12 col span_12 dark left\">\n\t<div  class=\"vc_col-sm-4 wpb_column column_container vc_column_container col no-extra-padding inherit_tablet inherit_phone\"  data-padding-pos=\"all\" data-has-bg-color=\"false\" data-bg-color=\"\" data-bg-opacity=\"1\" data-animation=\"\" data-delay=\"0\" >\n\t\t<div class=\"vc_column-inner\" >\n\t\t\t<div class=\"wpb_wrapper\">\n\t\t\t\t\n\t\t\t<\/div> \n\t\t<\/div>\n\t<\/div> \n\n\t<div  class=\"vc_col-sm-4 wpb_column column_container vc_column_container col no-extra-padding inherit_tablet inherit_phone\"  data-padding-pos=\"all\" data-has-bg-color=\"false\" data-bg-color=\"\" data-bg-opacity=\"1\" data-animation=\"\" data-delay=\"0\" >\n\t\t<div class=\"vc_column-inner\" >\n\t\t\t<div class=\"wpb_wrapper\">\n\t\t\t\t<div class=\"nectar-fancy-ul\" data-list-icon=\"linecon-icon-settings\" data-animation=\"false\" data-animation-delay=\"0\" data-color=\"accent-color\" data-spacing=\"default\" data-alignment=\"left\"> \n<p style=\"text-align: center;\"><strong>ALTA VELOCIDAD <\/strong><\/p>\n<p style=\"text-align: center;\"><strong>FORJADORA DE ENGRANAJES CNC de 6 ejes con cabezal inclinable !!<\/strong><\/p>\n<ul>\n<li style=\"text-align: center;\"><strong>Hacer:<\/strong> Lorenz<\/li>\n<li style=\"text-align: center;\"><strong>Modelo:<\/strong> LS 256 con cabezal inclinable<\/li>\n<li style=\"text-align: center;\"><strong>Di\u00e1metro m\u00e1ximo del engranaje:<\/strong> 250mm<\/li>\n<li style=\"text-align: center;\"><strong>Di\u00e1metro m\u00e1ximo de la pieza de trabajo<\/strong> :320 mil\u00edmetros<\/li>\n<li style=\"text-align: center;\"><strong>M\u00f3dulo m\u00e1ximo:<\/strong> 6<\/li>\n<li style=\"text-align: center;\"><strong>Carrera: <\/strong>100 mm (rango de posici\u00f3n de carrera de 80 mm)<\/li>\n<li style=\"text-align: center;\"><strong>CNC<\/strong> :Siemens SINUMERIK 840 C<\/li>\n<li style=\"text-align: center;\"><strong>Agujero de mesa<\/strong> :150 mil\u00edmetros<\/li>\n<li style=\"text-align: center;\"><strong>n\u00famero de golpes<\/strong> : 100-1200 concentradores\/min<\/li>\n<li style=\"text-align: center;\"><strong>peso<\/strong> de la m\u00e1quina aprox.: 8,0 t<br \/>\n<strong>Ancho m\u00e1ximo de diente (dientes rectos)<\/strong>:60 mil\u00edmetros<\/li>\n<li style=\"text-align: center;\"><strong>Ajuste del \u00e1ngulo de la h\u00e9lice<\/strong>:45\u00b0 a +0,5\u00b0<\/li>\n<li style=\"text-align: center;\"><strong>\u00c1ngulo del eje<\/strong>: 0\u00b0 a 90\u00b0<\/li>\n<li style=\"text-align: center;\"><strong>Distancia entre centros de la pieza de trabajo y el husillo de posicionamiento:<\/strong> \u201380 mm a +320 mm<\/li>\n<li style=\"text-align: center;\">Rango m\u00e1ximo de posici\u00f3n de carrera (dependiendo de la longitud de carrera): 0 mm a 80 mm<\/li>\n<li style=\"text-align: center;\">Impulsi\u00f3n de la carrera Frecuencia de carrera infinitamente variable Est\u00e1ndar: 100 a 1200 DH\/min<\/li>\n<li style=\"text-align: center;\">Motor para accionamiento de carrera: 9 kW<\/li>\n<li style=\"text-align: center;\">Velocidad m\u00e1xima de corte: 150 m\/min<\/li>\n<li style=\"text-align: center;\">Avances Ejes de rotaci\u00f3n (herramienta C1, pieza C2 eje): Avance continuo respecto a 100 mm<\/li>\n<li style=\"text-align: center;\">Di\u00e1metro del c\u00edrculo primitivo: 1,0 a 9420 mm\/min<\/li>\n<li style=\"text-align: center;\">Eje radial (eje X1 de carro de columna): Avance variable de forma continua: de 1,0 a 9420 mm\/min, el avance r\u00e1pido corresponde a las velocidades de avance m\u00e1ximas<\/li>\n<li style=\"text-align: center;\">Carga conectada \/ peso Carga total conectada: 26 kVA<\/li>\n<li style=\"text-align: center;\"><strong>Peso total<\/strong> :aprox. 9.000 kg<\/li>\n<\/ul>\n<p style=\"text-align: center;\"><strong>Otras informaciones:<br \/>\n<\/strong>La m\u00e1quina est\u00e1 en excelentes condiciones y est\u00e1 completa en todas sus partes y accesorios.<\/p>\n <\/div>\n\t\t\t<\/div> \n\t\t<\/div>\n\t<\/div> \n\n\t<div  class=\"vc_col-sm-4 wpb_column column_container vc_column_container col no-extra-padding inherit_tablet inherit_phone\"  data-padding-pos=\"all\" data-has-bg-color=\"false\" data-bg-color=\"\" data-bg-opacity=\"1\" data-animation=\"\" data-delay=\"0\" >\n\t\t<div class=\"vc_column-inner\" >\n\t\t\t<div class=\"wpb_wrapper\">\n\t\t\t\t\n\t\t\t<\/div> \n\t\t<\/div>\n\t<\/div> \n<\/div><\/div>","protected":false},"excerpt":{"rendered":"<p>Aqu\u00ed est\u00e1 nuestro<strong> FORJADORA DE ENGRANAJES CNC DE 6 EJES.<\/strong><\/p>\n<p>Esta en excelente estado, para cualquier mayor informaci\u00f3n estamos a su disposici\u00f3n!<\/p>","protected":false},"featured_media":12725,"comment_status":"closed","ping_status":"closed","template":"","meta":[],"product_brand":[],"product_cat":[445,17],"product_tag":[169,167,482,250,1357],"class_list":{"0":"post-12704","1":"product","2":"type-product","3":"status-publish","4":"has-post-thumbnail","6":"product_cat-cnc-gear-shaping-machines","7":"product_cat-new-arrivals","8":"product_tag-dentatrice-a-coltello","9":"product_tag-gear-shaper","10":"product_tag-high-speed-gear-shaper","11":"product_tag-lorenz","12":"product_tag-lorenz-ls-256","13":"pa_luogo-india","15":"first","16":"instock","17":"shipping-taxable","18":"product-type-simple"},"_links":{"self":[{"href":"https:\/\/www.laxmiusedmachine.com\/es\/wp-json\/wp\/v2\/product\/12704","targetHints":{"allow":["GET"]}}],"collection":[{"href":"https:\/\/www.laxmiusedmachine.com\/es\/wp-json\/wp\/v2\/product"}],"about":[{"href":"https:\/\/www.laxmiusedmachine.com\/es\/wp-json\/wp\/v2\/types\/product"}],"replies":[{"embeddable":true,"href":"https:\/\/www.laxmiusedmachine.com\/es\/wp-json\/wp\/v2\/comments?post=12704"}],"wp:featuredmedia":[{"embeddable":true,"href":"https:\/\/www.laxmiusedmachine.com\/es\/wp-json\/wp\/v2\/media\/12725"}],"wp:attachment":[{"href":"https:\/\/www.laxmiusedmachine.com\/es\/wp-json\/wp\/v2\/media?parent=12704"}],"wp:term":[{"taxonomy":"product_brand","embeddable":true,"href":"https:\/\/www.laxmiusedmachine.com\/es\/wp-json\/wp\/v2\/product_brand?post=12704"},{"taxonomy":"product_cat","embeddable":true,"href":"https:\/\/www.laxmiusedmachine.com\/es\/wp-json\/wp\/v2\/product_cat?post=12704"},{"taxonomy":"product_tag","embeddable":true,"href":"https:\/\/www.laxmiusedmachine.com\/es\/wp-json\/wp\/v2\/product_tag?post=12704"}],"curies":[{"name":"wp","href":"https:\/\/api.w.org\/{rel}","templated":true}]}}