{"id":12528,"date":"2025-10-22T08:24:51","date_gmt":"2025-10-22T08:24:51","guid":{"rendered":"https:\/\/www.laxmiusedmachine.com\/?post_type=product&#038;p=12528"},"modified":"2025-12-23T11:21:27","modified_gmt":"2025-12-23T11:21:27","slug":"cnc-gear-tester-carl-mahr-primar-mx4-year-2001","status":"publish","type":"product","link":"https:\/\/www.laxmiusedmachine.com\/es\/prodotto\/cnc-gear-tester-carl-mahr-primar-mx4-year-2001\/","title":{"rendered":"COMPROBADOR DE ENGRANAJES CNC, CARL MAHR \u2013 PRIMAR MX4 a\u00f1o 2001"},"content":{"rendered":"<div id=\"fws_69f0263ef2671\"  data-column-margin=\"default\" data-midnight=\"dark\"  class=\"wpb_row vc_row-fluid vc_row\"  style=\"padding-top: 0px; padding-bottom: 0px; \"><div class=\"row-bg-wrap\" data-bg-animation=\"none\" data-bg-animation-delay=\"\" data-bg-overlay=\"false\"><div class=\"inner-wrap row-bg-layer\" ><div class=\"row-bg viewport-desktop\"  style=\"\"><\/div><\/div><\/div><div class=\"row_col_wrap_12 col span_12 dark left\">\n\t<div  class=\"vc_col-sm-4 wpb_column column_container vc_column_container col no-extra-padding inherit_tablet inherit_phone\"  data-padding-pos=\"all\" data-has-bg-color=\"false\" data-bg-color=\"\" data-bg-opacity=\"1\" data-animation=\"\" data-delay=\"0\" >\n\t\t<div class=\"vc_column-inner\" >\n\t\t\t<div class=\"wpb_wrapper\">\n\t\t\t\t\n\t\t\t<\/div> \n\t\t<\/div>\n\t<\/div> \n\n\t<div  class=\"vc_col-sm-4 wpb_column column_container vc_column_container col no-extra-padding inherit_tablet inherit_phone\"  data-padding-pos=\"all\" data-has-bg-color=\"false\" data-bg-color=\"\" data-bg-opacity=\"1\" data-animation=\"\" data-delay=\"0\" >\n\t\t<div class=\"vc_column-inner\" >\n\t\t\t<div class=\"wpb_wrapper\">\n\t\t\t\t<div class=\"nectar-fancy-ul\" data-list-icon=\"linecon-icon-settings\" data-animation=\"false\" data-animation-delay=\"0\" data-color=\"accent-color\" data-spacing=\"default\" data-alignment=\"left\"> \n<p style=\"text-align: center;\"><strong>COMPROBADOR DE ENGRANAJES CNC<\/strong><\/p>\n<ul style=\"text-align: center;\">\n<li><strong>Hacer:<\/strong> Carl Mahr<\/li>\n<li><strong>Modelo:<\/strong> PRIMAR MX4<\/li>\n<li><strong>A\u00f1o de fabricaci\u00f3n<\/strong> : 2001<\/li>\n<li><strong>Di\u00e1metro m\u00e1ximo del engranaje:<\/strong> 600mm<\/li>\n<li><strong>Longitud m\u00e1xima de la pieza de trabajo:<\/strong> 1200mm<\/li>\n<li><strong>Gama de m\u00f3dulos:<\/strong> 1 \u2013 30<\/li>\n<li><em><strong>ACTUALIZACIONES COMPLETAS DE SOFTWARE Y CALIBRACI\u00d3N REALIZADAS EN 2018\u00a0<\/strong><\/em><\/li>\n<\/ul>\n<p style=\"text-align: center;\"><strong>Otras informaciones:<\/strong><br \/>\nCon Primar, podr\u00e1 realizar una amplia gama de tareas de medici\u00f3n de forma m\u00e1s econ\u00f3mica que nunca. Es la primera unidad capaz de comprobar piezas exc\u00e9ntricas con la precisi\u00f3n de un Formtester. Con programas de familia f\u00e1ciles de usar para engranajes, herramientas de engranajes, engranajes c\u00f3nicos, \u00e1rboles de levas, pistones y bielas, o programas de medici\u00f3n personalizados, desarrollados espec\u00edficamente para sus piezas.<br \/>\nIngenier\u00eda mec\u00e1nica e ingenier\u00eda el\u00e9ctrica: engranajes,<br \/>\nRotores, husillos, jaulas de cojinetes de bolas, ejes de engranajes rectos, evolventes<br \/>\ndentado, ejes huecos con dentado interior, ejes de pi\u00f1\u00f3n,<br \/>\nengranajes planetarios, engranajes huecos, v\u00e1lvulas de control, taqu\u00e9s, \u00e1rboles de levas<br \/>\ny bielas<br \/>\nFabricaci\u00f3n de veh\u00edculos: complementada con pistones, direcci\u00f3n<br \/>\ncomponentes, esp\u00e1rragos de ejes y palieres, ejes card\u00e1n, engranajes c\u00f3nicos, etc.<\/p>\n <\/div>\n\t\t\t<\/div> \n\t\t<\/div>\n\t<\/div> \n\n\t<div  class=\"vc_col-sm-4 wpb_column column_container vc_column_container col no-extra-padding inherit_tablet inherit_phone\"  data-padding-pos=\"all\" data-has-bg-color=\"false\" data-bg-color=\"\" data-bg-opacity=\"1\" data-animation=\"\" data-delay=\"0\" >\n\t\t<div class=\"vc_column-inner\" >\n\t\t\t<div class=\"wpb_wrapper\">\n\t\t\t\t\n\t\t\t<\/div> \n\t\t<\/div>\n\t<\/div> \n<\/div><\/div>","protected":false},"excerpt":{"rendered":"<div class=\"woocommerce-product-details__short-description\">\n<p>Aqu\u00ed est\u00e1 nuestra <strong>CNC<\/strong> <strong>COMPROBADOR DE ENGRANAJES.<\/strong><\/p>\n<p>Esta en excelente estado, para cualquier mayor informaci\u00f3n estamos a su disposici\u00f3n!<\/p>\n<\/div>\n<div class=\"yith-ywraq-add-to-quote add-to-quote-10804\">\n<div class=\"yith-ywraq-add-button show\" data-product_id=\"10804\"><\/div>\n<\/div>","protected":false},"featured_media":12533,"comment_status":"closed","ping_status":"closed","template":"","meta":[],"product_brand":[],"product_cat":[28],"product_tag":[1213,1350,1349],"class_list":{"0":"post-12528","1":"product","2":"type-product","3":"status-publish","4":"has-post-thumbnail","6":"product_cat-gear-tester","7":"product_tag-cnc-gear-tester","8":"product_tag-evolventimetro","9":"product_tag-mahr","10":"pa_luogo-italia","12":"first","13":"instock","14":"shipping-taxable","15":"product-type-simple"},"_links":{"self":[{"href":"https:\/\/www.laxmiusedmachine.com\/es\/wp-json\/wp\/v2\/product\/12528","targetHints":{"allow":["GET"]}}],"collection":[{"href":"https:\/\/www.laxmiusedmachine.com\/es\/wp-json\/wp\/v2\/product"}],"about":[{"href":"https:\/\/www.laxmiusedmachine.com\/es\/wp-json\/wp\/v2\/types\/product"}],"replies":[{"embeddable":true,"href":"https:\/\/www.laxmiusedmachine.com\/es\/wp-json\/wp\/v2\/comments?post=12528"}],"wp:featuredmedia":[{"embeddable":true,"href":"https:\/\/www.laxmiusedmachine.com\/es\/wp-json\/wp\/v2\/media\/12533"}],"wp:attachment":[{"href":"https:\/\/www.laxmiusedmachine.com\/es\/wp-json\/wp\/v2\/media?parent=12528"}],"wp:term":[{"taxonomy":"product_brand","embeddable":true,"href":"https:\/\/www.laxmiusedmachine.com\/es\/wp-json\/wp\/v2\/product_brand?post=12528"},{"taxonomy":"product_cat","embeddable":true,"href":"https:\/\/www.laxmiusedmachine.com\/es\/wp-json\/wp\/v2\/product_cat?post=12528"},{"taxonomy":"product_tag","embeddable":true,"href":"https:\/\/www.laxmiusedmachine.com\/es\/wp-json\/wp\/v2\/product_tag?post=12528"}],"curies":[{"name":"wp","href":"https:\/\/api.w.org\/{rel}","templated":true}]}}