{"id":12508,"date":"2025-09-26T08:52:21","date_gmt":"2025-09-26T08:52:21","guid":{"rendered":"https:\/\/www.laxmiusedmachine.com\/?post_type=product&#038;p=12508"},"modified":"2026-01-23T11:48:56","modified_gmt":"2026-01-23T11:48:56","slug":"plc-gear-hobbing-pfauter-pa210","status":"publish","type":"product","link":"https:\/\/www.laxmiusedmachine.com\/es\/prodotto\/plc-gear-hobbing-pfauter-pa210\/","title":{"rendered":"GRASADORA DE ENGRANAJES PLC, PFAUTER \u2013 PA210"},"content":{"rendered":"<div id=\"fws_69e0dd9a42505\"  data-column-margin=\"default\" data-midnight=\"dark\"  class=\"wpb_row vc_row-fluid vc_row\"  style=\"padding-top: 0px; padding-bottom: 0px; \"><div class=\"row-bg-wrap\" data-bg-animation=\"none\" data-bg-animation-delay=\"\" data-bg-overlay=\"false\"><div class=\"inner-wrap row-bg-layer\" ><div class=\"row-bg viewport-desktop\"  style=\"\"><\/div><\/div><\/div><div class=\"row_col_wrap_12 col span_12 dark left\">\n\t<div  class=\"vc_col-sm-4 wpb_column column_container vc_column_container col no-extra-padding inherit_tablet inherit_phone\"  data-padding-pos=\"all\" data-has-bg-color=\"false\" data-bg-color=\"\" data-bg-opacity=\"1\" data-animation=\"\" data-delay=\"0\" >\n\t\t<div class=\"vc_column-inner\" >\n\t\t\t<div class=\"wpb_wrapper\">\n\t\t\t\t\n\t\t\t<\/div> \n\t\t<\/div>\n\t<\/div> \n\n\t<div  class=\"vc_col-sm-4 wpb_column column_container vc_column_container col no-extra-padding inherit_tablet inherit_phone\"  data-padding-pos=\"all\" data-has-bg-color=\"false\" data-bg-color=\"\" data-bg-opacity=\"1\" data-animation=\"\" data-delay=\"0\" >\n\t\t<div class=\"vc_column-inner\" >\n\t\t\t<div class=\"wpb_wrapper\">\n\t\t\t\t<div class=\"nectar-fancy-ul\" data-list-icon=\"linecon-icon-settings\" data-animation=\"false\" data-animation-delay=\"0\" data-color=\"accent-color\" data-spacing=\"default\" data-alignment=\"left\"> \n<p style=\"text-align: center;\"><span style=\"color: #008000;\"><em><strong>Tallado de engranajes con PLC totalmente autom\u00e1tico\u00a0<\/strong><\/em><\/span><\/p>\n<ul>\n<li style=\"text-align: center;\"><span style=\"color: #008000;\">Hacar: PFAUTER<\/span><\/li>\n<li style=\"text-align: center;\"><span style=\"color: #008000;\">Modelo: PA 210<\/span><\/li>\n<li style=\"text-align: center;\"><span style=\"color: #008000;\">Control de PLC\u00a0<\/span><\/li>\n<li style=\"text-align: center;\"><em><strong>con GU\u00cdAS PRISM\u00c1TICAS (Alta precisi\u00f3n y estabilidad).<\/strong><\/em><\/li>\n<li style=\"text-align: center;\">con husillos de bolas, f\u00e1cilmente convertible a m\u00e1quina CNC completa.<\/li>\n<li style=\"text-align: center;\">Max. di\u00e1metro de la pieza 220 mm<\/li>\n<li style=\"text-align: center;\">Max. m\u00f3dulo: 6<\/li>\n<li style=\"text-align: center;\">Max. recorrido del carro axial 250 mm<\/li>\n<li style=\"text-align: center;\">M\u00ednimo m\u00e1ximo. n\u00famero de dientes (caja de engranajes de doble rosca) 4\/60<\/li>\n<li style=\"text-align: center;\">Max. \u00e1ngulo del cabezal de corte +\/- 40 \u00b0<\/li>\n<li style=\"text-align: center;\">Max. cortador de encimera<\/li>\n<li style=\"text-align: center;\">\u00a0di\u00e1metro 163 mm<\/li>\n<li style=\"text-align: center;\">\u00a0longitud 230 mm<\/li>\n<li style=\"text-align: center;\">Max. recorrido de la encimera 170 mm<\/li>\n<li style=\"text-align: center;\">M\u00ednimo m\u00e1ximo. distancia del eje entre la pieza de trabajo y la herramienta 40 mm \/ 200 mm<\/li>\n<li style=\"text-align: center;\">Di\u00e1metro del engranaje helicoidal de indexaci\u00f3n 324 mm<\/li>\n<li style=\"text-align: center;\">Di\u00e1metro de la mesa de trabajo 240 mm<\/li>\n<li style=\"text-align: center;\">Di\u00e1metro del agujero de la mesa 80 mm<\/li>\n<li style=\"text-align: center;\">Di\u00e1metro del eje del cortador 32 mm<\/li>\n<li style=\"text-align: center;\"><\/li>\n<\/ul>\n <\/div>\n\t\t\t<\/div> \n\t\t<\/div>\n\t<\/div> \n\n\t<div  class=\"vc_col-sm-4 wpb_column column_container vc_column_container col no-extra-padding inherit_tablet inherit_phone\"  data-padding-pos=\"all\" data-has-bg-color=\"false\" data-bg-color=\"\" data-bg-opacity=\"1\" data-animation=\"\" data-delay=\"0\" >\n\t\t<div class=\"vc_column-inner\" >\n\t\t\t<div class=\"wpb_wrapper\">\n\t\t\t\t\n\t\t\t<\/div> \n\t\t<\/div>\n\t<\/div> \n<\/div><\/div>","protected":false},"excerpt":{"rendered":"<p>Aqu\u00ed est\u00e1 nuestra m\u00e1quina talladora de engranajes PLC<\/p>\n<p>Se encuentra en excelentes condiciones de funcionamiento, para cualquier informaci\u00f3n estamos a su disposici\u00f3n.<\/p>","protected":false},"featured_media":12509,"comment_status":"closed","ping_status":"closed","template":"","meta":[],"product_brand":[],"product_cat":[18,19],"product_tag":[335,232,772],"class_list":{"0":"post-12508","1":"product","2":"type-product","3":"status-publish","4":"has-post-thumbnail","6":"product_cat-gear-hobbing-machines","7":"product_cat-cnc-gear-hobbing-machines","8":"product_tag-dentatrice","9":"product_tag-gear-hobbing","10":"product_tag-pfauter-pa-210","11":"pa_luogo-india","13":"first","14":"instock","15":"shipping-taxable","16":"product-type-simple"},"_links":{"self":[{"href":"https:\/\/www.laxmiusedmachine.com\/es\/wp-json\/wp\/v2\/product\/12508","targetHints":{"allow":["GET"]}}],"collection":[{"href":"https:\/\/www.laxmiusedmachine.com\/es\/wp-json\/wp\/v2\/product"}],"about":[{"href":"https:\/\/www.laxmiusedmachine.com\/es\/wp-json\/wp\/v2\/types\/product"}],"replies":[{"embeddable":true,"href":"https:\/\/www.laxmiusedmachine.com\/es\/wp-json\/wp\/v2\/comments?post=12508"}],"wp:featuredmedia":[{"embeddable":true,"href":"https:\/\/www.laxmiusedmachine.com\/es\/wp-json\/wp\/v2\/media\/12509"}],"wp:attachment":[{"href":"https:\/\/www.laxmiusedmachine.com\/es\/wp-json\/wp\/v2\/media?parent=12508"}],"wp:term":[{"taxonomy":"product_brand","embeddable":true,"href":"https:\/\/www.laxmiusedmachine.com\/es\/wp-json\/wp\/v2\/product_brand?post=12508"},{"taxonomy":"product_cat","embeddable":true,"href":"https:\/\/www.laxmiusedmachine.com\/es\/wp-json\/wp\/v2\/product_cat?post=12508"},{"taxonomy":"product_tag","embeddable":true,"href":"https:\/\/www.laxmiusedmachine.com\/es\/wp-json\/wp\/v2\/product_tag?post=12508"}],"curies":[{"name":"wp","href":"https:\/\/api.w.org\/{rel}","templated":true}]}}