{"id":12484,"date":"2025-09-25T12:09:43","date_gmt":"2025-09-25T12:09:43","guid":{"rendered":"https:\/\/www.laxmiusedmachine.com\/?post_type=product&#038;p=12484"},"modified":"2026-03-23T07:01:05","modified_gmt":"2026-03-23T07:01:05","slug":"gear-hobbing-cima-p4-au-1","status":"publish","type":"product","link":"https:\/\/www.laxmiusedmachine.com\/es\/prodotto\/gear-hobbing-cima-p4-au-1\/","title":{"rendered":"GRASADORA DE ENGRANAJES, CIMA \u2013 P4 AU 1"},"content":{"rendered":"<div id=\"fws_69e03bfb06b33\"  data-column-margin=\"default\" data-midnight=\"dark\"  class=\"wpb_row vc_row-fluid vc_row\"  style=\"padding-top: 0px; padding-bottom: 0px; \"><div class=\"row-bg-wrap\" data-bg-animation=\"none\" data-bg-animation-delay=\"\" data-bg-overlay=\"false\"><div class=\"inner-wrap row-bg-layer\" ><div class=\"row-bg viewport-desktop\"  style=\"\"><\/div><\/div><\/div><div class=\"row_col_wrap_12 col span_12 dark left\">\n\t<div  class=\"vc_col-sm-4 wpb_column column_container vc_column_container col no-extra-padding inherit_tablet inherit_phone\"  data-padding-pos=\"all\" data-has-bg-color=\"false\" data-bg-color=\"\" data-bg-opacity=\"1\" data-animation=\"\" data-delay=\"0\" >\n\t\t<div class=\"vc_column-inner\" >\n\t\t\t<div class=\"wpb_wrapper\">\n\t\t\t\t\n\t\t\t<\/div> \n\t\t<\/div>\n\t<\/div> \n\n\t<div  class=\"vc_col-sm-4 wpb_column column_container vc_column_container col no-extra-padding inherit_tablet inherit_phone\"  data-padding-pos=\"all\" data-has-bg-color=\"false\" data-bg-color=\"\" data-bg-opacity=\"1\" data-animation=\"\" data-delay=\"0\" >\n\t\t<div class=\"vc_column-inner\" >\n\t\t\t<div class=\"wpb_wrapper\">\n\t\t\t\t<div class=\"nectar-fancy-ul\" data-list-icon=\"linecon-icon-settings\" data-animation=\"false\" data-animation-delay=\"0\" data-color=\"accent-color\" data-spacing=\"default\" data-alignment=\"left\"> \n<div class=\"page\" title=\"P\u00e1gina 1\">\n<div class=\"section\">\n<div class=\"layoutArea\">\n<div class=\"column\">\n<p style=\"text-align: center;\"><strong><em>GENERADORA DE ENGRANAJES <\/em><\/strong><\/p>\n<p style=\"text-align: center;\"><em><strong>Hacer: CIMA <\/strong><\/em><\/p>\n<p style=\"text-align: center;\"><em><strong>Modificaci\u00f3n: P4 AU<\/strong><\/em><\/p>\n<p style=\"text-align: center;\">CAPACIDAD DE TRABAJO<br \/>\nENGRANAJES RECTOS Y EJES RANURADOS<\/p>\n<ul>\n<li style=\"text-align: center;\">Max. di\u00e1metro del engranaje: mm. 250<\/li>\n<li style=\"text-align: center;\">Min. di\u00e1metro del engranaje: mm. 0<\/li>\n<li style=\"text-align: center;\">Max. m\u00f3dulo hasta \u00d8 100: 6<\/li>\n<li style=\"text-align: center;\">Max. m\u00f3dulo de \u00d8 100 a 175: 5<\/li>\n<li style=\"text-align: center;\">Max. m\u00f3dulo de \u00d8 175 a 250: 4<\/li>\n<li style=\"text-align: center;\">Max. longitud del engranaje: mm. 220<\/li>\n<li style=\"text-align: center;\">Min. no de engranajes de corte: 4<\/li>\n<li style=\"text-align: center;\">Max. no de engranajes de corte: 272<\/li>\n<\/ul>\n<p style=\"text-align: center;\"><em>ENGRANAJES HELICOIDALES<\/em><\/p>\n<ul>\n<li style=\"text-align: center;\">Max. inclinaci\u00f3n: 45 \u00b0<br \/>\nAncho de marcha con inclinaci\u00f3n de la cabeza:<\/li>\n<li style=\"text-align: center;\">0 \u00b0 \u00f7 25 \u00b0: 220 mm.<\/li>\n<li style=\"text-align: center;\">30 \u00b0: 215 mm.<\/li>\n<li style=\"text-align: center;\">35 \u00b0: 210 mm.<\/li>\n<li style=\"text-align: center;\">40 \u00b0: 208 mm.<\/li>\n<li style=\"text-align: center;\">45 \u00b0: 124 mm.<\/li>\n<\/ul>\n<p style=\"text-align: center;\">ESPECIFICACIONES<\/p>\n<ul>\n<li style=\"text-align: center;\">Di\u00e1metro x ancho, m\u00e1x. : 120 \u00d7 120 mm.<\/li>\n<li style=\"text-align: center;\">Max. Movimiento de la encimera (Desplazamiento): 75 mm.<\/li>\n<li style=\"text-align: center;\">Di\u00e1metro mesa portapiezas: 250 mm.<\/li>\n<li style=\"text-align: center;\">Di\u00e1metro rueda: 358 mm.<\/li>\n<li style=\"text-align: center;\">Velocidad de la encimera: nr. diecis\u00e9is<\/li>\n<li style=\"text-align: center;\">RPM de la encimera: 70-95-98-119-130-140-143-160-190-197-238-260-286-320-394-476<\/li>\n<li style=\"text-align: center;\">Carro porta encimera de alimentaci\u00f3n vertical para mesa redonda: 0,5-4 mm.<\/li>\n<li style=\"text-align: center;\">Carro portapiezas horizontal para mesa redonda: 0,1-5 mm.<\/li>\n<li style=\"text-align: center;\">Velocidad de deslizamiento del soporte de la encimera: 650 mm \/ min.<\/li>\n<li style=\"text-align: center;\">Velocidad de deslizamiento portapiezas: 650 mm \/ min.<\/li>\n<li style=\"text-align: center;\">1 motor principal dos velocidades: 5 Kw (cv 7), 1500-3000 rpm<\/li>\n<li style=\"text-align: center;\">1 motor a movimiento r\u00e1pido: 1,5 Kw (cv 2), 3000 rpm<\/li>\n<li style=\"text-align: center;\">1 motor grupo hidr\u00e1ulico: 1,1 Kw (cv 1,5), 1500 rpm<\/li>\n<li style=\"text-align: center;\">1 electrobomba de refrigerante tipo sumergida: 0,25 Kw (cv 0)<\/li>\n<li style=\"text-align: center;\">Peso de la m\u00e1quina: 4000 kg.<\/li>\n<\/ul>\n<\/div>\n<\/div>\n<\/div>\n<\/div>\n <\/div>\n\t\t\t<\/div> \n\t\t<\/div>\n\t<\/div> \n\n\t<div  class=\"vc_col-sm-4 wpb_column column_container vc_column_container col no-extra-padding inherit_tablet inherit_phone\"  data-padding-pos=\"all\" data-has-bg-color=\"false\" data-bg-color=\"\" data-bg-opacity=\"1\" data-animation=\"\" data-delay=\"0\" >\n\t\t<div class=\"vc_column-inner\" >\n\t\t\t<div class=\"wpb_wrapper\">\n\t\t\t\t\n\t\t\t<\/div> \n\t\t<\/div>\n\t<\/div> \n<\/div><\/div>","protected":false},"excerpt":{"rendered":"<p>Aqu\u00ed est\u00e1 nuestra <strong>GENERADORA DE ENGRANAJES<\/strong><\/p>\n<p>Se encuentra en excelentes condiciones de funcionamiento, para cualquier informaci\u00f3n estamos a su disposici\u00f3n.<\/p>\n<p>&nbsp;<\/p>","protected":false},"featured_media":12485,"comment_status":"closed","ping_status":"closed","template":"","meta":[],"product_brand":[],"product_cat":[18],"product_tag":[180,335,232,233,478,479],"class_list":{"0":"post-12484","1":"product","2":"type-product","3":"status-publish","4":"has-post-thumbnail","6":"product_cat-gear-hobbing-machines","7":"product_tag-cima","8":"product_tag-dentatrice","9":"product_tag-gear-hobbing","10":"product_tag-hobbing","11":"product_tag-p4","12":"product_tag-p4-au","13":"pa_luogo-india","15":"first","16":"instock","17":"shipping-taxable","18":"product-type-simple"},"_links":{"self":[{"href":"https:\/\/www.laxmiusedmachine.com\/es\/wp-json\/wp\/v2\/product\/12484","targetHints":{"allow":["GET"]}}],"collection":[{"href":"https:\/\/www.laxmiusedmachine.com\/es\/wp-json\/wp\/v2\/product"}],"about":[{"href":"https:\/\/www.laxmiusedmachine.com\/es\/wp-json\/wp\/v2\/types\/product"}],"replies":[{"embeddable":true,"href":"https:\/\/www.laxmiusedmachine.com\/es\/wp-json\/wp\/v2\/comments?post=12484"}],"wp:featuredmedia":[{"embeddable":true,"href":"https:\/\/www.laxmiusedmachine.com\/es\/wp-json\/wp\/v2\/media\/12485"}],"wp:attachment":[{"href":"https:\/\/www.laxmiusedmachine.com\/es\/wp-json\/wp\/v2\/media?parent=12484"}],"wp:term":[{"taxonomy":"product_brand","embeddable":true,"href":"https:\/\/www.laxmiusedmachine.com\/es\/wp-json\/wp\/v2\/product_brand?post=12484"},{"taxonomy":"product_cat","embeddable":true,"href":"https:\/\/www.laxmiusedmachine.com\/es\/wp-json\/wp\/v2\/product_cat?post=12484"},{"taxonomy":"product_tag","embeddable":true,"href":"https:\/\/www.laxmiusedmachine.com\/es\/wp-json\/wp\/v2\/product_tag?post=12484"}],"curies":[{"name":"wp","href":"https:\/\/api.w.org\/{rel}","templated":true}]}}