{"id":12378,"date":"2025-08-04T18:25:42","date_gmt":"2025-08-04T18:25:42","guid":{"rendered":"https:\/\/www.laxmiusedmachine.com\/?post_type=product&#038;p=12378"},"modified":"2025-12-23T11:22:24","modified_gmt":"2025-12-23T11:22:24","slug":"8-axis-cnc-gear-and-profile-grinder-samputensili-s400gt","status":"publish","type":"product","link":"https:\/\/www.laxmiusedmachine.com\/es\/prodotto\/8-axis-cnc-gear-and-profile-grinder-samputensili-s400gt\/","title":{"rendered":"RECTIFICADORA DE ENGRANAJES Y PERFILES CNC DE 8 EJES, SAMPUTENSILI \u2013 S400GT"},"content":{"rendered":"<div id=\"fws_69d7aed976706\"  data-column-margin=\"default\" data-midnight=\"dark\"  class=\"wpb_row vc_row-fluid vc_row\"  style=\"padding-top: 0px; padding-bottom: 0px; \"><div class=\"row-bg-wrap\" data-bg-animation=\"none\" data-bg-animation-delay=\"\" data-bg-overlay=\"false\"><div class=\"inner-wrap row-bg-layer\" ><div class=\"row-bg viewport-desktop\"  style=\"\"><\/div><\/div><\/div><div class=\"row_col_wrap_12 col span_12 dark left\">\n\t<div  class=\"vc_col-sm-4 wpb_column column_container vc_column_container col no-extra-padding inherit_tablet inherit_phone\"  data-padding-pos=\"all\" data-has-bg-color=\"false\" data-bg-color=\"\" data-bg-opacity=\"1\" data-animation=\"\" data-delay=\"0\" >\n\t\t<div class=\"vc_column-inner\" >\n\t\t\t<div class=\"wpb_wrapper\">\n\t\t\t\t\n\t\t\t<\/div> \n\t\t<\/div>\n\t<\/div> \n\n\t<div  class=\"vc_col-sm-4 wpb_column column_container vc_column_container col no-extra-padding inherit_tablet inherit_phone\"  data-padding-pos=\"all\" data-has-bg-color=\"false\" data-bg-color=\"\" data-bg-opacity=\"1\" data-animation=\"\" data-delay=\"0\" >\n\t\t<div class=\"vc_column-inner\" >\n\t\t\t<div class=\"wpb_wrapper\">\n\t\t\t\t<div class=\"nectar-fancy-ul\" data-list-icon=\"linecon-icon-settings\" data-animation=\"false\" data-animation-delay=\"0\" data-color=\"accent-color\" data-spacing=\"default\" data-alignment=\"left\"> \n<p style=\"text-align: center;\"><em><strong>RECTIFICADORA DE ENGRANAJES Y PERFILES CNC DE 8 EJES<\/strong><\/em><\/p>\n<ul style=\"text-align: center;\">\n<li><strong>Hacer:<\/strong> <em><strong>SAMPUTENSILI<\/strong><\/em><\/li>\n<li><strong>Modelo:<\/strong> <em><strong>S400 GT<\/strong><\/em><\/li>\n<li>A\u00d1O: 2004<\/li>\n<li>con SIEMENS 840D<\/li>\n<li>Longitud m\u00e1xima de la pieza de trabajo: 900 mm<\/li>\n<li>Di\u00e1metro m\u00e1ximo de la pieza de trabajo: 400 mm<\/li>\n<li>Ancho m\u00e1ximo de cara rectificable: 750 mm<\/li>\n<li>M\u00f3dulo m\u00e1x. para generaci\u00f3n de molienda continua (sinf\u00edn): 6<\/li>\n<\/ul>\n<p>&nbsp;<\/p>\n<p style=\"text-align: center;\">Profundidad m\u00e1xima del perfil:<\/p>\n<ul style=\"text-align: center;\">\n<li>Con muela de perfil repasable: 0,5 \u2013 20 mm<\/li>\n<li>Con muela de perfil galvanizado: 0,5 \u2013 40 mm<\/li>\n<li>Di\u00e1metro de la muela abrasiva: 80 \u2013 280 mm<\/li>\n<li>Rango de velocidad del husillo de la herramienta: 0 \u2013 15000 rpm<\/li>\n<li>Rango de velocidad del husillo de trabajo: 0 \u2013 1000 rpm<\/li>\n<li>Rango de velocidad del husillo del repasador: 0 \u2013 4000 rpm<\/li>\n<li>Potencia del motor principal: 36 kW<\/li>\n<li>Potencia total conectada: 100 kVA<\/li>\n<\/ul>\n<p style=\"text-align: center;\">La m\u00e1quina se encuentra en excelentes condiciones y cuenta con todas sus piezas y accesorios. Permite rectificar perfiles y ruedas helicoidales. El perfil de los engranajes se puede rectificar por generaci\u00f3n con muelas de tornillo sin fin de entrada m\u00faltiple o con un solo \u00edndice. Ideal para trabajar con muelas de CBN galvanizadas (hasta 4 muelas en el mismo husillo), incluyendo muelas de desbaste o acabado que se insertan autom\u00e1ticamente en el mismo ciclo con sincronizaci\u00f3n autom\u00e1tica de la pieza durante las diferentes fases.<\/p>\n <\/div>\n\t\t\t<\/div> \n\t\t<\/div>\n\t<\/div> \n\n\t<div  class=\"vc_col-sm-4 wpb_column column_container vc_column_container col no-extra-padding inherit_tablet inherit_phone\"  data-padding-pos=\"all\" data-has-bg-color=\"false\" data-bg-color=\"\" data-bg-opacity=\"1\" data-animation=\"\" data-delay=\"0\" >\n\t\t<div class=\"vc_column-inner\" >\n\t\t\t<div class=\"wpb_wrapper\">\n\t\t\t\t\n\t\t\t<\/div> \n\t\t<\/div>\n\t<\/div> \n<\/div><\/div>","protected":false},"excerpt":{"rendered":"<p>Aqu\u00ed est\u00e1 nuestro eje 8<strong> RECTIFICADORA DE ENGRANAJES Y PERFILES CNC,<\/strong><\/p>\n<p>Esta en excelente estado, para cualquier mayor informaci\u00f3n estamos a su disposici\u00f3n!<\/p>","protected":false},"featured_media":12391,"comment_status":"closed","ping_status":"closed","template":"","meta":[],"product_brand":[],"product_cat":[444],"product_tag":[165,1344,523,1199],"class_list":{"0":"post-12378","1":"product","2":"type-product","3":"status-publish","4":"has-post-thumbnail","6":"product_cat-cnc-gear-grinding-machines","7":"product_tag-gear-grinder","8":"product_tag-profile-grinder","9":"product_tag-rettifica-ingranaggi","10":"product_tag-samputensili","11":"pa_luogo-italia","13":"first","14":"instock","15":"shipping-taxable","16":"product-type-simple"},"_links":{"self":[{"href":"https:\/\/www.laxmiusedmachine.com\/es\/wp-json\/wp\/v2\/product\/12378","targetHints":{"allow":["GET"]}}],"collection":[{"href":"https:\/\/www.laxmiusedmachine.com\/es\/wp-json\/wp\/v2\/product"}],"about":[{"href":"https:\/\/www.laxmiusedmachine.com\/es\/wp-json\/wp\/v2\/types\/product"}],"replies":[{"embeddable":true,"href":"https:\/\/www.laxmiusedmachine.com\/es\/wp-json\/wp\/v2\/comments?post=12378"}],"wp:featuredmedia":[{"embeddable":true,"href":"https:\/\/www.laxmiusedmachine.com\/es\/wp-json\/wp\/v2\/media\/12391"}],"wp:attachment":[{"href":"https:\/\/www.laxmiusedmachine.com\/es\/wp-json\/wp\/v2\/media?parent=12378"}],"wp:term":[{"taxonomy":"product_brand","embeddable":true,"href":"https:\/\/www.laxmiusedmachine.com\/es\/wp-json\/wp\/v2\/product_brand?post=12378"},{"taxonomy":"product_cat","embeddable":true,"href":"https:\/\/www.laxmiusedmachine.com\/es\/wp-json\/wp\/v2\/product_cat?post=12378"},{"taxonomy":"product_tag","embeddable":true,"href":"https:\/\/www.laxmiusedmachine.com\/es\/wp-json\/wp\/v2\/product_tag?post=12378"}],"curies":[{"name":"wp","href":"https:\/\/api.w.org\/{rel}","templated":true}]}}