{"id":12322,"date":"2025-08-04T09:45:21","date_gmt":"2025-08-04T09:45:21","guid":{"rendered":"https:\/\/www.laxmiusedmachine.com\/?post_type=product&#038;p=12322"},"modified":"2025-09-22T15:07:31","modified_gmt":"2025-09-22T15:07:31","slug":"cnc-gear-grinder-reishauer-rz-820","status":"publish","type":"product","link":"https:\/\/www.laxmiusedmachine.com\/es\/prodotto\/cnc-gear-grinder-reishauer-rz-820\/","title":{"rendered":"RECTIFICADORA DE ENGRANAJES CNC, REISHAUER \u2013 RZ 820"},"content":{"rendered":"<div id=\"fws_69f8c45347488\"  data-column-margin=\"default\" data-midnight=\"dark\"  class=\"wpb_row vc_row-fluid vc_row\"  style=\"padding-top: 0px; padding-bottom: 0px; \"><div class=\"row-bg-wrap\" data-bg-animation=\"none\" data-bg-animation-delay=\"\" data-bg-overlay=\"false\"><div class=\"inner-wrap row-bg-layer\" ><div class=\"row-bg viewport-desktop\"  style=\"\"><\/div><\/div><\/div><div class=\"row_col_wrap_12 col span_12 dark left\">\n\t<div  class=\"vc_col-sm-4 wpb_column column_container vc_column_container col no-extra-padding inherit_tablet inherit_phone\"  data-padding-pos=\"all\" data-has-bg-color=\"false\" data-bg-color=\"\" data-bg-opacity=\"1\" data-animation=\"\" data-delay=\"0\" >\n\t\t<div class=\"vc_column-inner\" >\n\t\t\t<div class=\"wpb_wrapper\">\n\t\t\t\t\n\t\t\t<\/div> \n\t\t<\/div>\n\t<\/div> \n\n\t<div  class=\"vc_col-sm-4 wpb_column column_container vc_column_container col no-extra-padding inherit_tablet inherit_phone\"  data-padding-pos=\"all\" data-has-bg-color=\"false\" data-bg-color=\"\" data-bg-opacity=\"1\" data-animation=\"\" data-delay=\"0\" >\n\t\t<div class=\"vc_column-inner\" >\n\t\t\t<div class=\"wpb_wrapper\">\n\t\t\t\t<div class=\"nectar-fancy-ul\" data-list-icon=\"linecon-icon-settings\" data-animation=\"false\" data-animation-delay=\"0\" data-color=\"accent-color\" data-spacing=\"default\" data-alignment=\"left\"> \n<p style=\"text-align: center;\"><strong>RECTIFICADORA DE ENGRANAJES CNC<\/strong><\/p>\n<ul>\n<li style=\"text-align: center;\"><strong>Hacer :<\/strong> REISHAUER<\/li>\n<li style=\"text-align: center;\"><strong>Modelo :<\/strong> RZ820<\/li>\n<li style=\"text-align: center;\"><strong>A\u00d1O DE FABRICACI\u00d3N<\/strong> : 1999<\/li>\n<li style=\"text-align: center;\"><strong>CNC<\/strong> : Reishauer<\/li>\n<li style=\"text-align: center;\"><strong>La m\u00e1quina est\u00e1 en muy buenas condiciones y viene con:<\/strong><br \/>\n<u><\/u><\/li>\n<li style=\"text-align: center;\"><u><strong>\u00a0-Reishauer AM-10 <\/strong><\/u>\u00a0-con ruedas de cambio -F\u00e4sler (tocador) -con rueda de diamante<\/li>\n<li style=\"text-align: center;\"><strong>Especificaci\u00f3n:<\/strong><\/li>\n<li style=\"text-align: center;\">Di\u00e1metro de la rueda: M\u00e1x. 820 mm \u2013 M\u00edn.: 40 mm<\/li>\n<li style=\"text-align: center;\">Ancho del engranaje: 300 mm<\/li>\n<li style=\"text-align: center;\">M\u00f3dulo: M\u00e1x.: 8 \u2013 M\u00edn.: 0,5<\/li>\n<li style=\"text-align: center;\">Longitud de sujeci\u00f3n: 1185 mm<\/li>\n<li style=\"text-align: center;\">N\u00famero de dientes: M\u00e1x.: 600 -M\u00edn.: 10<\/li>\n<li style=\"text-align: center;\">\u00c1ngulo helicoidal m\u00e1ximo: +\/- 30 grados<\/li>\n<li style=\"text-align: center;\">Peso de la pieza de trabajo: 300 kg<\/li>\n<li style=\"text-align: center;\">Di\u00e1metro del tornillo sin fin de molienda: 280-400 mm<\/li>\n<li style=\"text-align: center;\">Ancho del tornillo sin fin de molienda: 84\/104 mm<\/li>\n<li style=\"text-align: center;\">Velocidades de giro del tornillo sin fin (durante el rectificado): 1100-2150 U\/min<\/li>\n<li style=\"text-align: center;\">Necesidad total de potencia: 30 kW<\/li>\n<li style=\"text-align: center;\">Peso de la m\u00e1quina: 10 toneladas<\/li>\n<\/ul>\n<p style=\"text-align: center;\">Otra informaci\u00f3n<br \/>\nLA MAQUINA ESTA EN EXCELENTES CONDICIONES Y COMPLETA EN TODAS SUS PARTES Y ACCESORIOS<\/p>\n <\/div>\n\t\t\t<\/div> \n\t\t<\/div>\n\t<\/div> \n\n\t<div  class=\"vc_col-sm-4 wpb_column column_container vc_column_container col no-extra-padding inherit_tablet inherit_phone\"  data-padding-pos=\"all\" data-has-bg-color=\"false\" data-bg-color=\"\" data-bg-opacity=\"1\" data-animation=\"\" data-delay=\"0\" >\n\t\t<div class=\"vc_column-inner\" >\n\t\t\t<div class=\"wpb_wrapper\">\n\t\t\t\t\n\t\t\t<\/div> \n\t\t<\/div>\n\t<\/div> \n<\/div><\/div>","protected":false},"excerpt":{"rendered":"<p>Aqu\u00ed est\u00e1 nuestro <strong>RECTIFICADORA DE ENGRANAJES CNC.<\/strong><\/p>\n<p>Esta en excelentes condiciones de funcionamiento, para cualquier mayor informaci\u00f3n estamos a su disposici\u00f3n!<\/p>","protected":false},"featured_media":12351,"comment_status":"closed","ping_status":"closed","template":"","meta":[],"product_brand":[],"product_cat":[444],"product_tag":[162,827,239,1338,1198],"class_list":{"0":"post-12322","1":"product","2":"type-product","3":"status-publish","4":"has-post-thumbnail","6":"product_cat-cnc-gear-grinding-machines","7":"product_tag-cnc-gear-grinder","8":"product_tag-gear-grinding","9":"product_tag-reishauer","10":"product_tag-reishauer-rz-820","11":"product_tag-worm-grinding","12":"pa_luogo-italia","14":"first","15":"instock","16":"shipping-taxable","17":"product-type-simple"},"_links":{"self":[{"href":"https:\/\/www.laxmiusedmachine.com\/es\/wp-json\/wp\/v2\/product\/12322","targetHints":{"allow":["GET"]}}],"collection":[{"href":"https:\/\/www.laxmiusedmachine.com\/es\/wp-json\/wp\/v2\/product"}],"about":[{"href":"https:\/\/www.laxmiusedmachine.com\/es\/wp-json\/wp\/v2\/types\/product"}],"replies":[{"embeddable":true,"href":"https:\/\/www.laxmiusedmachine.com\/es\/wp-json\/wp\/v2\/comments?post=12322"}],"wp:featuredmedia":[{"embeddable":true,"href":"https:\/\/www.laxmiusedmachine.com\/es\/wp-json\/wp\/v2\/media\/12351"}],"wp:attachment":[{"href":"https:\/\/www.laxmiusedmachine.com\/es\/wp-json\/wp\/v2\/media?parent=12322"}],"wp:term":[{"taxonomy":"product_brand","embeddable":true,"href":"https:\/\/www.laxmiusedmachine.com\/es\/wp-json\/wp\/v2\/product_brand?post=12322"},{"taxonomy":"product_cat","embeddable":true,"href":"https:\/\/www.laxmiusedmachine.com\/es\/wp-json\/wp\/v2\/product_cat?post=12322"},{"taxonomy":"product_tag","embeddable":true,"href":"https:\/\/www.laxmiusedmachine.com\/es\/wp-json\/wp\/v2\/product_tag?post=12322"}],"curies":[{"name":"wp","href":"https:\/\/api.w.org\/{rel}","templated":true}]}}