{"id":12288,"date":"2025-07-17T16:06:21","date_gmt":"2025-07-17T16:06:21","guid":{"rendered":"https:\/\/www.laxmiusedmachine.com\/?post_type=product&#038;p=12288"},"modified":"2025-07-17T16:18:10","modified_gmt":"2025-07-17T16:18:10","slug":"cnc-hypoid-bevel-gear-tester-gleason-500-hct-flank-to-flank","status":"publish","type":"product","link":"https:\/\/www.laxmiusedmachine.com\/es\/prodotto\/cnc-hypoid-bevel-gear-tester-gleason-500-hct-flank-to-flank\/","title":{"rendered":"COMPROBADOR DE ENGRANAJES C\u00d3NICOS HIPOIDES CNC, GLEASON \u2013 500 HCT DE FLANCO A FLANCO"},"content":{"rendered":"<div id=\"fws_69e2f653d5044\"  data-column-margin=\"default\" data-midnight=\"dark\"  class=\"wpb_row vc_row-fluid vc_row\"  style=\"padding-top: 0px; padding-bottom: 0px; \"><div class=\"row-bg-wrap\" data-bg-animation=\"none\" data-bg-animation-delay=\"\" data-bg-overlay=\"false\"><div class=\"inner-wrap row-bg-layer\" ><div class=\"row-bg viewport-desktop\"  style=\"\"><\/div><\/div><\/div><div class=\"row_col_wrap_12 col span_12 dark left\">\n\t<div  class=\"vc_col-sm-4 wpb_column column_container vc_column_container col no-extra-padding inherit_tablet inherit_phone\"  data-padding-pos=\"all\" data-has-bg-color=\"false\" data-bg-color=\"\" data-bg-opacity=\"1\" data-animation=\"\" data-delay=\"0\" >\n\t\t<div class=\"vc_column-inner\" >\n\t\t\t<div class=\"wpb_wrapper\">\n\t\t\t\t\n\t\t\t<\/div> \n\t\t<\/div>\n\t<\/div> \n\n\t<div  class=\"vc_col-sm-4 wpb_column column_container vc_column_container col no-extra-padding inherit_tablet inherit_phone\"  data-padding-pos=\"all\" data-has-bg-color=\"false\" data-bg-color=\"\" data-bg-opacity=\"1\" data-animation=\"\" data-delay=\"0\" >\n\t\t<div class=\"vc_column-inner\" >\n\t\t\t<div class=\"wpb_wrapper\">\n\t\t\t\t<div class=\"nectar-fancy-ul\" data-list-icon=\"linecon-icon-settings\" data-animation=\"false\" data-animation-delay=\"0\" data-color=\"accent-color\" data-spacing=\"default\" data-alignment=\"left\"> \n<p style=\"text-align: center;\"><strong>COMPROBADOR DE ENGRANAJES C\u00d3NICOS HIPOIDES CNC DE 5 EJES \u2013 FLANCO A FLANCO<\/strong><\/p>\n<ul>\n<li style=\"text-align: center;\"><strong>Hacer :<\/strong> GLEASON PHOENIX<\/li>\n<li style=\"text-align: center;\"><strong>Modelo :<\/strong> 500 HCT<\/li>\n<li style=\"text-align: center;\"><strong>A\u00d1O DE FABRICACI\u00d3N<\/strong> : 10\/1998<\/li>\n<li style=\"text-align: center;\"><strong>CNC<\/strong> :FANUC<\/li>\n<li style=\"text-align: center;\">Capacidad \u2013 Engranajes c\u00f3nicos\/hipoidales<\/li>\n<li style=\"text-align: center;\">Di\u00e1metro exterior del engranaje (m\u00e1x.) 508 mm<\/li>\n<li style=\"text-align: center;\">Di\u00e1metro exterior del pi\u00f1\u00f3n (m\u00e1x.) 300 mm<\/li>\n<li style=\"text-align: center;\">Desplazamiento del pi\u00f1\u00f3n a 500 mm<\/li>\n<\/ul>\n<p style=\"text-align: center;\">engranaje OD<\/p>\n<ul>\n<li style=\"text-align: center;\">por encima del centro 127 mm<\/li>\n<li style=\"text-align: center;\">debajo del centro 51 mm<\/li>\n<li style=\"text-align: center;\">Desplazamiento del pi\u00f1\u00f3n a 250 mm<\/li>\n<\/ul>\n<p style=\"text-align: center;\">engranaje OD<\/p>\n<ul>\n<li style=\"text-align: center;\">por encima del centro 124 mm<\/li>\n<li style=\"text-align: center;\">debajo del centro 127 mm<\/li>\n<li style=\"text-align: center;\">\u00c1ngulo del eje (sin montaje inverso del engranaje) 85\u00b0 a 180\u00b0<br \/>\n(con montaje inverso del engranaje) 0\u00b0 a 180\u00b0<\/li>\n<li style=\"text-align: center;\">La distancia entre la nariz del husillo del engranaje y el eje del pi\u00f1\u00f3n es (m\u00edn.) 51 mm \u2013 (m\u00e1x.) 305 mm<\/li>\n<li style=\"text-align: center;\">La distancia entre la punta del husillo del pi\u00f1\u00f3n y el eje del engranaje es (m\u00edn.) 394 mm \u2013 (m\u00e1x.) 394 mm<br \/>\nCapacidad \u2013 Engranajes cil\u00edndricos<\/li>\n<li style=\"text-align: center;\">Distancia entre centros (m\u00edn.) 25 mm \u2013 (m\u00e1x.) 305 mm<\/li>\n<li style=\"text-align: center;\">Distancia entre caras del husillo @ b = 0\u00b0 \u2013 (m\u00edn.) 165 mm \u2013 (m\u00e1x.) 419 mmRECORRESULTADOS DE LOS EJES DE LA M\u00c1QUINA<\/li>\n<li style=\"text-align: center;\">Recorrido m\u00e1ximo del \u00e1ngulo del mango (eje B) 85\u00b0 a 180\u00b0<\/li>\n<li style=\"text-align: center;\">Recorrido vertical m\u00e1ximo (eje Y): -127 mm a 127 mm<\/li>\n<li style=\"text-align: center;\">Recorrido horizontal m\u00e1ximo (eje X) 140 mm a 394 mm<\/li>\n<li style=\"text-align: center;\">Recorrido de la base deslizante (eje Z) de 51 mm a 305 mm<\/li>\n<li style=\"text-align: center;\">Centro de la m\u00e1quina a la cara del husillo de trabajo (fijo) 114 mm PI\u00d1\u00d3N DEL HUSILLO<\/li>\n<li style=\"text-align: center;\">Di\u00e1metro del orificio c\u00f3nico en el extremo grande 3 29\/64\u2033 (cono #39)<br \/>\nConicidad por pie<\/li>\n<li style=\"text-align: center;\">Profundidad de cono 3\u2033<\/li>\n<li style=\"text-align: center;\">Fuerza de sujeci\u00f3n de 4500 a 6000 psi<\/li>\n<li style=\"text-align: center;\">Rango de velocidad del husillo: prueba de flanco \u00fanico (SFT) de 15 a 2500 RPM<\/li>\n<li style=\"text-align: center;\">Rango de velocidad del husillo: prueba de rodillos y SBN de 15 a 3000 RPM ESPECIFICACIONES (Continuaci\u00f3n)<br \/>\nHUSILLO DE ENGRANAJES<\/li>\n<li style=\"text-align: center;\">Di\u00e1metro del v\u00e1stago c\u00f3nico en el extremo grande: 3 29\/64\u2033 (cono #39)<\/li>\n<li style=\"text-align: center;\">Conicidad por pie 39\/64\u2033<\/li>\n<li style=\"text-align: center;\">Profundidad de cono 3\u2033<\/li>\n<li style=\"text-align: center;\">Fuerza de sujeci\u00f3n de 4500 a 6000 psi<\/li>\n<li style=\"text-align: center;\">Rango de velocidad del husillo (prueba de rodillos y SBN): 15 a 1500 RPM<\/li>\n<li style=\"text-align: center;\">Rango de velocidad del husillo: prueba de flanco \u00fanico (SFI) de 15 a 1250 RPM<\/li>\n<li style=\"text-align: center;\">Carga de freno \u2013 prueba convencional 69 Nm<\/li>\n<li style=\"text-align: center;\">Prueba de alto par de 100 Nm<\/li>\n<li style=\"text-align: center;\">Peso de la m\u00e1quina (aprox.) 8200 kg<\/li>\n<li style=\"text-align: center;\">Carga el\u00e9ctrica 16,7 KW (valor pico)<\/li>\n<li style=\"text-align: center;\">Aire comprimido 17 m3\/h (est.), 4,9 bares<\/li>\n<\/ul>\n<p style=\"text-align: center;\">LA MAQUINA ESTA EN EXCELENTES CONDICIONES Y COMPLETA EN TODAS SUS PARTES Y ACCESORIOS<\/p>\n <\/div>\n\t\t\t<\/div> \n\t\t<\/div>\n\t<\/div> \n\n\t<div  class=\"vc_col-sm-4 wpb_column column_container vc_column_container col no-extra-padding inherit_tablet inherit_phone\"  data-padding-pos=\"all\" data-has-bg-color=\"false\" data-bg-color=\"\" data-bg-opacity=\"1\" data-animation=\"\" data-delay=\"0\" >\n\t\t<div class=\"vc_column-inner\" >\n\t\t\t<div class=\"wpb_wrapper\">\n\t\t\t\t\n\t\t\t<\/div> \n\t\t<\/div>\n\t<\/div> \n<\/div><\/div>","protected":false},"excerpt":{"rendered":"<p>Aqu\u00ed est\u00e1 nuestro <strong>COMPROBADOR DE ENGRANAJES C\u00d3NICOS HIPOIDES CNC, GLEASON.<\/strong><\/p>\n<p>Esta en excelentes condiciones de funcionamiento, para cualquier mayor informaci\u00f3n estamos a su disposici\u00f3n!<\/p>","protected":false},"featured_media":12289,"comment_status":"closed","ping_status":"closed","template":"","meta":[],"product_brand":[],"product_cat":[17,28,22,31],"product_tag":[1049,162,206,1334,277],"class_list":{"0":"post-12288","1":"product","2":"type-product","3":"status-publish","4":"has-post-thumbnail","6":"product_cat-new-arrivals","7":"product_cat-gear-tester","8":"product_cat-spiral-bevel-gear-generator","9":"product_cat-straight-bevel-gear-generator","10":"product_tag-bevel-gear","11":"product_tag-cnc-gear-grinder","12":"product_tag-gleason","13":"product_tag-hypoid-grinder","14":"product_tag-rettifica","15":"pa_luogo-italia","17":"first","18":"instock","19":"shipping-taxable","20":"product-type-simple"},"_links":{"self":[{"href":"https:\/\/www.laxmiusedmachine.com\/es\/wp-json\/wp\/v2\/product\/12288","targetHints":{"allow":["GET"]}}],"collection":[{"href":"https:\/\/www.laxmiusedmachine.com\/es\/wp-json\/wp\/v2\/product"}],"about":[{"href":"https:\/\/www.laxmiusedmachine.com\/es\/wp-json\/wp\/v2\/types\/product"}],"replies":[{"embeddable":true,"href":"https:\/\/www.laxmiusedmachine.com\/es\/wp-json\/wp\/v2\/comments?post=12288"}],"wp:featuredmedia":[{"embeddable":true,"href":"https:\/\/www.laxmiusedmachine.com\/es\/wp-json\/wp\/v2\/media\/12289"}],"wp:attachment":[{"href":"https:\/\/www.laxmiusedmachine.com\/es\/wp-json\/wp\/v2\/media?parent=12288"}],"wp:term":[{"taxonomy":"product_brand","embeddable":true,"href":"https:\/\/www.laxmiusedmachine.com\/es\/wp-json\/wp\/v2\/product_brand?post=12288"},{"taxonomy":"product_cat","embeddable":true,"href":"https:\/\/www.laxmiusedmachine.com\/es\/wp-json\/wp\/v2\/product_cat?post=12288"},{"taxonomy":"product_tag","embeddable":true,"href":"https:\/\/www.laxmiusedmachine.com\/es\/wp-json\/wp\/v2\/product_tag?post=12288"}],"curies":[{"name":"wp","href":"https:\/\/api.w.org\/{rel}","templated":true}]}}