{"id":12258,"date":"2025-06-23T18:46:40","date_gmt":"2025-06-23T18:46:40","guid":{"rendered":"https:\/\/www.laxmiusedmachine.com\/?post_type=product&#038;p=12258"},"modified":"2025-09-22T09:30:53","modified_gmt":"2025-09-22T09:30:53","slug":"slotting-machine-ravensburg-s300-l","status":"publish","type":"product","link":"https:\/\/www.laxmiusedmachine.com\/es\/prodotto\/slotting-machine-ravensburg-s300-l\/","title":{"rendered":"RANURADORA, RAVENSBURG \u2013 S300 L"},"content":{"rendered":"<div id=\"fws_69f05d9867fb2\"  data-column-margin=\"default\" data-midnight=\"dark\"  class=\"wpb_row vc_row-fluid vc_row\"  style=\"padding-top: 0px; padding-bottom: 0px; \"><div class=\"row-bg-wrap\" data-bg-animation=\"none\" data-bg-animation-delay=\"\" data-bg-overlay=\"false\"><div class=\"inner-wrap row-bg-layer\" ><div class=\"row-bg viewport-desktop\"  style=\"\"><\/div><\/div><\/div><div class=\"row_col_wrap_12 col span_12 dark left\">\n\t<div  class=\"vc_col-sm-4 wpb_column column_container vc_column_container col no-extra-padding inherit_tablet inherit_phone\"  data-padding-pos=\"all\" data-has-bg-color=\"false\" data-bg-color=\"\" data-bg-opacity=\"1\" data-animation=\"\" data-delay=\"0\" >\n\t\t<div class=\"vc_column-inner\" >\n\t\t\t<div class=\"wpb_wrapper\">\n\t\t\t\t\n\t\t\t<\/div> \n\t\t<\/div>\n\t<\/div> \n\n\t<div  class=\"vc_col-sm-4 wpb_column column_container vc_column_container col no-extra-padding inherit_tablet inherit_phone\"  data-padding-pos=\"all\" data-has-bg-color=\"false\" data-bg-color=\"\" data-bg-opacity=\"1\" data-animation=\"\" data-delay=\"0\" >\n\t\t<div class=\"vc_column-inner\" >\n\t\t\t<div class=\"wpb_wrapper\">\n\t\t\t\t<div class=\"nectar-fancy-ul\" data-list-icon=\"linecon-icon-settings\" data-animation=\"false\" data-animation-delay=\"0\" data-color=\"accent-color\" data-spacing=\"default\" data-alignment=\"left\"> \n<p style=\"text-align: center;\"><strong>M\u00c1QUINA RANURADORA<\/strong><\/p>\n<ul style=\"text-align: center;\">\n<li><strong>Hacer:<\/strong> Ravensburg<\/li>\n<li>Modelo: S 300 l<\/li>\n<li><strong>Trazo vertical:<\/strong> 350mm<\/li>\n<li><strong>Di\u00e1metro de la mesa:<\/strong> 620 mil\u00edmetros<\/li>\n<li><strong>Recorrido del eje X (transversal):<\/strong> 500mm<\/li>\n<li><strong>Recorrido en el eje Y (longitudinal):<\/strong> 600mm<\/li>\n<li><strong>Inclinaci\u00f3n m\u00e1xima del cabezal: 7<\/strong>\u00b0<\/li>\n<\/ul>\n<p style=\"text-align: center;\"><strong>Otras informaciones:<\/strong><br \/>\nLa m\u00e1quina est\u00e1 en excelentes condiciones y est\u00e1 completa en todas sus partes y accesorios.<\/p>\n <\/div>\n\t\t\t<\/div> \n\t\t<\/div>\n\t<\/div> \n\n\t<div  class=\"vc_col-sm-4 wpb_column column_container vc_column_container col no-extra-padding inherit_tablet inherit_phone\"  data-padding-pos=\"all\" data-has-bg-color=\"false\" data-bg-color=\"\" data-bg-opacity=\"1\" data-animation=\"\" data-delay=\"0\" >\n\t\t<div class=\"vc_column-inner\" >\n\t\t\t<div class=\"wpb_wrapper\">\n\t\t\t\t\n\t\t\t<\/div> \n\t\t<\/div>\n\t<\/div> \n<\/div><\/div>","protected":false},"excerpt":{"rendered":"<p class=\"translation-block\">Aqu\u00ed est\u00e1 nuestra <strong>M\u00c1QUINA RANURADORA.<\/strong><\/p>\n<p>Esta en excelente estado, para cualquier mayor informaci\u00f3n estamos a su disposici\u00f3n!<\/p>","protected":false},"featured_media":12259,"comment_status":"closed","ping_status":"closed","template":"","meta":[],"product_brand":[],"product_cat":[567],"product_tag":[1332,568],"class_list":{"0":"post-12258","1":"product","2":"type-product","3":"status-publish","4":"has-post-thumbnail","6":"product_cat-slotting-machines","7":"product_tag-ravensburg","8":"product_tag-slotting-machine","9":"pa_luogo-india","11":"first","12":"instock","13":"shipping-taxable","14":"product-type-simple"},"_links":{"self":[{"href":"https:\/\/www.laxmiusedmachine.com\/es\/wp-json\/wp\/v2\/product\/12258","targetHints":{"allow":["GET"]}}],"collection":[{"href":"https:\/\/www.laxmiusedmachine.com\/es\/wp-json\/wp\/v2\/product"}],"about":[{"href":"https:\/\/www.laxmiusedmachine.com\/es\/wp-json\/wp\/v2\/types\/product"}],"replies":[{"embeddable":true,"href":"https:\/\/www.laxmiusedmachine.com\/es\/wp-json\/wp\/v2\/comments?post=12258"}],"wp:featuredmedia":[{"embeddable":true,"href":"https:\/\/www.laxmiusedmachine.com\/es\/wp-json\/wp\/v2\/media\/12259"}],"wp:attachment":[{"href":"https:\/\/www.laxmiusedmachine.com\/es\/wp-json\/wp\/v2\/media?parent=12258"}],"wp:term":[{"taxonomy":"product_brand","embeddable":true,"href":"https:\/\/www.laxmiusedmachine.com\/es\/wp-json\/wp\/v2\/product_brand?post=12258"},{"taxonomy":"product_cat","embeddable":true,"href":"https:\/\/www.laxmiusedmachine.com\/es\/wp-json\/wp\/v2\/product_cat?post=12258"},{"taxonomy":"product_tag","embeddable":true,"href":"https:\/\/www.laxmiusedmachine.com\/es\/wp-json\/wp\/v2\/product_tag?post=12258"}],"curies":[{"name":"wp","href":"https:\/\/api.w.org\/{rel}","templated":true}]}}