{"id":12223,"date":"2025-06-20T10:14:39","date_gmt":"2025-06-20T10:14:39","guid":{"rendered":"https:\/\/www.laxmiusedmachine.com\/?post_type=product&#038;p=12223"},"modified":"2025-09-10T06:14:56","modified_gmt":"2025-09-10T06:14:56","slug":"cnc-horizontal-gear-hobbing-wera-profilator-re3000","status":"publish","type":"product","link":"https:\/\/www.laxmiusedmachine.com\/es\/prodotto\/cnc-horizontal-gear-hobbing-wera-profilator-re3000\/","title":{"rendered":"Talladora de engranajes horizontales CNC, WERA \u2013 Perfilador RE3000"},"content":{"rendered":"<div id=\"fws_69f4107f1f1ec\"  data-column-margin=\"default\" data-midnight=\"dark\"  class=\"wpb_row vc_row-fluid vc_row\"  style=\"padding-top: 0px; padding-bottom: 0px; \"><div class=\"row-bg-wrap\" data-bg-animation=\"none\" data-bg-animation-delay=\"\" data-bg-overlay=\"false\"><div class=\"inner-wrap row-bg-layer\" ><div class=\"row-bg viewport-desktop\"  style=\"\"><\/div><\/div><\/div><div class=\"row_col_wrap_12 col span_12 dark left\">\n\t<div  class=\"vc_col-sm-4 wpb_column column_container vc_column_container col no-extra-padding inherit_tablet inherit_phone\"  data-padding-pos=\"all\" data-has-bg-color=\"false\" data-bg-color=\"\" data-bg-opacity=\"1\" data-animation=\"\" data-delay=\"0\" >\n\t\t<div class=\"vc_column-inner\" >\n\t\t\t<div class=\"wpb_wrapper\">\n\t\t\t\t\n\t\t\t<\/div> \n\t\t<\/div>\n\t<\/div> \n\n\t<div  class=\"vc_col-sm-4 wpb_column column_container vc_column_container col no-extra-padding inherit_tablet inherit_phone\"  data-padding-pos=\"all\" data-has-bg-color=\"false\" data-bg-color=\"\" data-bg-opacity=\"1\" data-animation=\"\" data-delay=\"0\" >\n\t\t<div class=\"vc_column-inner\" >\n\t\t\t<div class=\"wpb_wrapper\">\n\t\t\t\t<div class=\"nectar-fancy-ul\" data-list-icon=\"linecon-icon-settings\" data-animation=\"false\" data-animation-delay=\"0\" data-color=\"accent-color\" data-spacing=\"default\" data-alignment=\"left\"> \n<p class=\"p1\" style=\"text-align: center;\"><b>Tallado de engranajes horizontales CNC<br \/>\n<\/b><\/p>\n<ul>\n<li style=\"text-align: center;\">MARCA \/ MODELO: WERA PERFILATOR<\/li>\n<li style=\"text-align: center;\">modelo RE 3000<\/li>\n<li style=\"text-align: center;\">A\u00d1O: 1999<\/li>\n<li class=\"p1\" style=\"text-align: center;\">Talladora autom\u00e1tica con di\u00e1metro m\u00e1ximo de 250 mm<\/li>\n<li class=\"p1\" style=\"text-align: center;\">\u00c1ngulo de inclinaci\u00f3n para perfiles helicoidales 15\/45\u00b0<\/li>\n<li class=\"p1\" style=\"text-align: center;\">velocidad de rotaci\u00f3n 1500 rpm<\/li>\n<li class=\"p1\" style=\"text-align: center;\">avance 10 mm\/min<\/li>\n<li class=\"p1\" style=\"text-align: center;\">CNC SIEMENS SINUMERIK 810D<\/li>\n<li class=\"p1\" style=\"text-align: center;\">Unidad hidr\u00e1ulica externa con capacidad de dep\u00f3sito de aprox. 100 l.<\/li>\n<li class=\"p1\" style=\"text-align: center;\">Husillo de herramientas; Puerta interior de herramienta hidr\u00e1ulica giratoria<\/li>\n<li class=\"p1\" style=\"text-align: center;\">Dispositivo de desbarbado, con control hidr\u00e1ulico, incluye soporte de acero intercambiable<\/li>\n<li class=\"p1\" style=\"text-align: center;\">Soporte del cabezal de corte en la placa de la pata y el husillo de la pieza de trabajo con servoaccionamientos<\/li>\n<li class=\"p1\" style=\"text-align: center;\">Mesa transversal controlada por NC; Armario de control con control CNC, control PLC integrado, as\u00ed como elementos de control, transformadores, etc.<\/li>\n<li class=\"p1\" style=\"text-align: center;\">Servomotores para accionamientos principales y auxiliares; posicionamiento del eje C<\/li>\n<\/ul>\n<p class=\"p1\" style=\"text-align: center;\"><b>Otra informaci\u00f3n:<\/b><\/p>\n<p style=\"text-align: center;\">La m\u00e1quina se encuentra en excelentes condiciones y est\u00e1 completa en todas sus partes y accesorios, <strong>incluido<\/strong><b>\u00a0Todos cambian de marcha y de \u00e1rbol. <\/b><\/p>\n <\/div>\n\t\t\t<\/div> \n\t\t<\/div>\n\t<\/div> \n\n\t<div  class=\"vc_col-sm-4 wpb_column column_container vc_column_container col no-extra-padding inherit_tablet inherit_phone\"  data-padding-pos=\"all\" data-has-bg-color=\"false\" data-bg-color=\"\" data-bg-opacity=\"1\" data-animation=\"\" data-delay=\"0\" >\n\t\t<div class=\"vc_column-inner\" >\n\t\t\t<div class=\"wpb_wrapper\">\n\t\t\t\t\n\t\t\t<\/div> \n\t\t<\/div>\n\t<\/div> \n<\/div><\/div>","protected":false},"excerpt":{"rendered":"<p>Aqu\u00ed est\u00e1 nuestra <strong>M\u00c1QUINA DE ENGRANAJES HORIZONTALES CNC,<\/strong><\/p>\n<p>Se encuentra en excelentes condiciones de funcionamiento, para cualquier informaci\u00f3n adicional estamos a su disposici\u00f3n!<\/p>","protected":false},"featured_media":12224,"comment_status":"closed","ping_status":"closed","template":"","meta":[],"product_brand":[],"product_cat":[18],"product_tag":[335,227,232,1328],"class_list":{"0":"post-12223","1":"product","2":"type-product","3":"status-publish","4":"has-post-thumbnail","6":"product_cat-gear-hobbing-machines","7":"product_tag-dentatrice","8":"product_tag-gear","9":"product_tag-gear-hobbing","10":"product_tag-wera-profilator","11":"pa_luogo-italia","13":"first","14":"instock","15":"shipping-taxable","16":"product-type-simple"},"_links":{"self":[{"href":"https:\/\/www.laxmiusedmachine.com\/es\/wp-json\/wp\/v2\/product\/12223","targetHints":{"allow":["GET"]}}],"collection":[{"href":"https:\/\/www.laxmiusedmachine.com\/es\/wp-json\/wp\/v2\/product"}],"about":[{"href":"https:\/\/www.laxmiusedmachine.com\/es\/wp-json\/wp\/v2\/types\/product"}],"replies":[{"embeddable":true,"href":"https:\/\/www.laxmiusedmachine.com\/es\/wp-json\/wp\/v2\/comments?post=12223"}],"wp:featuredmedia":[{"embeddable":true,"href":"https:\/\/www.laxmiusedmachine.com\/es\/wp-json\/wp\/v2\/media\/12224"}],"wp:attachment":[{"href":"https:\/\/www.laxmiusedmachine.com\/es\/wp-json\/wp\/v2\/media?parent=12223"}],"wp:term":[{"taxonomy":"product_brand","embeddable":true,"href":"https:\/\/www.laxmiusedmachine.com\/es\/wp-json\/wp\/v2\/product_brand?post=12223"},{"taxonomy":"product_cat","embeddable":true,"href":"https:\/\/www.laxmiusedmachine.com\/es\/wp-json\/wp\/v2\/product_cat?post=12223"},{"taxonomy":"product_tag","embeddable":true,"href":"https:\/\/www.laxmiusedmachine.com\/es\/wp-json\/wp\/v2\/product_tag?post=12223"}],"curies":[{"name":"wp","href":"https:\/\/api.w.org\/{rel}","templated":true}]}}