{"id":12199,"date":"2025-06-20T07:58:31","date_gmt":"2025-06-20T07:58:31","guid":{"rendered":"https:\/\/www.laxmiusedmachine.com\/?post_type=product&#038;p=12199"},"modified":"2025-12-23T11:22:42","modified_gmt":"2025-12-23T11:22:42","slug":"surface-grinder-delta-synthesis-1100-600","status":"publish","type":"product","link":"https:\/\/www.laxmiusedmachine.com\/es\/prodotto\/surface-grinder-delta-synthesis-1100-600\/","title":{"rendered":"RECTIFICADORA DE SUPERFICIE DELTA \u2013 SYNTHESIS 1100 \/ 600"},"content":{"rendered":"<div id=\"fws_69deb8faa692c\"  data-column-margin=\"default\" data-midnight=\"dark\"  class=\"wpb_row vc_row-fluid vc_row\"  style=\"padding-top: 0px; padding-bottom: 0px; \"><div class=\"row-bg-wrap\" data-bg-animation=\"none\" data-bg-animation-delay=\"\" data-bg-overlay=\"false\"><div class=\"inner-wrap row-bg-layer\" ><div class=\"row-bg viewport-desktop\"  style=\"\"><\/div><\/div><\/div><div class=\"row_col_wrap_12 col span_12 dark left\">\n\t<div  class=\"vc_col-sm-4 wpb_column column_container vc_column_container col no-extra-padding inherit_tablet inherit_phone\"  data-padding-pos=\"all\" data-has-bg-color=\"false\" data-bg-color=\"\" data-bg-opacity=\"1\" data-animation=\"\" data-delay=\"0\" >\n\t\t<div class=\"vc_column-inner\" >\n\t\t\t<div class=\"wpb_wrapper\">\n\t\t\t\t\n\t\t\t<\/div> \n\t\t<\/div>\n\t<\/div> \n\n\t<div  class=\"vc_col-sm-4 wpb_column column_container vc_column_container col no-extra-padding inherit_tablet inherit_phone\"  data-padding-pos=\"all\" data-has-bg-color=\"false\" data-bg-color=\"\" data-bg-opacity=\"1\" data-animation=\"\" data-delay=\"0\" >\n\t\t<div class=\"vc_column-inner\" >\n\t\t\t<div class=\"wpb_wrapper\">\n\t\t\t\t<div class=\"nectar-fancy-ul\" data-list-icon=\"linecon-icon-settings\" data-animation=\"false\" data-animation-delay=\"0\" data-color=\"accent-color\" data-spacing=\"default\" data-alignment=\"left\"> \n<p style=\"text-align: center;\"><strong>RECTIFICADORA DE SUPERFICIE<\/strong><\/p>\n<ul style=\"text-align: center;\">\n<li style=\"text-align: center;\"><strong>Hacer:<\/strong> Delta (Italia)<\/li>\n<li style=\"text-align: center;\"><strong>Modelo: <\/strong>S\u00cdNTESIS 1100 \/ 600<\/li>\n<li class=\"p1\"><i class=\"icon-default-style linecon-icon-settings accent-color\"><\/i><b>Tama\u00f1o de la mesa:<\/b> 1300 \u00d7 500 mm<\/li>\n<li><strong>Tama\u00f1o de la mesa magn\u00e9tica:<\/strong> 1000 x 500 mil\u00edmetros<\/li>\n<li class=\"p1\"><i class=\"icon-default-style linecon-icon-settings accent-color\"><\/i><b>Recorrido longitudinal (X):<\/b> 1150 mil\u00edmetros<\/li>\n<li class=\"p1\"><b>Recorrido vertical (Z):<\/b> 700 mil\u00edmetros<\/li>\n<li><strong>Eje Y<\/strong> :550 mil\u00edmetros<\/li>\n<li class=\"p1\"><i class=\"icon-default-style linecon-icon-settings accent-color\"><\/i><b>Longitud m\u00e1xima de molienda:<\/b> 1100mm<\/li>\n<li class=\"p1\"><i class=\"icon-default-style linecon-icon-settings accent-color\"><\/i><b>Ancho m\u00e1ximo de molienda:<\/b> 600mm<\/li>\n<li class=\"p1\"><i class=\"icon-default-style linecon-icon-settings accent-color\"><\/i><b>Tama\u00f1o de la muela abrasiva:<\/b> 400 x 50 x 127 mm<i class=\"icon-default-style linecon-icon-settings accent-color\"><\/i><i class=\"icon-default-style linecon-icon-settings accent-color\"><\/i><\/li>\n<\/ul>\n<p style=\"text-align: center;\"><strong>Otra informaci\u00f3n:<\/strong><\/p>\n<p style=\"text-align: center;\">La m\u00e1quina est\u00e1 en excelentes condiciones y est\u00e1 completa en todas sus partes y accesorios.<\/p>\n <\/div>\n\t\t\t<\/div> \n\t\t<\/div>\n\t<\/div> \n\n\t<div  class=\"vc_col-sm-4 wpb_column column_container vc_column_container col no-extra-padding inherit_tablet inherit_phone\"  data-padding-pos=\"all\" data-has-bg-color=\"false\" data-bg-color=\"\" data-bg-opacity=\"1\" data-animation=\"\" data-delay=\"0\" >\n\t\t<div class=\"vc_column-inner\" >\n\t\t\t<div class=\"wpb_wrapper\">\n\t\t\t\t\n\t\t\t<\/div> \n\t\t<\/div>\n\t<\/div> \n<\/div><\/div>","protected":false},"excerpt":{"rendered":"<p>Aqu\u00ed est\u00e1 nuestro <strong>RECTIFICADORA DE SUPERFICIE.<\/strong><\/p>\n<p>Esta en excelente estado, para cualquier mayor informaci\u00f3n estamos a su disposici\u00f3n!<\/p>","protected":false},"featured_media":12202,"comment_status":"closed","ping_status":"closed","template":"","meta":[],"product_brand":[],"product_cat":[34],"product_tag":[779,277,276],"class_list":{"0":"post-12199","1":"product","2":"type-product","3":"status-publish","4":"has-post-thumbnail","6":"product_cat-surface-grinding-machines","7":"product_tag-delta","8":"product_tag-rettifica","9":"product_tag-surface-grinder","10":"pa_luogo-italia","12":"first","13":"instock","14":"shipping-taxable","15":"product-type-simple"},"_links":{"self":[{"href":"https:\/\/www.laxmiusedmachine.com\/es\/wp-json\/wp\/v2\/product\/12199","targetHints":{"allow":["GET"]}}],"collection":[{"href":"https:\/\/www.laxmiusedmachine.com\/es\/wp-json\/wp\/v2\/product"}],"about":[{"href":"https:\/\/www.laxmiusedmachine.com\/es\/wp-json\/wp\/v2\/types\/product"}],"replies":[{"embeddable":true,"href":"https:\/\/www.laxmiusedmachine.com\/es\/wp-json\/wp\/v2\/comments?post=12199"}],"wp:featuredmedia":[{"embeddable":true,"href":"https:\/\/www.laxmiusedmachine.com\/es\/wp-json\/wp\/v2\/media\/12202"}],"wp:attachment":[{"href":"https:\/\/www.laxmiusedmachine.com\/es\/wp-json\/wp\/v2\/media?parent=12199"}],"wp:term":[{"taxonomy":"product_brand","embeddable":true,"href":"https:\/\/www.laxmiusedmachine.com\/es\/wp-json\/wp\/v2\/product_brand?post=12199"},{"taxonomy":"product_cat","embeddable":true,"href":"https:\/\/www.laxmiusedmachine.com\/es\/wp-json\/wp\/v2\/product_cat?post=12199"},{"taxonomy":"product_tag","embeddable":true,"href":"https:\/\/www.laxmiusedmachine.com\/es\/wp-json\/wp\/v2\/product_tag?post=12199"}],"curies":[{"name":"wp","href":"https:\/\/api.w.org\/{rel}","templated":true}]}}