{"id":1207,"date":"2020-08-19T14:11:45","date_gmt":"2020-08-19T14:11:45","guid":{"rendered":"https:\/\/www.laxmiusedmachine.com\/?post_type=product&#038;p=1207"},"modified":"2023-07-11T15:06:53","modified_gmt":"2023-07-11T15:06:53","slug":"fully-cnc-gear-shaper-pai-demm-ds-300-cnc","status":"publish","type":"product","link":"https:\/\/www.laxmiusedmachine.com\/es\/prodotto\/fully-cnc-gear-shaper-pai-demm-ds-300-cnc\/","title":{"rendered":"CONFORMADORA DE ENGRANAJES TOTALMENTE CNC, PAI-DEMM - DS 300 CNC"},"content":{"rendered":"<div id=\"fws_69dc347711624\"  data-column-margin=\"default\" data-midnight=\"dark\"  class=\"wpb_row vc_row-fluid vc_row\"  style=\"padding-top: 0px; padding-bottom: 0px; \"><div class=\"row-bg-wrap\" data-bg-animation=\"none\" data-bg-animation-delay=\"\" data-bg-overlay=\"false\"><div class=\"inner-wrap row-bg-layer\" ><div class=\"row-bg viewport-desktop\"  style=\"\"><\/div><\/div><\/div><div class=\"row_col_wrap_12 col span_12 dark left\">\n\t<div  class=\"vc_col-sm-4 wpb_column column_container vc_column_container col no-extra-padding inherit_tablet inherit_phone\"  data-padding-pos=\"all\" data-has-bg-color=\"false\" data-bg-color=\"\" data-bg-opacity=\"1\" data-animation=\"\" data-delay=\"0\" >\n\t\t<div class=\"vc_column-inner\" >\n\t\t\t<div class=\"wpb_wrapper\">\n\t\t\t\t\n\t\t\t<\/div> \n\t\t<\/div>\n\t<\/div> \n\n\t<div  class=\"vc_col-sm-4 wpb_column column_container vc_column_container col no-extra-padding inherit_tablet inherit_phone\"  data-padding-pos=\"all\" data-has-bg-color=\"false\" data-bg-color=\"\" data-bg-opacity=\"1\" data-animation=\"\" data-delay=\"0\" >\n\t\t<div class=\"vc_column-inner\" >\n\t\t\t<div class=\"wpb_wrapper\">\n\t\t\t\t<div class=\"nectar-fancy-ul\" data-list-icon=\"linecon-icon-settings\" data-animation=\"false\" data-animation-delay=\"0\" data-color=\"accent-color\" data-spacing=\"default\" data-alignment=\"left\"> \n<p style=\"text-align: center;\"><span style=\"color: #008000;\"><em><strong>FORMADORA DE ENGRANAJES TOTALMENTE CNC<\/strong><\/em><\/span><\/p>\n<ul>\n<li style=\"text-align: center;\"><span style=\"color: #008000;\">Marca: PAI-DEMM.<\/span><\/li>\n<li style=\"text-align: center;\"><span style=\"color: #008000;\">Modelo: DS 300 CNC.<\/span><\/li>\n<li style=\"text-align: center;\">Di\u00e1metro m\u00e1ximo: 300 mm.<\/li>\n<li style=\"text-align: center;\">Max. m\u00f3dulo: 8.<\/li>\n<li style=\"text-align: center;\">Max. \u00c1ngulo de h\u00e9lice: + - 45 \u00b0.<\/li>\n<li style=\"text-align: center;\">Max. Ancho de cara: 75 mm.<\/li>\n<li style=\"text-align: center;\">Max. SPM: 1800 \/ &#039;.<\/li>\n<li style=\"text-align: center;\">Max. Recorrido vertical del deslizamiento del cabezal moldeador: 170 mm.<\/li>\n<\/ul>\n<p style=\"text-align: center;\"><strong>M\u00e1s caracter\u00edsticas :<\/strong><br \/>\n-CABEZAL CON SOPORTE DE DESLIZAMIENTO VERTICAL.<br \/>\n-HUSILLO CORTADOR TOTALMENTE HIDROST\u00c1TICO.<br \/>\n-CAMBIO AUTOM\u00c1TICO DE CORTADORES.<br \/>\n-N\u00daMERO DE DIENTES DE LA PIEZA PROGRAMABLES POR LA UNIDAD CNC.<br \/>\n-M\u00c1S ENGRANAJES EN LA MISMA PIEZA GENERADOS EN UNA SOLA CONFIGURACI\u00d3N.<\/p>\n <\/div>\n\t\t\t<\/div> \n\t\t<\/div>\n\t<\/div> \n\n\t<div  class=\"vc_col-sm-4 wpb_column column_container vc_column_container col no-extra-padding inherit_tablet inherit_phone\"  data-padding-pos=\"all\" data-has-bg-color=\"false\" data-bg-color=\"\" data-bg-opacity=\"1\" data-animation=\"\" data-delay=\"0\" >\n\t\t<div class=\"vc_column-inner\" >\n\t\t\t<div class=\"wpb_wrapper\">\n\t\t\t\t\n\t\t\t<\/div> \n\t\t<\/div>\n\t<\/div> \n<\/div><\/div>","protected":false},"excerpt":{"rendered":"<p>Aqu\u00ed est\u00e1 nuestra F<strong>M\u00c1QUINA FORMADORA DE ENGRANAJES ULLY CNC<\/strong><\/p>\n<p>Se encuentra en excelentes condiciones de funcionamiento, para cualquier informaci\u00f3n estamos a su disposici\u00f3n.<\/p>","protected":false},"featured_media":1212,"comment_status":"closed","ping_status":"closed","template":"","meta":[],"product_brand":[],"product_cat":[445],"product_tag":[52,357,355,167,356],"class_list":{"0":"post-1207","1":"product","2":"type-product","3":"status-publish","4":"has-post-thumbnail","6":"product_cat-cnc-gear-shaping-machines","7":"product_tag-cnc","8":"product_tag-ds-300-cnc","9":"product_tag-fully-cnc-gear-shaper","10":"product_tag-gear-shaper","11":"product_tag-pai-demm","12":"pa_luogo-india","14":"first","15":"instock","16":"shipping-taxable","17":"product-type-simple"},"_links":{"self":[{"href":"https:\/\/www.laxmiusedmachine.com\/es\/wp-json\/wp\/v2\/product\/1207","targetHints":{"allow":["GET"]}}],"collection":[{"href":"https:\/\/www.laxmiusedmachine.com\/es\/wp-json\/wp\/v2\/product"}],"about":[{"href":"https:\/\/www.laxmiusedmachine.com\/es\/wp-json\/wp\/v2\/types\/product"}],"replies":[{"embeddable":true,"href":"https:\/\/www.laxmiusedmachine.com\/es\/wp-json\/wp\/v2\/comments?post=1207"}],"wp:featuredmedia":[{"embeddable":true,"href":"https:\/\/www.laxmiusedmachine.com\/es\/wp-json\/wp\/v2\/media\/1212"}],"wp:attachment":[{"href":"https:\/\/www.laxmiusedmachine.com\/es\/wp-json\/wp\/v2\/media?parent=1207"}],"wp:term":[{"taxonomy":"product_brand","embeddable":true,"href":"https:\/\/www.laxmiusedmachine.com\/es\/wp-json\/wp\/v2\/product_brand?post=1207"},{"taxonomy":"product_cat","embeddable":true,"href":"https:\/\/www.laxmiusedmachine.com\/es\/wp-json\/wp\/v2\/product_cat?post=1207"},{"taxonomy":"product_tag","embeddable":true,"href":"https:\/\/www.laxmiusedmachine.com\/es\/wp-json\/wp\/v2\/product_tag?post=1207"}],"curies":[{"name":"wp","href":"https:\/\/api.w.org\/{rel}","templated":true}]}}