{"id":11715,"date":"2024-12-08T09:50:02","date_gmt":"2024-12-08T09:50:02","guid":{"rendered":"https:\/\/www.laxmiusedmachine.com\/?post_type=product&#038;p=11715"},"modified":"2025-06-16T09:42:13","modified_gmt":"2025-06-16T09:42:13","slug":"thread-grinder-reishauer-us-blue","status":"publish","type":"product","link":"https:\/\/www.laxmiusedmachine.com\/es\/prodotto\/thread-grinder-reishauer-us-blue\/","title":{"rendered":"AMOLADORA DE ROSCAS, REISHAUER \u2013 EE. UU. (azul)"},"content":{"rendered":"<div id=\"fws_69e12fac76068\"  data-column-margin=\"default\" data-midnight=\"dark\"  class=\"wpb_row vc_row-fluid vc_row\"  style=\"padding-top: 0px; padding-bottom: 0px; \"><div class=\"row-bg-wrap\" data-bg-animation=\"none\" data-bg-animation-delay=\"\" data-bg-overlay=\"false\"><div class=\"inner-wrap row-bg-layer\" ><div class=\"row-bg viewport-desktop\"  style=\"\"><\/div><\/div><\/div><div class=\"row_col_wrap_12 col span_12 dark left\">\n\t<div  class=\"vc_col-sm-4 wpb_column column_container vc_column_container col no-extra-padding inherit_tablet inherit_phone\"  data-padding-pos=\"all\" data-has-bg-color=\"false\" data-bg-color=\"\" data-bg-opacity=\"1\" data-animation=\"\" data-delay=\"0\" >\n\t\t<div class=\"vc_column-inner\" >\n\t\t\t<div class=\"wpb_wrapper\">\n\t\t\t\t\n\t\t\t<\/div> \n\t\t<\/div>\n\t<\/div> \n\n\t<div  class=\"vc_col-sm-4 wpb_column column_container vc_column_container col no-extra-padding inherit_tablet inherit_phone\"  data-padding-pos=\"all\" data-has-bg-color=\"false\" data-bg-color=\"\" data-bg-opacity=\"1\" data-animation=\"\" data-delay=\"0\" >\n\t\t<div class=\"vc_column-inner\" >\n\t\t\t<div class=\"wpb_wrapper\">\n\t\t\t\t<div class=\"nectar-fancy-ul\" data-list-icon=\"linecon-icon-settings\" data-animation=\"false\" data-animation-delay=\"0\" data-color=\"accent-color\" data-spacing=\"default\" data-alignment=\"left\"> \n<p class=\"p1\" style=\"text-align: center;\"><b>AMOLADORA DE ROSCAS, REISHAUER \u2013 EE. UU.<\/b><\/p>\n<p class=\"p1\" style=\"text-align: center;\"><b>Marca: Reishauer<\/b><\/p>\n<p class=\"p1\" style=\"text-align: center;\"><b>Modelo: EE. UU.<\/b><\/p>\n<div class=\"datapackage\">\n<ul>\n<li class=\"label\" style=\"text-align: center;\">Longitud m\u00e1xima de rectificado: 450 mm<\/li>\n<li class=\"label\" style=\"text-align: center;\">Longitud m\u00e1xima de sujeci\u00f3n: 1055 mm<\/li>\n<li class=\"label\" style=\"text-align: center;\">Di\u00e1metro m\u00e1ximo de la pieza de trabajo: 250 mm<\/li>\n<li class=\"label\" style=\"text-align: center;\">Di\u00e1metro de la rosca: m\u00edn. 2 mm \u2013 m\u00e1x. 250 mm<\/li>\n<li class=\"label\" style=\"text-align: center;\">Di\u00e1metro interior del husillo de la pieza de trabajo: 45 mm<\/li>\n<li class=\"label\" style=\"text-align: center;\">Peso m\u00e1ximo de la pieza de trabajo en los centros: 200 kg<\/li>\n<li class=\"label\" style=\"text-align: center;\">Paso de rosca: m\u00edn. 0,3 mm \u2013 m\u00e1x. 100 mm<\/li>\n<li class=\"label\" style=\"text-align: center;\">\u00c1ngulo de inclinaci\u00f3n m\u00e1ximo +40\u00b0<\/li>\n<li class=\"label\" style=\"text-align: center;\">\u00c1ngulo de inclinaci\u00f3n m\u00e1ximo: -40\u00b0<\/li>\n<li class=\"label\" style=\"text-align: center;\">M\u00f3dulo m\u00e1x.: 10<\/li>\n<li class=\"label\" style=\"text-align: center;\">Muelas abrasivas:<\/li>\n<li class=\"label\" style=\"text-align: center;\">Di\u00e1metro: m\u00edn. 280 mm \u2013 m\u00e1x. 350 mm<\/li>\n<li class=\"label\" style=\"text-align: center;\">Ancho: m\u00edn. 3,5 \u2013 m\u00e1x. 40 mm<\/li>\n<li class=\"label\" style=\"text-align: center;\">Di\u00e1metro interior: 40 mm<\/li>\n<li class=\"label\" style=\"text-align: center;\">Velocidad de la muela abrasiva: desde 1700 rpm hasta 2540 rpm<\/li>\n<li class=\"label\" style=\"text-align: center;\">Velocidad del cabezal del husillo de la pieza de trabajo: desde 0,4 rpm hasta 160 rpm<\/li>\n<li class=\"label\" style=\"text-align: center;\">Voltaje 50 Hz 3x: 380 voltios<\/li>\n<li class=\"label\" style=\"text-align: center;\">Motor del husillo de rectificado: 4,4 kW<\/li>\n<li class=\"label\" style=\"text-align: center;\">Potencia total requerida: 15 kVA<\/li>\n<li class=\"label\" style=\"text-align: center;\">Peso de la m\u00e1quina aproximadamente: 4700 kg<\/li>\n<\/ul>\n<\/div>\n<div class=\"datapackage\" style=\"text-align: center;\">\n<div class=\"label\">Varios accesorios:<\/div>\n<div class=\"value\">Sistema de refrigeraci\u00f3n<\/div>\n<\/div>\n<div class=\"datapackage\" style=\"text-align: center;\">\n<div class=\"value\">Juego de muelas abrasivas<\/div>\n<\/div>\n<div class=\"datapackage\" style=\"text-align: center;\">\n<div class=\"value\">Juego de bridas<\/div>\n<\/div>\n<div class=\"datapackage\" style=\"text-align: center;\">\n<div class=\"value\">Centrado autom\u00e1tico de perfiles y ruedas<\/div>\n<\/div>\n<div class=\"datapackage\" style=\"text-align: center;\">\n<div class=\"value\">Dispositivo de reencauzamiento de ray\u00f3n + triturador<\/div>\n<\/div>\n<div class=\"datapackage\" style=\"text-align: center;\">\n<div class=\"value\">Viajando estable<\/div>\n<\/div>\n<div class=\"datapackage\" style=\"text-align: center;\">\n<div class=\"value\">Conjunto de engranajes<\/div>\n<\/div>\n<div class=\"datapackage\" style=\"text-align: center;\">\n<div class=\"value\">Conjunto de cente<\/div>\n<\/div>\n<p style=\"text-align: center;\"><b>Otra informaci\u00f3n:<\/b><\/p>\n<p class=\"p1\" style=\"text-align: center;\">La m\u00e1quina est\u00e1 en perfecto estado de funcionamiento, completa en todas sus piezas y accesorios.<\/p>\n <\/div>\n\t\t\t<\/div> \n\t\t<\/div>\n\t<\/div> \n\n\t<div  class=\"vc_col-sm-4 wpb_column column_container vc_column_container col no-extra-padding inherit_tablet inherit_phone\"  data-padding-pos=\"all\" data-has-bg-color=\"false\" data-bg-color=\"\" data-bg-opacity=\"1\" data-animation=\"\" data-delay=\"0\" >\n\t\t<div class=\"vc_column-inner\" >\n\t\t\t<div class=\"wpb_wrapper\">\n\t\t\t\t\n\t\t\t<\/div> \n\t\t<\/div>\n\t<\/div> \n<\/div><\/div>","protected":false},"excerpt":{"rendered":"<p>Aqu\u00ed est\u00e1 nuestra <strong>RECTIFICADORA DE ROSCAS<\/strong>, se encuentra en perfectas condiciones de funcionamiento,<\/p>\n<p>Para cualquier informaci\u00f3n estamos a su completa disposici\u00f3n.<\/p>","protected":false},"featured_media":11719,"comment_status":"closed","ping_status":"closed","template":"","meta":[],"product_brand":[],"product_cat":[464],"product_tag":[1307,825],"class_list":{"0":"post-11715","1":"product","2":"type-product","3":"status-publish","4":"has-post-thumbnail","6":"product_cat-thread-and-worm-grinding-machines","7":"product_tag-reishsuer-us","8":"product_tag-thread-grinding","9":"pa_luogo-india","11":"first","12":"instock","13":"shipping-taxable","14":"product-type-simple"},"_links":{"self":[{"href":"https:\/\/www.laxmiusedmachine.com\/es\/wp-json\/wp\/v2\/product\/11715","targetHints":{"allow":["GET"]}}],"collection":[{"href":"https:\/\/www.laxmiusedmachine.com\/es\/wp-json\/wp\/v2\/product"}],"about":[{"href":"https:\/\/www.laxmiusedmachine.com\/es\/wp-json\/wp\/v2\/types\/product"}],"replies":[{"embeddable":true,"href":"https:\/\/www.laxmiusedmachine.com\/es\/wp-json\/wp\/v2\/comments?post=11715"}],"wp:featuredmedia":[{"embeddable":true,"href":"https:\/\/www.laxmiusedmachine.com\/es\/wp-json\/wp\/v2\/media\/11719"}],"wp:attachment":[{"href":"https:\/\/www.laxmiusedmachine.com\/es\/wp-json\/wp\/v2\/media?parent=11715"}],"wp:term":[{"taxonomy":"product_brand","embeddable":true,"href":"https:\/\/www.laxmiusedmachine.com\/es\/wp-json\/wp\/v2\/product_brand?post=11715"},{"taxonomy":"product_cat","embeddable":true,"href":"https:\/\/www.laxmiusedmachine.com\/es\/wp-json\/wp\/v2\/product_cat?post=11715"},{"taxonomy":"product_tag","embeddable":true,"href":"https:\/\/www.laxmiusedmachine.com\/es\/wp-json\/wp\/v2\/product_tag?post=11715"}],"curies":[{"name":"wp","href":"https:\/\/api.w.org\/{rel}","templated":true}]}}