{"id":11698,"date":"2024-11-30T11:43:30","date_gmt":"2024-11-30T11:43:30","guid":{"rendered":"https:\/\/www.laxmiusedmachine.com\/?post_type=product&#038;p=11698"},"modified":"2025-01-30T10:18:33","modified_gmt":"2025-01-30T10:18:33","slug":"gear-grinder-wmw-niles-zstz-16","status":"publish","type":"product","link":"https:\/\/www.laxmiusedmachine.com\/es\/prodotto\/gear-grinder-wmw-niles-zstz-16\/","title":{"rendered":"RECTIFICADORA DE ENGRANAJES, WMW NILES \u2013 ZSTZ 16"},"content":{"rendered":"<div id=\"fws_69e14790ca395\"  data-column-margin=\"default\" data-midnight=\"dark\"  class=\"wpb_row vc_row-fluid vc_row\"  style=\"padding-top: 0px; padding-bottom: 0px; \"><div class=\"row-bg-wrap\" data-bg-animation=\"none\" data-bg-animation-delay=\"\" data-bg-overlay=\"false\"><div class=\"inner-wrap row-bg-layer\" ><div class=\"row-bg viewport-desktop\"  style=\"\"><\/div><\/div><\/div><div class=\"row_col_wrap_12 col span_12 dark left\">\n\t<div  class=\"vc_col-sm-4 wpb_column column_container vc_column_container col no-extra-padding inherit_tablet inherit_phone\"  data-padding-pos=\"all\" data-has-bg-color=\"false\" data-bg-color=\"\" data-bg-opacity=\"1\" data-animation=\"\" data-delay=\"0\" >\n\t\t<div class=\"vc_column-inner\" >\n\t\t\t<div class=\"wpb_wrapper\">\n\t\t\t\t\n\t\t\t<\/div> \n\t\t<\/div>\n\t<\/div> \n\n\t<div  class=\"vc_col-sm-4 wpb_column column_container vc_column_container col no-extra-padding inherit_tablet inherit_phone\"  data-padding-pos=\"all\" data-has-bg-color=\"false\" data-bg-color=\"\" data-bg-opacity=\"1\" data-animation=\"\" data-delay=\"0\" >\n\t\t<div class=\"vc_column-inner\" >\n\t\t\t<div class=\"wpb_wrapper\">\n\t\t\t\t<div class=\"nectar-fancy-ul\" data-list-icon=\"linecon-icon-settings\" data-animation=\"false\" data-animation-delay=\"0\" data-color=\"accent-color\" data-spacing=\"default\" data-alignment=\"left\"> \n<p style=\"text-align: center;\"><strong>RECTIFICADORA DE ENGRANAJES<\/strong><\/p>\n<ul style=\"text-align: center;\">\n<li><strong>Hacer:<\/strong> Mujer hermosa Niles<\/li>\n<li><strong>Modelo:<\/strong> ZSTZ 16<\/li>\n<li><strong>Di\u00e1metro m\u00e1ximo del engranaje:<\/strong> 1600mm<\/li>\n<li><strong>M\u00f3dulo m\u00e1ximo:<\/strong> 30<\/li>\n<\/ul>\n<p style=\"text-align: center;\"><strong>Otras informaciones:<\/strong><br \/>\nLa m\u00e1quina est\u00e1 en excelentes condiciones y est\u00e1 completa en todas sus partes y accesorios.<br \/>\n<strong>En particular, est\u00e1 equipado con todas las marchas de cambio.<br \/>\n<\/strong><strong>(tal como se muestra en las im\u00e1genes)<\/strong><\/p>\n <\/div>\n\t\t\t<\/div> \n\t\t<\/div>\n\t<\/div> \n\n\t<div  class=\"vc_col-sm-4 wpb_column column_container vc_column_container col no-extra-padding inherit_tablet inherit_phone\"  data-padding-pos=\"all\" data-has-bg-color=\"false\" data-bg-color=\"\" data-bg-opacity=\"1\" data-animation=\"\" data-delay=\"0\" >\n\t\t<div class=\"vc_column-inner\" >\n\t\t\t<div class=\"wpb_wrapper\">\n\t\t\t\t\n\t\t\t<\/div> \n\t\t<\/div>\n\t<\/div> \n<\/div><\/div>","protected":false},"excerpt":{"rendered":"<p>Aqu\u00ed est\u00e1 nuestro <strong>RECTIFICADORA DE ENGRANAJES.<\/strong><\/p>\n<p>Esta en excelente estado, para cualquier mayor informaci\u00f3n estamos a su disposici\u00f3n!<\/p>","protected":false},"featured_media":11710,"comment_status":"closed","ping_status":"closed","template":"","meta":[],"product_brand":[],"product_cat":[26],"product_tag":[165,522,523,222,1306],"class_list":{"0":"post-11698","1":"product","2":"type-product","3":"status-publish","4":"has-post-thumbnail","6":"product_cat-gear-grinding-machines","7":"product_tag-gear-grinder","8":"product_tag-niles","9":"product_tag-rettifica-ingranaggi","10":"product_tag-wmw","11":"product_tag-zstz-16","12":"pa_luogo-italia","14":"first","15":"instock","16":"shipping-taxable","17":"product-type-simple"},"_links":{"self":[{"href":"https:\/\/www.laxmiusedmachine.com\/es\/wp-json\/wp\/v2\/product\/11698","targetHints":{"allow":["GET"]}}],"collection":[{"href":"https:\/\/www.laxmiusedmachine.com\/es\/wp-json\/wp\/v2\/product"}],"about":[{"href":"https:\/\/www.laxmiusedmachine.com\/es\/wp-json\/wp\/v2\/types\/product"}],"replies":[{"embeddable":true,"href":"https:\/\/www.laxmiusedmachine.com\/es\/wp-json\/wp\/v2\/comments?post=11698"}],"wp:featuredmedia":[{"embeddable":true,"href":"https:\/\/www.laxmiusedmachine.com\/es\/wp-json\/wp\/v2\/media\/11710"}],"wp:attachment":[{"href":"https:\/\/www.laxmiusedmachine.com\/es\/wp-json\/wp\/v2\/media?parent=11698"}],"wp:term":[{"taxonomy":"product_brand","embeddable":true,"href":"https:\/\/www.laxmiusedmachine.com\/es\/wp-json\/wp\/v2\/product_brand?post=11698"},{"taxonomy":"product_cat","embeddable":true,"href":"https:\/\/www.laxmiusedmachine.com\/es\/wp-json\/wp\/v2\/product_cat?post=11698"},{"taxonomy":"product_tag","embeddable":true,"href":"https:\/\/www.laxmiusedmachine.com\/es\/wp-json\/wp\/v2\/product_tag?post=11698"}],"curies":[{"name":"wp","href":"https:\/\/api.w.org\/{rel}","templated":true}]}}