{"id":11433,"date":"2024-09-09T07:48:21","date_gmt":"2024-09-09T07:48:21","guid":{"rendered":"https:\/\/www.laxmiusedmachine.com\/?post_type=product&#038;p=11433"},"modified":"2024-12-16T09:00:38","modified_gmt":"2024-12-16T09:00:38","slug":"cnc-thread-and-worm-grinding-machine-klingelnberg-hss-33a","status":"publish","type":"product","link":"https:\/\/www.laxmiusedmachine.com\/es\/prodotto\/cnc-thread-and-worm-grinding-machine-klingelnberg-hss-33a\/","title":{"rendered":"RECTIFICADORA DE ROSCAS Y SINFIN CNC, KLINGELNBERG \u2013 HSS 33A"},"content":{"rendered":"<div id=\"fws_69eb40c5d0c2f\"  data-column-margin=\"default\" data-midnight=\"dark\"  class=\"wpb_row vc_row-fluid vc_row\"  style=\"padding-top: 0px; padding-bottom: 0px; \"><div class=\"row-bg-wrap\" data-bg-animation=\"none\" data-bg-animation-delay=\"\" data-bg-overlay=\"false\"><div class=\"inner-wrap row-bg-layer\" ><div class=\"row-bg viewport-desktop\"  style=\"\"><\/div><\/div><\/div><div class=\"row_col_wrap_12 col span_12 dark left\">\n\t<div  class=\"vc_col-sm-4 wpb_column column_container vc_column_container col no-extra-padding inherit_tablet inherit_phone\"  data-padding-pos=\"all\" data-has-bg-color=\"false\" data-bg-color=\"\" data-bg-opacity=\"1\" data-animation=\"\" data-delay=\"0\" >\n\t\t<div class=\"vc_column-inner\" >\n\t\t\t<div class=\"wpb_wrapper\">\n\t\t\t\t\n\t\t\t<\/div> \n\t\t<\/div>\n\t<\/div> \n\n\t<div  class=\"vc_col-sm-4 wpb_column column_container vc_column_container col no-extra-padding inherit_tablet inherit_phone\"  data-padding-pos=\"all\" data-has-bg-color=\"false\" data-bg-color=\"\" data-bg-opacity=\"1\" data-animation=\"\" data-delay=\"0\" >\n\t\t<div class=\"vc_column-inner\" >\n\t\t\t<div class=\"wpb_wrapper\">\n\t\t\t\t<div class=\"nectar-fancy-ul\" data-list-icon=\"linecon-icon-settings\" data-animation=\"false\" data-animation-delay=\"0\" data-color=\"accent-color\" data-spacing=\"default\" data-alignment=\"left\"> \n<p style=\"text-align: center;\"><em><strong>RECTIFICADORA DE ROSCAS Y SINFINES CNC<\/strong><\/em><\/p>\n<ul style=\"text-align: center;\">\n<li><em><strong>Marca: Klingelnberg<\/strong><\/em><\/li>\n<li><em><strong>Modelo: HSS 33A<\/strong><\/em><\/li>\n<li><em><strong>A\u00f1o de nacimiento: 2007<\/strong><\/em><\/li>\n<li><em><strong>CNC: Siemens 840D<\/strong><\/em><\/li>\n<li>M\u00f3dulo: 20<\/li>\n<li>Longitud de la pieza de trabajo: 10 \u2013 600 mm<\/li>\n<li>Di\u00e1metro de la pieza de trabajo: 30 \u2013 250 mm<\/li>\n<li>Recorrido del eje Z (pieza de trabajo): 600 mm<\/li>\n<li>Recorrido del eje X (muela): 200 mm<\/li>\n<li>Recorrido del eje W (reparador): 80 mm<\/li>\n<li>Recorrido del eje U (adaptador): 130 mm<\/li>\n<li>Inclinaci\u00f3n m\u00e1xima del cabezal de la rueda: \u00b145\u00b0<\/li>\n<li>Di\u00e1metro m\u00e1ximo de la rueda: 450 mm<\/li>\n<\/ul>\n<p style=\"text-align: center;\">Otras informaciones:<\/p>\n<p style=\"text-align: center;\">La m\u00e1quina est\u00e1 en excelentes condiciones y est\u00e1 completa en todas sus partes y accesorios.<\/p>\n <\/div>\n\t\t\t<\/div> \n\t\t<\/div>\n\t<\/div> \n\n\t<div  class=\"vc_col-sm-4 wpb_column column_container vc_column_container col no-extra-padding inherit_tablet inherit_phone\"  data-padding-pos=\"all\" data-has-bg-color=\"false\" data-bg-color=\"\" data-bg-opacity=\"1\" data-animation=\"\" data-delay=\"0\" >\n\t\t<div class=\"vc_column-inner\" >\n\t\t\t<div class=\"wpb_wrapper\">\n\t\t\t\t\n\t\t\t<\/div> \n\t\t<\/div>\n\t<\/div> \n<\/div><\/div>","protected":false},"excerpt":{"rendered":"<p>Aqu\u00ed est\u00e1 nuestra <strong>RECTIFICADORA DE ROSCAS Y SINFINES CNC.<\/strong><\/p>\n<p>Se encuentra en excelentes condiciones de funcionamiento, para cualquier informaci\u00f3n estamos a su disposici\u00f3n.<\/p>","protected":false},"featured_media":11434,"comment_status":"closed","ping_status":"closed","template":"","meta":[],"product_brand":[],"product_cat":[464],"product_tag":[1287,549,551,1286,825,552],"class_list":{"0":"post-11433","1":"product","2":"type-product","3":"status-publish","4":"has-post-thumbnail","6":"product_cat-thread-and-worm-grinding-machines","7":"product_tag-cnc-thread-grinding","8":"product_tag-cnc-thread-milling","9":"product_tag-filettatrice","10":"product_tag-klingelnberg-hss-33a","11":"product_tag-thread-grinding","12":"product_tag-thread-milling","13":"pa_luogo-italia","15":"first","16":"instock","17":"shipping-taxable","18":"product-type-simple"},"_links":{"self":[{"href":"https:\/\/www.laxmiusedmachine.com\/es\/wp-json\/wp\/v2\/product\/11433","targetHints":{"allow":["GET"]}}],"collection":[{"href":"https:\/\/www.laxmiusedmachine.com\/es\/wp-json\/wp\/v2\/product"}],"about":[{"href":"https:\/\/www.laxmiusedmachine.com\/es\/wp-json\/wp\/v2\/types\/product"}],"replies":[{"embeddable":true,"href":"https:\/\/www.laxmiusedmachine.com\/es\/wp-json\/wp\/v2\/comments?post=11433"}],"wp:featuredmedia":[{"embeddable":true,"href":"https:\/\/www.laxmiusedmachine.com\/es\/wp-json\/wp\/v2\/media\/11434"}],"wp:attachment":[{"href":"https:\/\/www.laxmiusedmachine.com\/es\/wp-json\/wp\/v2\/media?parent=11433"}],"wp:term":[{"taxonomy":"product_brand","embeddable":true,"href":"https:\/\/www.laxmiusedmachine.com\/es\/wp-json\/wp\/v2\/product_brand?post=11433"},{"taxonomy":"product_cat","embeddable":true,"href":"https:\/\/www.laxmiusedmachine.com\/es\/wp-json\/wp\/v2\/product_cat?post=11433"},{"taxonomy":"product_tag","embeddable":true,"href":"https:\/\/www.laxmiusedmachine.com\/es\/wp-json\/wp\/v2\/product_tag?post=11433"}],"curies":[{"name":"wp","href":"https:\/\/api.w.org\/{rel}","templated":true}]}}