{"id":11420,"date":"2024-09-06T14:45:08","date_gmt":"2024-09-06T14:45:08","guid":{"rendered":"https:\/\/www.laxmiusedmachine.com\/?post_type=product&#038;p=11420"},"modified":"2024-12-08T11:17:21","modified_gmt":"2024-12-08T11:17:21","slug":"5-axis-vertical-machining-center-cb-ferrari-a17","status":"publish","type":"product","link":"https:\/\/www.laxmiusedmachine.com\/es\/prodotto\/5-axis-vertical-machining-center-cb-ferrari-a17\/","title":{"rendered":"CENTRO DE MECANIZADO VERTICAL DE 5 EJES, CB FERRARI \u2013 A17"},"content":{"rendered":"<div id=\"fws_69f390cf5b04c\"  data-column-margin=\"default\" data-midnight=\"dark\"  class=\"wpb_row vc_row-fluid vc_row\"  style=\"padding-top: 0px; padding-bottom: 0px; \"><div class=\"row-bg-wrap\" data-bg-animation=\"none\" data-bg-animation-delay=\"\" data-bg-overlay=\"false\"><div class=\"inner-wrap row-bg-layer\" ><div class=\"row-bg viewport-desktop\"  style=\"\"><\/div><\/div><\/div><div class=\"row_col_wrap_12 col span_12 dark left\">\n\t<div  class=\"vc_col-sm-4 wpb_column column_container vc_column_container col no-extra-padding inherit_tablet inherit_phone\"  data-padding-pos=\"all\" data-has-bg-color=\"false\" data-bg-color=\"\" data-bg-opacity=\"1\" data-animation=\"\" data-delay=\"0\" >\n\t\t<div class=\"vc_column-inner\" >\n\t\t\t<div class=\"wpb_wrapper\">\n\t\t\t\t\n\t\t\t<\/div> \n\t\t<\/div>\n\t<\/div> \n\n\t<div  class=\"vc_col-sm-4 wpb_column column_container vc_column_container col no-extra-padding inherit_tablet inherit_phone\"  data-padding-pos=\"all\" data-has-bg-color=\"false\" data-bg-color=\"\" data-bg-opacity=\"1\" data-animation=\"\" data-delay=\"0\" >\n\t\t<div class=\"vc_column-inner\" >\n\t\t\t<div class=\"wpb_wrapper\">\n\t\t\t\t\n<div class=\"wpb_text_column wpb_content_element\" >\n\t<div class=\"wpb_wrapper\">\n\t\t<div class=\"page\" title=\"P\u00e1gina 1\">\n<div class=\"section\">\n<div class=\"layoutArea\">\n<div class=\"column\">\n<ul>\n<li style=\"text-align: center;\"><strong><em>CENTRO DE MECANIZADO VERTICAL DE 5 EJES<\/em><\/strong><\/li>\n<\/ul>\n<\/div>\n<\/div>\n<div class=\"section\">\n<div class=\"layoutArea\" style=\"text-align: center;\">\n<div class=\"column\">\n<ul>\n<li><strong><em>Marca: CB FERRARI<\/em><\/strong><\/li>\n<li><strong><em>Modelo: A17<\/em><\/strong><\/li>\n<\/ul>\n<\/div>\n<\/div>\n<div class=\"layoutArea\" style=\"text-align: center;\">\n<div class=\"column\"><\/div>\n<\/div>\n<div class=\"layoutArea\" style=\"text-align: center;\">\n<div class=\"column\"><\/div>\n<\/div>\n<div class=\"layoutArea\" style=\"text-align: center;\">\n<div class=\"column\">\n<ul>\n<li>\n<div class=\"field field--name-field-proprieta-macchina field--type-entity-reference field--label-hidden field__item\">CNC: ELEXA E520D<\/div>\n<\/li>\n<\/ul>\n<\/div>\n<\/div>\n<div class=\"layoutArea\" style=\"text-align: center;\">\n<div class=\"column\">\n<div class=\"field__item\">\n<div class=\"paragraph paragraph--type--proprieta-macchina paragraph--view-mode--default\">\n<ul>\n<li class=\"field field--name-field-proprieta-macchina field--type-entity-reference field--label-hidden field__item\">Eje X: <span class=\"original\">1050 <span class=\"um\">mil\u00edmetro<\/span><\/span><\/li>\n<li class=\"field field--name-field-proprieta-macchina field--type-entity-reference field--label-hidden field__item\">Eje Z: <span class=\"original\">420 <span class=\"um\">mil\u00edmetro<\/span><\/span><\/li>\n<li class=\"field field--name-field-proprieta-macchina field--type-entity-reference field--label-hidden field__item\">Eje Y: <span class=\"original\">520 <span class=\"um\">mil\u00edmetro<\/span><\/span><\/li>\n<li class=\"field field--name-field-proprieta-macchina field--type-entity-reference field--label-hidden field__item\">\u00a0Eje A (cabezal): +\/- 90 <span class=\"um\">\u00b0<\/span><\/li>\n<\/ul>\n<\/div>\n<\/div>\n<div class=\"field__item\">\n<div>Husillo:<\/div>\n<ul>\n<li>Potencia del husillo 24 Kw<\/li>\n<li>Velocidad de rotaci\u00f3n 18.000 Rpm<\/li>\n<li>Par motor 80 Nm<\/li>\n<li>Cono ISO40<\/li>\n<li>Notas Rodamientos de bolas de cer\u00e1mica, lubricaci\u00f3n con grasa, refrigeraci\u00f3n l\u00edquida<\/li>\n<li>Refrigerante interno 20 Bar<\/li>\n<\/ul>\n<div class=\"field__item\">\n<div class=\"paragraph paragraph--type--proprieta-macchina paragraph--view-mode--default\">\n<ul>\n<li class=\"field field--name-field-proprieta-macchina field--type-entity-reference field--label-hidden field__item\">Rapid X: <span class=\"original\">25 <span class=\"um\">m\/min<\/span><\/span><\/li>\n<li class=\"field field--name-field-proprieta-macchina field--type-entity-reference field--label-hidden field__item\">Y r\u00e1pida: <span class=\"original\">25 <span class=\"um\">m\/min<\/span><\/span><\/li>\n<li class=\"field field--name-field-proprieta-macchina field--type-entity-reference field--label-hidden field__item\">Z r\u00e1pido: <span class=\"original\">25 <span class=\"um\">m\/min<\/span><\/span><\/li>\n<li>Cargador de herramientas: ATC30<\/li>\n<\/ul>\n<\/div>\n<\/div>\n<\/div>\n<\/div>\n<\/div>\n<\/div>\n<\/div>\n<\/div>\n\t<\/div>\n<\/div>\n\n\n\n\n\t\t\t<\/div> \n\t\t<\/div>\n\t<\/div> \n\n\t<div  class=\"vc_col-sm-4 wpb_column column_container vc_column_container col no-extra-padding inherit_tablet inherit_phone\"  data-padding-pos=\"all\" data-has-bg-color=\"false\" data-bg-color=\"\" data-bg-opacity=\"1\" data-animation=\"\" data-delay=\"0\" >\n\t\t<div class=\"vc_column-inner\" >\n\t\t\t<div class=\"wpb_wrapper\">\n\t\t\t\t\n\t\t\t<\/div> \n\t\t<\/div>\n\t<\/div> \n<\/div><\/div>","protected":false},"excerpt":{"rendered":"<p>Aqu\u00ed est\u00e1n nuestros 5<strong>\u00a0CENTRO DE MECANIZADO VERTICAL DE EJES.<br \/>\n<\/strong>Esta en excelente estado, para cualquier mayor informaci\u00f3n estamos a su disposici\u00f3n!<\/p>","protected":false},"featured_media":11422,"comment_status":"closed","ping_status":"closed","template":"","meta":[],"product_brand":[],"product_cat":[42],"product_tag":[1273,1285,161],"class_list":{"0":"post-11420","1":"product","2":"type-product","3":"status-publish","4":"has-post-thumbnail","6":"product_cat-vertical-horizontal-machining-centers","7":"product_tag-5-axis-vmc","8":"product_tag-cb-ferrari","9":"product_tag-centro-di-lavoro","10":"pa_luogo-italia","12":"first","13":"instock","14":"shipping-taxable","15":"product-type-simple"},"_links":{"self":[{"href":"https:\/\/www.laxmiusedmachine.com\/es\/wp-json\/wp\/v2\/product\/11420","targetHints":{"allow":["GET"]}}],"collection":[{"href":"https:\/\/www.laxmiusedmachine.com\/es\/wp-json\/wp\/v2\/product"}],"about":[{"href":"https:\/\/www.laxmiusedmachine.com\/es\/wp-json\/wp\/v2\/types\/product"}],"replies":[{"embeddable":true,"href":"https:\/\/www.laxmiusedmachine.com\/es\/wp-json\/wp\/v2\/comments?post=11420"}],"wp:featuredmedia":[{"embeddable":true,"href":"https:\/\/www.laxmiusedmachine.com\/es\/wp-json\/wp\/v2\/media\/11422"}],"wp:attachment":[{"href":"https:\/\/www.laxmiusedmachine.com\/es\/wp-json\/wp\/v2\/media?parent=11420"}],"wp:term":[{"taxonomy":"product_brand","embeddable":true,"href":"https:\/\/www.laxmiusedmachine.com\/es\/wp-json\/wp\/v2\/product_brand?post=11420"},{"taxonomy":"product_cat","embeddable":true,"href":"https:\/\/www.laxmiusedmachine.com\/es\/wp-json\/wp\/v2\/product_cat?post=11420"},{"taxonomy":"product_tag","embeddable":true,"href":"https:\/\/www.laxmiusedmachine.com\/es\/wp-json\/wp\/v2\/product_tag?post=11420"}],"curies":[{"name":"wp","href":"https:\/\/api.w.org\/{rel}","templated":true}]}}