{"id":1114,"date":"2020-08-16T11:49:12","date_gmt":"2020-08-16T11:49:12","guid":{"rendered":"https:\/\/www.laxmiusedmachine.com\/?post_type=product&#038;p=1114"},"modified":"2023-07-11T15:06:56","modified_gmt":"2023-07-11T15:06:56","slug":"automatic-bendsaw-with-roller-conveyor-bianco-350","status":"publish","type":"product","link":"https:\/\/www.laxmiusedmachine.com\/es\/prodotto\/automatic-bendsaw-with-roller-conveyor-bianco-350\/","title":{"rendered":"SIERRA CURVADORA AUTOM\u00c1TICA con TRANSPORTADOR DE RODILLOS, BIANCO - 350"},"content":{"rendered":"<div id=\"fws_69e16a1dcb699\"  data-column-margin=\"default\" data-midnight=\"dark\"  class=\"wpb_row vc_row-fluid vc_row\"  style=\"padding-top: 0px; padding-bottom: 0px; \"><div class=\"row-bg-wrap\" data-bg-animation=\"none\" data-bg-animation-delay=\"\" data-bg-overlay=\"false\"><div class=\"inner-wrap row-bg-layer\" ><div class=\"row-bg viewport-desktop\"  style=\"\"><\/div><\/div><\/div><div class=\"row_col_wrap_12 col span_12 dark left\">\n\t<div  class=\"vc_col-sm-4 wpb_column column_container vc_column_container col no-extra-padding inherit_tablet inherit_phone\"  data-padding-pos=\"all\" data-has-bg-color=\"false\" data-bg-color=\"\" data-bg-opacity=\"1\" data-animation=\"\" data-delay=\"0\" >\n\t\t<div class=\"vc_column-inner\" >\n\t\t\t<div class=\"wpb_wrapper\">\n\t\t\t\t\n\t\t\t<\/div> \n\t\t<\/div>\n\t<\/div> \n\n\t<div  class=\"vc_col-sm-4 wpb_column column_container vc_column_container col no-extra-padding inherit_tablet inherit_phone\"  data-padding-pos=\"all\" data-has-bg-color=\"false\" data-bg-color=\"\" data-bg-opacity=\"1\" data-animation=\"\" data-delay=\"0\" >\n\t\t<div class=\"vc_column-inner\" >\n\t\t\t<div class=\"wpb_wrapper\">\n\t\t\t\t<div class=\"nectar-fancy-ul\" data-list-icon=\"linecon-icon-settings\" data-animation=\"false\" data-animation-delay=\"0\" data-color=\"accent-color\" data-spacing=\"default\" data-alignment=\"left\"> \n<p style=\"text-align: center;\"><span style=\"color: #008000;\"><em><strong>SIERRA CURVADORA AUTOM\u00c1TICA\u00a0<\/strong><\/em><\/span><\/p>\n<ul>\n<li style=\"text-align: center;\"><span style=\"color: #008000;\">Hacer: BIANCO<\/span><\/li>\n<li style=\"text-align: center;\"><span style=\"color: #008000;\">Modificaci\u00f3n. 350.<\/span><\/li>\n<\/ul>\n<p style=\"text-align: center;\"><strong>Capacidad de corte:<\/strong><\/p>\n<ul>\n<li style=\"text-align: center;\">\u00a0Secci\u00f3n circular m\u00e1xima: 260 mm.<\/li>\n<li style=\"text-align: center;\">\u00a0Max. Secci\u00f3n cuadrada: 220 mm.<\/li>\n<li style=\"text-align: center;\">\u00a0Max. Secci\u00f3n rectangular: 300 x 200 mm.<\/li>\n<li style=\"text-align: center;\">Apertura del tornillo de banco: 355 mm.<\/li>\n<li style=\"text-align: center;\">Transportador de rodillos m\u00e1x. recorrido: 2000 mm.<\/li>\n<li style=\"text-align: center;\">\u00c1ngulo de corte: de 45 \u00b0 a la izquierda a 60 \u00b0 a la derecha.<\/li>\n<li style=\"text-align: center;\">Potencia motor: 1,4 kW.<\/li>\n<li style=\"text-align: center;\">Velocidad de corte ajustable: 20 - 100 mm \/ min.<\/li>\n<\/ul>\n <\/div>\n\t\t\t<\/div> \n\t\t<\/div>\n\t<\/div> \n\n\t<div  class=\"vc_col-sm-4 wpb_column column_container vc_column_container col no-extra-padding inherit_tablet inherit_phone\"  data-padding-pos=\"all\" data-has-bg-color=\"false\" data-bg-color=\"\" data-bg-opacity=\"1\" data-animation=\"\" data-delay=\"0\" >\n\t\t<div class=\"vc_column-inner\" >\n\t\t\t<div class=\"wpb_wrapper\">\n\t\t\t\t\n\t\t\t<\/div> \n\t\t<\/div>\n\t<\/div> \n<\/div><\/div>","protected":false},"excerpt":{"rendered":"<p>Aqu\u00ed est\u00e1 nuestro <strong>M\u00c1QUINA DE SIERRA CURVADORA AUTOM\u00c1TICA<\/strong><\/p>\n<p>Se encuentra en excelentes condiciones de funcionamiento, para cualquier informaci\u00f3n estamos a su disposici\u00f3n.<\/p>","protected":false},"featured_media":1115,"comment_status":"closed","ping_status":"closed","template":"","meta":[],"product_brand":[],"product_cat":[50],"product_tag":[330,327,329,328,331,332],"class_list":{"0":"post-1114","1":"product","2":"type-product","3":"status-publish","4":"has-post-thumbnail","6":"product_cat-cutting-machines","7":"product_tag-330","8":"product_tag-bendsaw","9":"product_tag-bianco","10":"product_tag-roller-coveyor","11":"product_tag-segatrice","12":"product_tag-segatrice-bianco","13":"pa_luogo-india","15":"first","16":"instock","17":"shipping-taxable","18":"product-type-simple"},"_links":{"self":[{"href":"https:\/\/www.laxmiusedmachine.com\/es\/wp-json\/wp\/v2\/product\/1114","targetHints":{"allow":["GET"]}}],"collection":[{"href":"https:\/\/www.laxmiusedmachine.com\/es\/wp-json\/wp\/v2\/product"}],"about":[{"href":"https:\/\/www.laxmiusedmachine.com\/es\/wp-json\/wp\/v2\/types\/product"}],"replies":[{"embeddable":true,"href":"https:\/\/www.laxmiusedmachine.com\/es\/wp-json\/wp\/v2\/comments?post=1114"}],"wp:featuredmedia":[{"embeddable":true,"href":"https:\/\/www.laxmiusedmachine.com\/es\/wp-json\/wp\/v2\/media\/1115"}],"wp:attachment":[{"href":"https:\/\/www.laxmiusedmachine.com\/es\/wp-json\/wp\/v2\/media?parent=1114"}],"wp:term":[{"taxonomy":"product_brand","embeddable":true,"href":"https:\/\/www.laxmiusedmachine.com\/es\/wp-json\/wp\/v2\/product_brand?post=1114"},{"taxonomy":"product_cat","embeddable":true,"href":"https:\/\/www.laxmiusedmachine.com\/es\/wp-json\/wp\/v2\/product_cat?post=1114"},{"taxonomy":"product_tag","embeddable":true,"href":"https:\/\/www.laxmiusedmachine.com\/es\/wp-json\/wp\/v2\/product_tag?post=1114"}],"curies":[{"name":"wp","href":"https:\/\/api.w.org\/{rel}","templated":true}]}}