{"id":1076,"date":"2020-08-16T10:16:04","date_gmt":"2020-08-16T10:16:04","guid":{"rendered":"https:\/\/www.laxmiusedmachine.com\/?post_type=product&#038;p=1076"},"modified":"2023-07-11T15:06:58","modified_gmt":"2023-07-11T15:06:58","slug":"rack-milling-machine-with-plc-knapp-uzfm","status":"publish","type":"product","link":"https:\/\/www.laxmiusedmachine.com\/es\/prodotto\/rack-milling-machine-with-plc-knapp-uzfm\/","title":{"rendered":"FRESADORA DE CREMALLERA, KNAPP - UZFM"},"content":{"rendered":"<div id=\"fws_6a039c042b04a\"  data-column-margin=\"default\" data-midnight=\"dark\"  class=\"wpb_row vc_row-fluid vc_row\"  style=\"padding-top: 0px; padding-bottom: 0px; \"><div class=\"row-bg-wrap\" data-bg-animation=\"none\" data-bg-animation-delay=\"\" data-bg-overlay=\"false\"><div class=\"inner-wrap row-bg-layer\" ><div class=\"row-bg viewport-desktop\"  style=\"\"><\/div><\/div><\/div><div class=\"row_col_wrap_12 col span_12 dark left\">\n\t<div  class=\"vc_col-sm-4 wpb_column column_container vc_column_container col no-extra-padding inherit_tablet inherit_phone\"  data-padding-pos=\"all\" data-has-bg-color=\"false\" data-bg-color=\"\" data-bg-opacity=\"1\" data-animation=\"\" data-delay=\"0\" >\n\t\t<div class=\"vc_column-inner\" >\n\t\t\t<div class=\"wpb_wrapper\">\n\t\t\t\t\n\t\t\t<\/div> \n\t\t<\/div>\n\t<\/div> \n\n\t<div  class=\"vc_col-sm-4 wpb_column column_container vc_column_container col no-extra-padding inherit_tablet inherit_phone\"  data-padding-pos=\"all\" data-has-bg-color=\"false\" data-bg-color=\"\" data-bg-opacity=\"1\" data-animation=\"\" data-delay=\"0\" >\n\t\t<div class=\"vc_column-inner\" >\n\t\t\t<div class=\"wpb_wrapper\">\n\t\t\t\t<div class=\"nectar-fancy-ul\" data-list-icon=\"linecon-icon-settings\" data-animation=\"false\" data-animation-delay=\"0\" data-color=\"accent-color\" data-spacing=\"default\" data-alignment=\"left\"> \n<p style=\"text-align: center;\"><span style=\"color: #008000;\"><em><strong>FRESADORA DE RACK CON PLC<\/strong><\/em><\/span><\/p>\n<ul>\n<li style=\"text-align: center;\"><span style=\"color: #008000;\">Hacer: Knapp.<\/span><\/li>\n<li style=\"text-align: center;\"><span style=\"color: #008000;\">Modelo: Uzfm.<\/span><br \/>\nPaso m\u00e1ximo: Modul 8<\/li>\n<li style=\"text-align: center;\">Hierro fundido de paso m\u00e1ximo: M\u00f3dulo 10<\/li>\n<li style=\"text-align: center;\">Longitud m\u00e1xima: 1750 mm<\/li>\n<li style=\"text-align: center;\">Tama\u00f1o de la mesa: 2100 X 460 mm<\/li>\n<li style=\"text-align: center;\">Movimiento horizontal del cabezal de fresado: 260 mm<\/li>\n<li style=\"text-align: center;\">M\u00ednimo m\u00e1ximo. Altura entre la mesa y el centro del eje: 136 mm \/ 410 mm<\/li>\n<li style=\"text-align: center;\">Rango de alimentaciones variables: 0-300 Mm \/ min<\/li>\n<li style=\"text-align: center;\">Avance r\u00e1pido: 3 M \/ min<\/li>\n<li style=\"text-align: center;\">Rango de velocidades de fresado: 29-178 Rpm<\/li>\n<li style=\"text-align: center;\">Giro del cabezal del husillo (izquierda) Fresado en relieve: 45 grados<\/li>\n<li style=\"text-align: center;\">Giro de la cabeza del husillo (derecha): 30 grados<\/li>\n<li style=\"text-align: center;\">Giro del sill\u00edn a ambos lados (engranaje en espiral): 30 grados<\/li>\n<li style=\"text-align: center;\">Di\u00e1metro del soporte interior del \u00e1rbol: 25-40 mm<\/li>\n<li style=\"text-align: center;\">Max. Con de cortador: 100 mm<\/li>\n<li style=\"text-align: center;\">Di\u00e1metro exterior del cenador: 22-32 mm<\/li>\n<li style=\"text-align: center;\">Ancho m\u00e1ximo de capacidad del cortador exterior: 50 mm<\/li>\n<li style=\"text-align: center;\">Di\u00e1metro m\u00ednimo del cortador: 105 mm<\/li>\n<li style=\"text-align: center;\">Di\u00e1metro m\u00e1ximo del cortador: 165 mm<\/li>\n<li style=\"text-align: center;\">Paso del husillo de indexaci\u00f3n: M\u00f3dulo: 4 = 12,5-66 mm<\/li>\n<li style=\"text-align: center;\">Peso de la m\u00e1quina: 3500 kg<\/li>\n<\/ul>\n <\/div>\n\t\t\t<\/div> \n\t\t<\/div>\n\t<\/div> \n\n\t<div  class=\"vc_col-sm-4 wpb_column column_container vc_column_container col no-extra-padding inherit_tablet inherit_phone\"  data-padding-pos=\"all\" data-has-bg-color=\"false\" data-bg-color=\"\" data-bg-opacity=\"1\" data-animation=\"\" data-delay=\"0\" >\n\t\t<div class=\"vc_column-inner\" >\n\t\t\t<div class=\"wpb_wrapper\">\n\t\t\t\t\n\t\t\t<\/div> \n\t\t<\/div>\n\t<\/div> \n<\/div><\/div>","protected":false},"excerpt":{"rendered":"<p class=\"translation-block\">Aqu\u00ed est\u00e1 nuestra <strong>M\u00c1QUINA DE FRESADO DE CREMALLERA<\/strong><\/p>\n<p>Se encuentra en excelentes condiciones de funcionamiento, para cualquier informaci\u00f3n estamos a su disposici\u00f3n.<\/p>\n<p>https:\/\/www.youtube.com\/watch?v=AQaiQ-yqIHw<\/p>","protected":false},"featured_media":1083,"comment_status":"closed","ping_status":"closed","template":"","meta":[],"product_brand":[],"product_cat":[30],"product_tag":[272,312,280,144,310],"class_list":{"0":"post-1076","1":"product","2":"type-product","3":"status-publish","4":"has-post-thumbnail","6":"product_cat-spline-rack-cutting-milling","7":"product_tag-fresatrice","8":"product_tag-knapp","9":"product_tag-milling-machine","10":"product_tag-rack-cutting","11":"product_tag-rack-milling-machine-with-plc","12":"pa_luogo-india","14":"first","15":"instock","16":"shipping-taxable","17":"product-type-simple"},"_links":{"self":[{"href":"https:\/\/www.laxmiusedmachine.com\/es\/wp-json\/wp\/v2\/product\/1076","targetHints":{"allow":["GET"]}}],"collection":[{"href":"https:\/\/www.laxmiusedmachine.com\/es\/wp-json\/wp\/v2\/product"}],"about":[{"href":"https:\/\/www.laxmiusedmachine.com\/es\/wp-json\/wp\/v2\/types\/product"}],"replies":[{"embeddable":true,"href":"https:\/\/www.laxmiusedmachine.com\/es\/wp-json\/wp\/v2\/comments?post=1076"}],"wp:featuredmedia":[{"embeddable":true,"href":"https:\/\/www.laxmiusedmachine.com\/es\/wp-json\/wp\/v2\/media\/1083"}],"wp:attachment":[{"href":"https:\/\/www.laxmiusedmachine.com\/es\/wp-json\/wp\/v2\/media?parent=1076"}],"wp:term":[{"taxonomy":"product_brand","embeddable":true,"href":"https:\/\/www.laxmiusedmachine.com\/es\/wp-json\/wp\/v2\/product_brand?post=1076"},{"taxonomy":"product_cat","embeddable":true,"href":"https:\/\/www.laxmiusedmachine.com\/es\/wp-json\/wp\/v2\/product_cat?post=1076"},{"taxonomy":"product_tag","embeddable":true,"href":"https:\/\/www.laxmiusedmachine.com\/es\/wp-json\/wp\/v2\/product_tag?post=1076"}],"curies":[{"name":"wp","href":"https:\/\/api.w.org\/{rel}","templated":true}]}}