{"id":10374,"date":"2024-02-19T07:39:49","date_gmt":"2024-02-19T07:39:49","guid":{"rendered":"https:\/\/www.laxmiusedmachine.com\/?post_type=product&#038;p=10374"},"modified":"2024-06-17T07:04:51","modified_gmt":"2024-06-17T07:04:51","slug":"gear-hobbing-cima-p3-ch-2","status":"publish","type":"product","link":"https:\/\/www.laxmiusedmachine.com\/es\/prodotto\/gear-hobbing-cima-p3-ch-2\/","title":{"rendered":"Tallado de engranajes, CIMA \u2013 P3 CH"},"content":{"rendered":"<div id=\"fws_6a09b3dd7d322\"  data-column-margin=\"default\" data-midnight=\"dark\"  class=\"wpb_row vc_row-fluid vc_row\"  style=\"padding-top: 0px; padding-bottom: 0px; \"><div class=\"row-bg-wrap\" data-bg-animation=\"none\" data-bg-animation-delay=\"\" data-bg-overlay=\"false\"><div class=\"inner-wrap row-bg-layer\" ><div class=\"row-bg viewport-desktop\"  style=\"\"><\/div><\/div><\/div><div class=\"row_col_wrap_12 col span_12 dark left\">\n\t<div  class=\"vc_col-sm-4 wpb_column column_container vc_column_container col no-extra-padding inherit_tablet inherit_phone\"  data-padding-pos=\"all\" data-has-bg-color=\"false\" data-bg-color=\"\" data-bg-opacity=\"1\" data-animation=\"\" data-delay=\"0\" >\n\t\t<div class=\"vc_column-inner\" >\n\t\t\t<div class=\"wpb_wrapper\">\n\t\t\t\t\n\t\t\t<\/div> \n\t\t<\/div>\n\t<\/div> \n\n\t<div  class=\"vc_col-sm-4 wpb_column column_container vc_column_container col no-extra-padding inherit_tablet inherit_phone\"  data-padding-pos=\"all\" data-has-bg-color=\"false\" data-bg-color=\"\" data-bg-opacity=\"1\" data-animation=\"\" data-delay=\"0\" >\n\t\t<div class=\"vc_column-inner\" >\n\t\t\t<div class=\"wpb_wrapper\">\n\t\t\t\t<div class=\"nectar-fancy-ul\" data-list-icon=\"linecon-icon-settings\" data-animation=\"false\" data-animation-delay=\"0\" data-color=\"accent-color\" data-spacing=\"default\" data-alignment=\"left\"> \n<p class=\"p1\" style=\"text-align: center;\"><b>GENERADORA DE ENGRANAJES<\/b><\/p>\n<ul style=\"text-align: center;\">\n<li class=\"p1\"><b>Hacer:<\/b>\u00a0Cima<\/li>\n<li class=\"p1\"><b>Modelo:<\/b>\u00a0P3 CH<\/li>\n<li class=\"p1\"><b>Di\u00e1metro m\u00e1ximo del engranaje:<\/b> 150 mil\u00edmetros<\/li>\n<li class=\"p1\"><i class=\"icon-default-style linecon-icon-settings accent-color\"><\/i><b>M\u00f3dulo m\u00e1ximo:<\/b> 3<\/li>\n<li class=\"p1\"><i class=\"icon-default-style linecon-icon-settings accent-color\"><\/i><b>N\u00famero m\u00ednimo de dientes:<\/b>\u00a04<\/li>\n<li class=\"p1\"><i class=\"icon-default-style linecon-icon-settings accent-color\"><\/i><b>Di\u00e1metro m\u00e1ximo de la placa de cocci\u00f3n:<\/b> 75mm<\/li>\n<li class=\"p1\"><i class=\"icon-default-style linecon-icon-settings accent-color\"><\/i><b>Longitud m\u00e1xima de la placa de cocci\u00f3n:<\/b> 100 mil\u00edmetros<\/li>\n<li class=\"p1\"><i class=\"icon-default-style linecon-icon-settings accent-color\"><\/i><b>Carrera m\u00e1xima:<\/b> 80 mil\u00edmetros<\/li>\n<li class=\"p1\"><i class=\"icon-default-style linecon-icon-settings accent-color\"><\/i><b>Di\u00e1metro interior de la mesa:<\/b> 32 mil\u00edmetros<\/li>\n<\/ul>\n<p class=\"p2\" style=\"text-align: center;\"><b>Otra informaci\u00f3n:<br \/>\n<\/b>La m\u00e1quina est\u00e1 en excelentes condiciones y est\u00e1 completa en todas sus partes y accesorios.<\/p>\n <\/div>\n\t\t\t<\/div> \n\t\t<\/div>\n\t<\/div> \n\n\t<div  class=\"vc_col-sm-4 wpb_column column_container vc_column_container col no-extra-padding inherit_tablet inherit_phone\"  data-padding-pos=\"all\" data-has-bg-color=\"false\" data-bg-color=\"\" data-bg-opacity=\"1\" data-animation=\"\" data-delay=\"0\" >\n\t\t<div class=\"vc_column-inner\" >\n\t\t\t<div class=\"wpb_wrapper\">\n\t\t\t\t\n\t\t\t<\/div> \n\t\t<\/div>\n\t<\/div> \n<\/div><\/div>","protected":false},"excerpt":{"rendered":"<p>Aqu\u00ed est\u00e1 nuestra\u00a0<strong>GENERADORA DE ENGRANAJES<\/strong><\/p>\n<p>Se encuentra en excelentes condiciones de funcionamiento, para cualquier informaci\u00f3n estamos a su disposici\u00f3n.<\/p>","protected":false},"featured_media":10375,"comment_status":"closed","ping_status":"closed","template":"","meta":[],"product_brand":[],"product_cat":[18],"product_tag":[180,232,1216,1217],"class_list":{"0":"post-10374","1":"product","2":"type-product","3":"status-publish","4":"has-post-thumbnail","6":"product_cat-gear-hobbing-machines","7":"product_tag-cima","8":"product_tag-gear-hobbing","9":"product_tag-p3-ch","10":"product_tag-p3ch","11":"pa_luogo-india","13":"first","14":"instock","15":"shipping-taxable","16":"product-type-simple"},"_links":{"self":[{"href":"https:\/\/www.laxmiusedmachine.com\/es\/wp-json\/wp\/v2\/product\/10374","targetHints":{"allow":["GET"]}}],"collection":[{"href":"https:\/\/www.laxmiusedmachine.com\/es\/wp-json\/wp\/v2\/product"}],"about":[{"href":"https:\/\/www.laxmiusedmachine.com\/es\/wp-json\/wp\/v2\/types\/product"}],"replies":[{"embeddable":true,"href":"https:\/\/www.laxmiusedmachine.com\/es\/wp-json\/wp\/v2\/comments?post=10374"}],"wp:featuredmedia":[{"embeddable":true,"href":"https:\/\/www.laxmiusedmachine.com\/es\/wp-json\/wp\/v2\/media\/10375"}],"wp:attachment":[{"href":"https:\/\/www.laxmiusedmachine.com\/es\/wp-json\/wp\/v2\/media?parent=10374"}],"wp:term":[{"taxonomy":"product_brand","embeddable":true,"href":"https:\/\/www.laxmiusedmachine.com\/es\/wp-json\/wp\/v2\/product_brand?post=10374"},{"taxonomy":"product_cat","embeddable":true,"href":"https:\/\/www.laxmiusedmachine.com\/es\/wp-json\/wp\/v2\/product_cat?post=10374"},{"taxonomy":"product_tag","embeddable":true,"href":"https:\/\/www.laxmiusedmachine.com\/es\/wp-json\/wp\/v2\/product_tag?post=10374"}],"curies":[{"name":"wp","href":"https:\/\/api.w.org\/{rel}","templated":true}]}}